{"id":2489,"date":"2022-05-30T10:31:52","date_gmt":"2022-05-30T10:31:52","guid":{"rendered":"https:\/\/air-marine-int.com\/services\/"},"modified":"2025-10-16T10:08:47","modified_gmt":"2025-10-16T10:08:47","slug":"serveis","status":"publish","type":"page","link":"https:\/\/air-marine-int.com\/ca\/serveis\/","title":{"rendered":"Serveis"},"content":{"rendered":"<div id='av_section_1'  class='avia-section av-av_section-a5bb92af5cbc65a77be789e0dbf47f69 main_color avia-section-default avia-no-border-styling  avia-builder-el-0  avia-builder-el-no-sibling  avia-bg-style-scroll container_wrap fullsize'  ><div class='container av-section-cont-open' ><main  role=\"main\" itemprop=\"mainContentOfPage\"  class='template-page content  av-content-full alpha units'><div class='post-entry post-entry-type-page post-entry-2489'><div class='entry-content-wrapper clearfix'>\n<div  class='flex_column av-av_one_full-4453fbc7e8da734fe9d5824da1c72891 av_one_full  avia-builder-el-1  el_before_av_horizontal_gallery  avia-builder-el-no-sibling  first flex_column_div  '     ><section  class='av_textblock_section av-mgjiuzte-a1c61e8f30b9840241a239f2fd1d04ec '   itemscope=\"itemscope\" itemtype=\"https:\/\/schema.org\/CreativeWork\" ><div class='avia_textblock'  itemprop=\"text\" ><h2 style=\"text-align: center; font-size: 30pt; color: #5cc1b9;\">SERVEIS<\/h2>\n<p style=\"text-align: center; font-size: 15pt;\">Oferim una \u00e0mplia gamma de serveis de transport m\u00e8dic adaptats a cada necessitat, sempre amb la m\u00e0xima seguretat, rapidesa i confort per al pacient.<\/p>\n<\/div><\/section><\/div>\n<style type=\"text\/css\" data-created_by=\"avia_inline_auto\" id=\"style-css-av-mgt9c1ju-9cab8a1276fb4b9ce457f955e1e6e80b\">\n.av-horizontal-gallery.av-mgt9c1ju-9cab8a1276fb4b9ce457f955e1e6e80b{\npadding:3.75% 0px;;\n}\n.av-horizontal-gallery.av-mgt9c1ju-9cab8a1276fb4b9ce457f955e1e6e80b .av-horizontal-gallery-inner{\npadding-bottom:25%;\n}\n<\/style>\n<div  class='av-horizontal-gallery av-mgt9c1ju-9cab8a1276fb4b9ce457f955e1e6e80b av-horizontal-gallery-1px-gap av-horizontal-gallery-enlarge-effect  avia-builder-el-3  el_after_av_one_full  avia-builder-el-last  av-slideshow-ui av-control-minimal av-slideshow-autoplay av-loop-endless av-loop-manual-once av-horizontal-gallery-1' data-slideshow-data=\"{&quot;enlarge&quot;:1.3,&quot;animation&quot;:&quot;slide&quot;,&quot;autoplay&quot;:true,&quot;loop_autoplay&quot;:&quot;endless&quot;,&quot;interval&quot;:2,&quot;loop_manual&quot;:&quot;manual-once&quot;,&quot;autoplay_stopper&quot;:false,&quot;noNavigation&quot;:false,&quot;bg_slider&quot;:false,&quot;keep_padding&quot;:&quot;&quot;,&quot;hoverpause&quot;:false,&quot;show_slide_delay&quot;:0}\"  itemprop=\"image\" itemscope=\"itemscope\" itemtype=\"https:\/\/schema.org\/ImageObject\" ><div class='avia-slideshow-arrows avia-slideshow-controls' ><a href='#prev' class='prev-slide av-horizontal-gallery-prev avia-svg-icon avia-font-svg_entypo-fontello' data-av_svg_icon='left-open-big' data-av_iconset='svg_entypo-fontello' tabindex='-1' title=\"Anterior\"><svg version=\"1.1\" xmlns=\"http:\/\/www.w3.org\/2000\/svg\" width=\"15\" height=\"32\" viewBox=\"0 0 15 32\" preserveAspectRatio=\"xMidYMid meet\" aria-labelledby='av-svg-title-1' aria-describedby='av-svg-desc-1' role=\"graphics-symbol\" aria-hidden=\"true\">\n<title id='av-svg-title-1'>Anterior<\/title>\n<desc id='av-svg-desc-1'>Anterior<\/desc>\n<path d=\"M14.464 27.84q0.832 0.832 0 1.536-0.832 0.832-1.536 0l-12.544-12.608q-0.768-0.768 0-1.6l12.544-12.608q0.704-0.832 1.536 0 0.832 0.704 0 1.536l-11.456 11.904z\"><\/path>\n<\/svg><span class='avia_hidden_link_text'>Anterior<\/span><\/a><a href='#next' class='next-slide av-horizontal-gallery-next avia-svg-icon avia-font-svg_entypo-fontello' data-av_svg_icon='right-open-big' data-av_iconset='svg_entypo-fontello' tabindex='-1' title=\"Seg\u00fcent\"><svg version=\"1.1\" xmlns=\"http:\/\/www.w3.org\/2000\/svg\" width=\"15\" height=\"32\" viewBox=\"0 0 15 32\" preserveAspectRatio=\"xMidYMid meet\" aria-labelledby='av-svg-title-2' aria-describedby='av-svg-desc-2' role=\"graphics-symbol\" aria-hidden=\"true\">\n<title id='av-svg-title-2'>Seg\u00fcent<\/title>\n<desc id='av-svg-desc-2'>Seg\u00fcent<\/desc>\n<path d=\"M0.416 27.84l11.456-11.84-11.456-11.904q-0.832-0.832 0-1.536 0.832-0.832 1.536 0l12.544 12.608q0.768 0.832 0 1.6l-12.544 12.608q-0.704 0.832-1.536 0-0.832-0.704 0-1.536z\"><\/path>\n<\/svg><span class='avia_hidden_link_text'>Seg\u00fcent<\/span><\/a><\/div><div class='avia-slideshow-dots avia-slideshow-controls av-horizontal-gallery-dots fade-in'><a href='#1' class='goto-slide active' >1<\/a><a href='#2' class='goto-slide ' >2<\/a><a href='#3' class='goto-slide ' >3<\/a><a href='#4' class='goto-slide ' >4<\/a><\/div><div class='av-horizontal-gallery-inner' data-av-height='25'><div class=\"av-horizontal-gallery-slider\"><div class=\"av-horizontal-gallery-wrap noHover\"><a href=\"https:\/\/air-marine-int.com\/ca\/serveis\/aeromedical-transport\/\"><img decoding=\"async\" fetchpriority=\"high\" class='wp-image-3588 avia-img-lazy-loading-not-3588 av-horizontal-gallery-img' width=\"1000\" height=\"800\" src=\"https:\/\/air-marine-int.com\/wp-content\/uploads\/2025\/10\/FotoAccessos-Web2025AirMarine-AeromedicalTipo.png\" title='Click to show details - FotoAccessos-Web2025AirMarine-AeromedicalTipo' alt='' srcset=\"https:\/\/air-marine-int.com\/wp-content\/uploads\/2025\/10\/FotoAccessos-Web2025AirMarine-AeromedicalTipo.png 1000w, https:\/\/air-marine-int.com\/wp-content\/uploads\/2025\/10\/FotoAccessos-Web2025AirMarine-AeromedicalTipo-300x240.png 300w, https:\/\/air-marine-int.com\/wp-content\/uploads\/2025\/10\/FotoAccessos-Web2025AirMarine-AeromedicalTipo-768x614.png 768w, https:\/\/air-marine-int.com\/wp-content\/uploads\/2025\/10\/FotoAccessos-Web2025AirMarine-AeromedicalTipo-705x564.png 705w\" sizes=\"(max-width: 1000px) 100vw, 1000px\" \/><\/a><\/div><div class=\"av-horizontal-gallery-wrap noHover\"><a href=\"https:\/\/air-marine-int.com\/ca\/serveis\/evacuacio-medica-tractament-i-repatriacio-de-persones-en-el-mar\/\"><img decoding=\"async\" fetchpriority=\"high\" class='wp-image-3617 avia-img-lazy-loading-not-3617 av-horizontal-gallery-img' width=\"1000\" height=\"800\" src=\"https:\/\/air-marine-int.com\/wp-content\/uploads\/2025\/10\/FotoAccessos-Marine-Web2025AirMarine.png\" title='Click to show details - FotoAccessos-Marine-Web2025AirMarine' alt='' srcset=\"https:\/\/air-marine-int.com\/wp-content\/uploads\/2025\/10\/FotoAccessos-Marine-Web2025AirMarine.png 1000w, https:\/\/air-marine-int.com\/wp-content\/uploads\/2025\/10\/FotoAccessos-Marine-Web2025AirMarine-300x240.png 300w, https:\/\/air-marine-int.com\/wp-content\/uploads\/2025\/10\/FotoAccessos-Marine-Web2025AirMarine-768x614.png 768w, https:\/\/air-marine-int.com\/wp-content\/uploads\/2025\/10\/FotoAccessos-Marine-Web2025AirMarine-705x564.png 705w\" sizes=\"(max-width: 1000px) 100vw, 1000px\" \/><\/a><\/div><div class=\"av-horizontal-gallery-wrap noHover\"><a href=\"https:\/\/air-marine-int.com\/ca\/serveis\/rescat-i-formacio\/\"><img decoding=\"async\" fetchpriority=\"high\" class='wp-image-3614 avia-img-lazy-loading-not-3614 av-horizontal-gallery-img' width=\"1000\" height=\"800\" src=\"https:\/\/air-marine-int.com\/wp-content\/uploads\/2025\/10\/FotoAccessos-Formacio-Web2025AirMarine.png\" title='Click to show details - FotoAccessos-Formacio\u0301-Web2025AirMarine' alt='' srcset=\"https:\/\/air-marine-int.com\/wp-content\/uploads\/2025\/10\/FotoAccessos-Formacio-Web2025AirMarine.png 1000w, https:\/\/air-marine-int.com\/wp-content\/uploads\/2025\/10\/FotoAccessos-Formacio-Web2025AirMarine-300x240.png 300w, https:\/\/air-marine-int.com\/wp-content\/uploads\/2025\/10\/FotoAccessos-Formacio-Web2025AirMarine-768x614.png 768w, https:\/\/air-marine-int.com\/wp-content\/uploads\/2025\/10\/FotoAccessos-Formacio-Web2025AirMarine-705x564.png 705w\" sizes=\"(max-width: 1000px) 100vw, 1000px\" \/><\/a><\/div><div class=\"av-horizontal-gallery-wrap noHover\"><a href=\"https:\/\/air-marine-int.com\/ca\/serveis\/suport-medic-personal-dedicat-per-al-turisme-vip\/\"><img decoding=\"async\" fetchpriority=\"high\" class='wp-image-3620 avia-img-lazy-loading-not-3620 av-horizontal-gallery-img' width=\"1000\" height=\"800\" src=\"https:\/\/air-marine-int.com\/wp-content\/uploads\/2025\/10\/FotoAccessos-VIP-Web2025AirMarine.png\" title='Click to show details - FotoAccessos-VIP-Web2025AirMarine' alt='' srcset=\"https:\/\/air-marine-int.com\/wp-content\/uploads\/2025\/10\/FotoAccessos-VIP-Web2025AirMarine.png 1000w, https:\/\/air-marine-int.com\/wp-content\/uploads\/2025\/10\/FotoAccessos-VIP-Web2025AirMarine-300x240.png 300w, https:\/\/air-marine-int.com\/wp-content\/uploads\/2025\/10\/FotoAccessos-VIP-Web2025AirMarine-768x614.png 768w, https:\/\/air-marine-int.com\/wp-content\/uploads\/2025\/10\/FotoAccessos-VIP-Web2025AirMarine-705x564.png 705w\" sizes=\"(max-width: 1000px) 100vw, 1000px\" \/><\/a><\/div><\/div><\/div><\/div>\n\n","protected":false},"excerpt":{"rendered":"","protected":false},"author":2,"featured_media":0,"parent":0,"menu_order":0,"comment_status":"closed","ping_status":"closed","template":"","meta":{"_acf_changed":false,"footnotes":""},"class_list":["post-2489","page","type-page","status-publish","hentry"],"acf":[],"yoast_head":"<!-- This site is optimized with the Yoast SEO plugin v27.4 - https:\/\/yoast.com\/product\/yoast-seo-wordpress\/ -->\n<title>Serveis - Air Marine Int<\/title>\n<meta name=\"robots\" content=\"index, follow, max-snippet:-1, max-image-preview:large, max-video-preview:-1\" \/>\n<link rel=\"canonical\" href=\"https:\/\/air-marine-int.com\/ca\/serveis\/\" \/>\n<meta property=\"og:locale\" content=\"ca_ES\" \/>\n<meta property=\"og:type\" content=\"article\" \/>\n<meta property=\"og:title\" content=\"Serveis - Air Marine Int\" \/>\n<meta property=\"og:url\" content=\"https:\/\/air-marine-int.com\/ca\/serveis\/\" \/>\n<meta property=\"og:site_name\" content=\"Air Marine Int\" \/>\n<meta property=\"article:modified_time\" content=\"2025-10-16T10:08:47+00:00\" \/>\n<meta name=\"twitter:card\" content=\"summary_large_image\" \/>\n<meta name=\"twitter:label1\" content=\"Temps estimat de lectura\" \/>\n\t<meta name=\"twitter:data1\" content=\"2 minuts\" \/>\n<script type=\"application\/ld+json\" class=\"yoast-schema-graph\">{\"@context\":\"https:\\\/\\\/schema.org\",\"@graph\":[{\"@type\":\"WebPage\",\"@id\":\"https:\\\/\\\/air-marine-int.com\\\/ca\\\/serveis\\\/\",\"url\":\"https:\\\/\\\/air-marine-int.com\\\/ca\\\/serveis\\\/\",\"name\":\"Serveis - Air Marine Int\",\"isPartOf\":{\"@id\":\"https:\\\/\\\/air-marine-int.com\\\/ca\\\/#website\"},\"datePublished\":\"2022-05-30T10:31:52+00:00\",\"dateModified\":\"2025-10-16T10:08:47+00:00\",\"breadcrumb\":{\"@id\":\"https:\\\/\\\/air-marine-int.com\\\/ca\\\/serveis\\\/#breadcrumb\"},\"inLanguage\":\"ca\",\"potentialAction\":[{\"@type\":\"ReadAction\",\"target\":[\"https:\\\/\\\/air-marine-int.com\\\/ca\\\/serveis\\\/\"]}]},{\"@type\":\"BreadcrumbList\",\"@id\":\"https:\\\/\\\/air-marine-int.com\\\/ca\\\/serveis\\\/#breadcrumb\",\"itemListElement\":[{\"@type\":\"ListItem\",\"position\":1,\"name\":\"Portada\",\"item\":\"https:\\\/\\\/air-marine-int.com\\\/ca\\\/home\\\/\"},{\"@type\":\"ListItem\",\"position\":2,\"name\":\"Serveis\"}]},{\"@type\":\"WebSite\",\"@id\":\"https:\\\/\\\/air-marine-int.com\\\/ca\\\/#website\",\"url\":\"https:\\\/\\\/air-marine-int.com\\\/ca\\\/\",\"name\":\"Air Marine Int\",\"description\":\"Just another WordPress site\",\"potentialAction\":[{\"@type\":\"SearchAction\",\"target\":{\"@type\":\"EntryPoint\",\"urlTemplate\":\"https:\\\/\\\/air-marine-int.com\\\/ca\\\/?s={search_term_string}\"},\"query-input\":{\"@type\":\"PropertyValueSpecification\",\"valueRequired\":true,\"valueName\":\"search_term_string\"}}],\"inLanguage\":\"ca\"}]}<\/script>\n<!-- \/ Yoast SEO plugin. -->","yoast_head_json":{"title":"Serveis - Air Marine Int","robots":{"index":"index","follow":"follow","max-snippet":"max-snippet:-1","max-image-preview":"max-image-preview:large","max-video-preview":"max-video-preview:-1"},"canonical":"https:\/\/air-marine-int.com\/ca\/serveis\/","og_locale":"ca_ES","og_type":"article","og_title":"Serveis - Air Marine Int","og_url":"https:\/\/air-marine-int.com\/ca\/serveis\/","og_site_name":"Air Marine Int","article_modified_time":"2025-10-16T10:08:47+00:00","twitter_card":"summary_large_image","twitter_misc":{"Temps estimat de lectura":"2 minuts"},"schema":{"@context":"https:\/\/schema.org","@graph":[{"@type":"WebPage","@id":"https:\/\/air-marine-int.com\/ca\/serveis\/","url":"https:\/\/air-marine-int.com\/ca\/serveis\/","name":"Serveis - Air Marine Int","isPartOf":{"@id":"https:\/\/air-marine-int.com\/ca\/#website"},"datePublished":"2022-05-30T10:31:52+00:00","dateModified":"2025-10-16T10:08:47+00:00","breadcrumb":{"@id":"https:\/\/air-marine-int.com\/ca\/serveis\/#breadcrumb"},"inLanguage":"ca","potentialAction":[{"@type":"ReadAction","target":["https:\/\/air-marine-int.com\/ca\/serveis\/"]}]},{"@type":"BreadcrumbList","@id":"https:\/\/air-marine-int.com\/ca\/serveis\/#breadcrumb","itemListElement":[{"@type":"ListItem","position":1,"name":"Portada","item":"https:\/\/air-marine-int.com\/ca\/home\/"},{"@type":"ListItem","position":2,"name":"Serveis"}]},{"@type":"WebSite","@id":"https:\/\/air-marine-int.com\/ca\/#website","url":"https:\/\/air-marine-int.com\/ca\/","name":"Air Marine Int","description":"Just another WordPress site","potentialAction":[{"@type":"SearchAction","target":{"@type":"EntryPoint","urlTemplate":"https:\/\/air-marine-int.com\/ca\/?s={search_term_string}"},"query-input":{"@type":"PropertyValueSpecification","valueRequired":true,"valueName":"search_term_string"}}],"inLanguage":"ca"}]}},"_links":{"self":[{"href":"https:\/\/air-marine-int.com\/ca\/wp-json\/wp\/v2\/pages\/2489","targetHints":{"allow":["GET"]}}],"collection":[{"href":"https:\/\/air-marine-int.com\/ca\/wp-json\/wp\/v2\/pages"}],"about":[{"href":"https:\/\/air-marine-int.com\/ca\/wp-json\/wp\/v2\/types\/page"}],"author":[{"embeddable":true,"href":"https:\/\/air-marine-int.com\/ca\/wp-json\/wp\/v2\/users\/2"}],"replies":[{"embeddable":true,"href":"https:\/\/air-marine-int.com\/ca\/wp-json\/wp\/v2\/comments?post=2489"}],"version-history":[{"count":0,"href":"https:\/\/air-marine-int.com\/ca\/wp-json\/wp\/v2\/pages\/2489\/revisions"}],"wp:attachment":[{"href":"https:\/\/air-marine-int.com\/ca\/wp-json\/wp\/v2\/media?parent=2489"}],"curies":[{"name":"wp","href":"https:\/\/api.w.org\/{rel}","templated":true}]}}