{"id":2504,"date":"2022-06-23T08:23:12","date_gmt":"2022-06-23T08:23:12","guid":{"rendered":"https:\/\/air-marine-int.com\/serveis\/personal-dedicated-medical-escort-support-for-vip-tourism\/"},"modified":"2025-10-13T07:51:13","modified_gmt":"2025-10-13T07:51:13","slug":"suport-medic-personal-dedicat-per-al-turisme-vip","status":"publish","type":"page","link":"https:\/\/air-marine-int.com\/ca\/serveis\/suport-medic-personal-dedicat-per-al-turisme-vip\/","title":{"rendered":"SUPORT M\u00c8DIC PERSONAL \/ DEDICAT PER AL TURISME VIP"},"content":{"rendered":"<div id='av-layout-grid-1'  class='av-layout-grid-container av-av_layout_row-c44cf798658cb0f53c0de6369081d089 entry-content-wrapper main_color av-flex-cells  avia-builder-el-0  el_before_av_section  avia-builder-el-first   container_wrap fullsize'  >\n\n<style type=\"text\/css\" data-created_by=\"avia_inline_auto\" id=\"style-css-av-av_cell_two_fifth-a8c3aa805ed193c85b3629f3f1d70413\">\n.flex_cell.av-av_cell_two_fifth-a8c3aa805ed193c85b3629f3f1d70413{\nvertical-align:middle;\nbackground-color:rgba(92,193,185,0.2);\n}\n<\/style>\n<div class='flex_cell av-av_cell_two_fifth-a8c3aa805ed193c85b3629f3f1d70413 av-gridrow-cell av_two_fifth no_margin  avia-builder-el-1  el_before_av_cell_three_fifth  avia-builder-el-first  content-align-middle avia-full-contain'  ><div class='flex_cell_inner'><div  class='flex_column av-av_one_full-4453fbc7e8da734fe9d5824da1c72891 av_one_full  avia-builder-el-2  avia-builder-el-no-sibling  first flex_column_div  '     ><style type=\"text\/css\" data-created_by=\"avia_inline_auto\" id=\"style-css-av-mgou3k81-3e6e396fd73ad2bc26c832410680a4d9\">\n.avia-image-container.av-mgou3k81-3e6e396fd73ad2bc26c832410680a4d9 img.avia_image{\nbox-shadow:none;\n}\n.avia-image-container.av-mgou3k81-3e6e396fd73ad2bc26c832410680a4d9 .av-image-caption-overlay-center{\ncolor:#ffffff;\n}\n<\/style>\n<div  class='avia-image-container av-mgou3k81-3e6e396fd73ad2bc26c832410680a4d9 av-styling- avia-align-center  avia-builder-el-3  avia-builder-el-no-sibling '   itemprop=\"image\" itemscope=\"itemscope\" itemtype=\"https:\/\/schema.org\/ImageObject\" ><div class=\"avia-image-container-inner\"><div class=\"avia-image-overlay-wrap\"><img decoding=\"async\" fetchpriority=\"high\" class='wp-image-3494 avia-img-lazy-loading-not-3494 avia_image ' src=\"https:\/\/air-marine-int.com\/wp-content\/uploads\/2025\/10\/FotoTitular-VIP-AirMarine.png\" alt='' title='FotoTitular-VIP-AirMarine'  height=\"800\" width=\"800\"  itemprop=\"thumbnailUrl\" srcset=\"https:\/\/air-marine-int.com\/wp-content\/uploads\/2025\/10\/FotoTitular-VIP-AirMarine.png 800w, https:\/\/air-marine-int.com\/wp-content\/uploads\/2025\/10\/FotoTitular-VIP-AirMarine-300x300.png 300w, https:\/\/air-marine-int.com\/wp-content\/uploads\/2025\/10\/FotoTitular-VIP-AirMarine-80x80.png 80w, https:\/\/air-marine-int.com\/wp-content\/uploads\/2025\/10\/FotoTitular-VIP-AirMarine-768x768.png 768w, https:\/\/air-marine-int.com\/wp-content\/uploads\/2025\/10\/FotoTitular-VIP-AirMarine-36x36.png 36w, https:\/\/air-marine-int.com\/wp-content\/uploads\/2025\/10\/FotoTitular-VIP-AirMarine-180x180.png 180w, https:\/\/air-marine-int.com\/wp-content\/uploads\/2025\/10\/FotoTitular-VIP-AirMarine-705x705.png 705w\" sizes=\"(max-width: 800px) 100vw, 800px\" \/><\/div><\/div><\/div><\/div>\n<\/div><\/div>\n<style type=\"text\/css\" data-created_by=\"avia_inline_auto\" id=\"style-css-av-av_cell_three_fifth-a8c3aa805ed193c85b3629f3f1d70413\">\n.flex_cell.av-av_cell_three_fifth-a8c3aa805ed193c85b3629f3f1d70413{\nvertical-align:middle;\nbackground-color:rgba(92,193,185,0.2);\n}\n<\/style>\n<div class='flex_cell av-av_cell_three_fifth-a8c3aa805ed193c85b3629f3f1d70413 av-gridrow-cell av_three_fifth no_margin  avia-builder-el-4  el_after_av_cell_two_fifth  avia-builder-el-last  content-align-middle avia-full-contain'  ><div class='flex_cell_inner'><div  class='flex_column av-av_one_full-a93934ecd89fbb8a9566d39e89cd3725 av_one_full  avia-builder-el-5  avia-builder-el-no-sibling  first flex_column_div  '     ><section  class='av_textblock_section av-mgosjs58-058800aa86d7bbbdcdb2287d711f4990 '   itemscope=\"itemscope\" itemtype=\"https:\/\/schema.org\/CreativeWork\" ><div class='avia_textblock'  itemprop=\"text\" ><h1 style=\"text-align: center; font-size: 40pt; color: #5cc1b9;\">SUPORT M\u00c8DIC PERSONAL \/ DEDICAT PER AL TURISME VIP<\/h1>\n<\/div><\/section><br \/>\n<section  class='av_textblock_section av-mgosk1zd-066342cc752b9d2af217ab9f752e4a09 '   itemscope=\"itemscope\" itemtype=\"https:\/\/schema.org\/CreativeWork\" ><div class='avia_textblock'  itemprop=\"text\" ><h2 style=\"text-align: center; font-weight: 500;\">Escorta M\u00e8dica per a Vips o Empreses<\/h2>\n<\/div><\/section><br \/>\n<section  class='av_textblock_section av-mgoskc7g-b49cae364b81d6f56914d1d54511d5bc '   itemscope=\"itemscope\" itemtype=\"https:\/\/schema.org\/CreativeWork\" ><div class='avia_textblock'  itemprop=\"text\" ><p style=\"text-align: center; font-size: 15pt;\">Aeromedical and Marine TRI, SL ofereix el servei d&#8217;atenci\u00f3 m\u00e8dica, especialment escorta de viatges, per a VIPs individuals, turistes i personal.<\/p>\n<\/div><\/section><\/p><\/div>\n<\/div><\/div><\/div><div id='av_section_1'  class='avia-section av-av_section-a5bb92af5cbc65a77be789e0dbf47f69 main_color avia-section-default avia-no-border-styling  avia-builder-el-9  el_after_av_layout_row  avia-builder-el-last  avia-bg-style-scroll container_wrap fullsize'  ><div class='container av-section-cont-open' ><div class='template-page content  av-content-full alpha units'><div class='post-entry post-entry-type-page post-entry-2504'><div class='entry-content-wrapper clearfix'>\n<div  class='flex_column av-av_one_full-a93934ecd89fbb8a9566d39e89cd3725 av_one_full  avia-builder-el-10  el_before_av_one_full  avia-builder-el-first  first flex_column_div  '     ><style type=\"text\/css\" data-created_by=\"avia_inline_auto\" id=\"style-css-av-mgosp2pa-4de5e495946a186b491e25623810c113\">\n#top .av_textblock_section.av-mgosp2pa-4de5e495946a186b491e25623810c113 .avia_textblock{\nfont-size:15px;\n}\n<\/style>\n<section  class='av_textblock_section av-mgosp2pa-4de5e495946a186b491e25623810c113 '   itemscope=\"itemscope\" itemtype=\"https:\/\/schema.org\/CreativeWork\" ><div class='avia_textblock'  itemprop=\"text\" ><blockquote>\n<p style=\"text-align: center;\">El nostre personal sanitari professional ofereix assist\u00e8ncia m\u00e8dica integral amb total privacitat i discreci\u00f3.<\/p>\n<\/blockquote>\n<\/div><\/section><br \/>\n\n<style type=\"text\/css\" data-created_by=\"avia_inline_auto\" id=\"style-css-av-av_hr-02349c1beab2949c090bc0e85b87d63d\">\n#top .hr.hr-invisible.av-av_hr-02349c1beab2949c090bc0e85b87d63d{\nheight:20px;\n}\n<\/style>\n<div  class='hr av-av_hr-02349c1beab2949c090bc0e85b87d63d hr-invisible  avia-builder-el-12  el_after_av_textblock  el_before_av_textblock '><span class='hr-inner '><span class=\"hr-inner-style\"><\/span><\/span><\/div><br \/>\n<section  class='av_textblock_section av-mgospk57-1231492b17b75a60c7c6394b3890ee81 '   itemscope=\"itemscope\" itemtype=\"https:\/\/schema.org\/CreativeWork\" ><div class='avia_textblock'  itemprop=\"text\" ><p style=\"text-align: left;\">Organitzem la teva estada i gestionem la teva intervenci\u00f3\/tractament quir\u00fargic perqu\u00e8 no hagis de preocupar-te. La teva recuperaci\u00f3 ser\u00e0 com unes vacances, i estarem aqu\u00ed per ajudar-te a fer-ho. Podem proporcionar visites m\u00e8diques immediates directament a la teva habitaci\u00f3 d&#8217;hotel\/allotjament.<\/p>\n<\/div><\/section><\/p><\/div><div  class='flex_column av-tfbil-8df82551255116c3add63430cf8b8e6d av_one_full  avia-builder-el-14  el_after_av_one_full  el_before_av_one_half  first flex_column_div  column-top-margin'     ><style type=\"text\/css\" data-created_by=\"avia_inline_auto\" id=\"style-css-av-l4qrb2pb-7594fa86194f7c5c8f1c831ee8a44674\">\n#top .av_textblock_section.av-l4qrb2pb-7594fa86194f7c5c8f1c831ee8a44674 .avia_textblock{\nfont-size:15px;\n}\n<\/style>\n<section  class='av_textblock_section av-l4qrb2pb-7594fa86194f7c5c8f1c831ee8a44674 '   itemscope=\"itemscope\" itemtype=\"https:\/\/schema.org\/CreativeWork\" ><div class='avia_textblock'  itemprop=\"text\" ><h3 style=\"text-align: center;\">Els nostres serveis inclouen:<\/h3>\n<\/div><\/section><\/div><div  class='flex_column av-av_one_half-a93934ecd89fbb8a9566d39e89cd3725 av_one_half  avia-builder-el-16  el_after_av_one_full  el_before_av_one_half  first flex_column_div  column-top-margin'     ><section  class='av_textblock_section av-av_textblock-7fa0f915a031f38e6ad3c6ca97d129bf '   itemscope=\"itemscope\" itemtype=\"https:\/\/schema.org\/CreativeWork\" ><div class='avia_textblock'  itemprop=\"text\" ><article class=\"article-icon-entry av-iconlist-empty\">\n<div class=\"iconlist_content_wrap\">\n<header class=\"entry-content-header\" aria-label=\"Icon: ASSIST\u00c8NCIA PERSONALITZADA AL PACIENT INTERNACIONAL (ACOMPANYAMENT I TRADUCCI\u00d3)\">\n<ul>\n<li class=\"av_iconlist_title iconlist_title \">ASSIST\u00c8NCIA PERSONALITZADA AL PACIENT INTERNACIONAL (ACOMPANYAMENT I TRADUCCI\u00d3)<\/li>\n<li class=\"av_iconlist_title iconlist_title \">ORGANITZACI\u00d3 DEL TRASLLAT A LA CL\u00cdNICA<\/li>\n<li class=\"av_iconlist_title iconlist_title \">ALLOTJAMENT EN HOTELS D\u2019ALTA QUALITAT<\/li>\n<li class=\"av_iconlist_title iconlist_title \">SERVEI D\u2019EMERG\u00c8NCIA LES 24 HORES PER A QUALSEVOL PROBLEMA DE SALUT<\/li>\n<\/ul>\n<\/header>\n<\/div>\n<\/article>\n<\/div><\/section><\/div><div  class='flex_column av-n0f0l-ac76160cf2326f6cefd37f703d79c11f av_one_half  avia-builder-el-18  el_after_av_one_half  el_before_av_one_full  flex_column_div  column-top-margin'     ><section  class='av_textblock_section av-mgoteu3n-78a2b09d0893037a3c04a43a919ab75a '   itemscope=\"itemscope\" itemtype=\"https:\/\/schema.org\/CreativeWork\" ><div class='avia_textblock'  itemprop=\"text\" ><div class=\"iconlist_content_wrap\">\n<header class=\"entry-content-header\" aria-label=\"Icon: ASSIST\u00c8NCIA PERSONALITZADA AL PACIENT INTERNACIONAL (ACOMPANYAMENT I TRADUCCI\u00d3)\">\n<article class=\"article-icon-entry av-iconlist-empty\">\n<div class=\"iconlist_content_wrap\">\n<header class=\"entry-content-header\" aria-label=\"Icon: ESCORTA AEROM\u00c8DICA DISPONIBLE LES 24 HORES DEL DIA, 7 DIES A LA SETMANA, A TOT EL M\u00d3N\">\n<ul>\n<li class=\"av_iconlist_title iconlist_title \">ESCORTA AEROM\u00c8DICA DISPONIBLE LES 24 HORES DEL DIA, 7 DIES A LA SETMANA, A TOT EL M\u00d3N<\/li>\n<li class=\"av_iconlist_title iconlist_title \">ASSISTENTS M\u00c8DICS ESPECIALISTES<\/li>\n<li class=\"av_iconlist_title iconlist_title \">ACOMPANYAMENT I ESCORTA M\u00c8DICA EN VOL PRIVAT O COMERCIAL<\/li>\n<li class=\"av_iconlist_title iconlist_title \">COMUNICACI\u00d3 DIRECTA AMB EL NOSTRE CEO<\/li>\n<\/ul>\n<\/header>\n<\/div>\n<\/article>\n<\/header>\n<\/div>\n<\/div><\/section><\/div><div  class='flex_column av-e23md-4593b43b707933e419ffe12f45b7089c av_one_full  avia-builder-el-20  el_after_av_one_half  el_before_av_hr  first flex_column_div  column-top-margin'     ><style type=\"text\/css\" data-created_by=\"avia_inline_auto\" id=\"style-css-av-76ozh-f5902a1b1211886012f7ea210de32f07\">\n#top .av_textblock_section.av-76ozh-f5902a1b1211886012f7ea210de32f07 .avia_textblock{\nfont-size:15px;\n}\n<\/style>\n<section  class='av_textblock_section av-76ozh-f5902a1b1211886012f7ea210de32f07 '   itemscope=\"itemscope\" itemtype=\"https:\/\/schema.org\/CreativeWork\" ><div class='avia_textblock'  itemprop=\"text\" ><h4 style=\"text-align: center;\">L&#8217;atenci\u00f3 m\u00e8dica VIP \u00e9s una especialitat en si mateixa, i de vegades, obtenir l&#8217;atenci\u00f3 adequada, amb metges que parlen angl\u00e8s, franc\u00e8s, alemany, itali\u00e0, etc., amb un nivell t\u00e8cnic adequat, no \u00e9s f\u00e0cil. A la nostra empresa t&#8217;oferim professionals que parlen fins a 8 idiomes.<\/h4>\n<\/div><\/section><\/div>\n<style type=\"text\/css\" data-created_by=\"avia_inline_auto\" id=\"style-css-av-l4qsr2ge-0900e363373d091779a35aa025657c6c\">\n#top .hr.hr-invisible.av-l4qsr2ge-0900e363373d091779a35aa025657c6c{\nheight:100px;\n}\n<\/style>\n<div  class='hr av-l4qsr2ge-0900e363373d091779a35aa025657c6c hr-invisible  avia-builder-el-22  el_after_av_one_full  avia-builder-el-last '><span class='hr-inner '><span class=\"hr-inner-style\"><\/span><\/span><\/div>\n<\/p>\n","protected":false},"excerpt":{"rendered":"","protected":false},"author":2,"featured_media":0,"parent":2489,"menu_order":0,"comment_status":"closed","ping_status":"closed","template":"","meta":{"_acf_changed":false,"footnotes":""},"class_list":["post-2504","page","type-page","status-publish","hentry"],"acf":[],"yoast_head":"<!-- This site is optimized with the Yoast SEO plugin v27.4 - https:\/\/yoast.com\/product\/yoast-seo-wordpress\/ -->\n<title>SUPORT M\u00c8DIC PERSONAL \/ DEDICAT PER AL TURISME VIP - Air Marine Int<\/title>\n<meta name=\"robots\" content=\"index, follow, max-snippet:-1, max-image-preview:large, max-video-preview:-1\" \/>\n<link rel=\"canonical\" href=\"https:\/\/air-marine-int.com\/ca\/serveis\/suport-medic-personal-dedicat-per-al-turisme-vip\/\" \/>\n<meta property=\"og:locale\" content=\"ca_ES\" \/>\n<meta property=\"og:type\" content=\"article\" \/>\n<meta property=\"og:title\" content=\"SUPORT M\u00c8DIC PERSONAL \/ DEDICAT PER AL TURISME VIP - Air Marine Int\" \/>\n<meta property=\"og:url\" content=\"https:\/\/air-marine-int.com\/ca\/serveis\/suport-medic-personal-dedicat-per-al-turisme-vip\/\" \/>\n<meta property=\"og:site_name\" content=\"Air Marine Int\" \/>\n<meta property=\"article:modified_time\" content=\"2025-10-13T07:51:13+00:00\" \/>\n<meta name=\"twitter:card\" content=\"summary_large_image\" \/>\n<meta name=\"twitter:label1\" content=\"Temps estimat de lectura\" \/>\n\t<meta name=\"twitter:data1\" content=\"2 minuts\" \/>\n<script type=\"application\/ld+json\" class=\"yoast-schema-graph\">{\"@context\":\"https:\\\/\\\/schema.org\",\"@graph\":[{\"@type\":\"WebPage\",\"@id\":\"https:\\\/\\\/air-marine-int.com\\\/ca\\\/serveis\\\/suport-medic-personal-dedicat-per-al-turisme-vip\\\/\",\"url\":\"https:\\\/\\\/air-marine-int.com\\\/ca\\\/serveis\\\/suport-medic-personal-dedicat-per-al-turisme-vip\\\/\",\"name\":\"SUPORT M\u00c8DIC PERSONAL \\\/ DEDICAT PER AL TURISME VIP - Air Marine Int\",\"isPartOf\":{\"@id\":\"https:\\\/\\\/air-marine-int.com\\\/ca\\\/#website\"},\"datePublished\":\"2022-06-23T08:23:12+00:00\",\"dateModified\":\"2025-10-13T07:51:13+00:00\",\"breadcrumb\":{\"@id\":\"https:\\\/\\\/air-marine-int.com\\\/ca\\\/serveis\\\/suport-medic-personal-dedicat-per-al-turisme-vip\\\/#breadcrumb\"},\"inLanguage\":\"ca\",\"potentialAction\":[{\"@type\":\"ReadAction\",\"target\":[\"https:\\\/\\\/air-marine-int.com\\\/ca\\\/serveis\\\/suport-medic-personal-dedicat-per-al-turisme-vip\\\/\"]}]},{\"@type\":\"BreadcrumbList\",\"@id\":\"https:\\\/\\\/air-marine-int.com\\\/ca\\\/serveis\\\/suport-medic-personal-dedicat-per-al-turisme-vip\\\/#breadcrumb\",\"itemListElement\":[{\"@type\":\"ListItem\",\"position\":1,\"name\":\"Portada\",\"item\":\"https:\\\/\\\/air-marine-int.com\\\/ca\\\/home\\\/\"},{\"@type\":\"ListItem\",\"position\":2,\"name\":\"Serveis\",\"item\":\"https:\\\/\\\/air-marine-int.com\\\/ca\\\/serveis\\\/\"},{\"@type\":\"ListItem\",\"position\":3,\"name\":\"SUPORT M\u00c8DIC PERSONAL \\\/ DEDICAT PER AL TURISME VIP\"}]},{\"@type\":\"WebSite\",\"@id\":\"https:\\\/\\\/air-marine-int.com\\\/ca\\\/#website\",\"url\":\"https:\\\/\\\/air-marine-int.com\\\/ca\\\/\",\"name\":\"Air Marine Int\",\"description\":\"Just another WordPress site\",\"potentialAction\":[{\"@type\":\"SearchAction\",\"target\":{\"@type\":\"EntryPoint\",\"urlTemplate\":\"https:\\\/\\\/air-marine-int.com\\\/ca\\\/?s={search_term_string}\"},\"query-input\":{\"@type\":\"PropertyValueSpecification\",\"valueRequired\":true,\"valueName\":\"search_term_string\"}}],\"inLanguage\":\"ca\"}]}<\/script>\n<!-- \/ Yoast SEO plugin. -->","yoast_head_json":{"title":"SUPORT M\u00c8DIC PERSONAL \/ DEDICAT PER AL TURISME VIP - Air Marine Int","robots":{"index":"index","follow":"follow","max-snippet":"max-snippet:-1","max-image-preview":"max-image-preview:large","max-video-preview":"max-video-preview:-1"},"canonical":"https:\/\/air-marine-int.com\/ca\/serveis\/suport-medic-personal-dedicat-per-al-turisme-vip\/","og_locale":"ca_ES","og_type":"article","og_title":"SUPORT M\u00c8DIC PERSONAL \/ DEDICAT PER AL TURISME VIP - Air Marine Int","og_url":"https:\/\/air-marine-int.com\/ca\/serveis\/suport-medic-personal-dedicat-per-al-turisme-vip\/","og_site_name":"Air Marine Int","article_modified_time":"2025-10-13T07:51:13+00:00","twitter_card":"summary_large_image","twitter_misc":{"Temps estimat de lectura":"2 minuts"},"schema":{"@context":"https:\/\/schema.org","@graph":[{"@type":"WebPage","@id":"https:\/\/air-marine-int.com\/ca\/serveis\/suport-medic-personal-dedicat-per-al-turisme-vip\/","url":"https:\/\/air-marine-int.com\/ca\/serveis\/suport-medic-personal-dedicat-per-al-turisme-vip\/","name":"SUPORT M\u00c8DIC PERSONAL \/ DEDICAT PER AL TURISME VIP - Air Marine Int","isPartOf":{"@id":"https:\/\/air-marine-int.com\/ca\/#website"},"datePublished":"2022-06-23T08:23:12+00:00","dateModified":"2025-10-13T07:51:13+00:00","breadcrumb":{"@id":"https:\/\/air-marine-int.com\/ca\/serveis\/suport-medic-personal-dedicat-per-al-turisme-vip\/#breadcrumb"},"inLanguage":"ca","potentialAction":[{"@type":"ReadAction","target":["https:\/\/air-marine-int.com\/ca\/serveis\/suport-medic-personal-dedicat-per-al-turisme-vip\/"]}]},{"@type":"BreadcrumbList","@id":"https:\/\/air-marine-int.com\/ca\/serveis\/suport-medic-personal-dedicat-per-al-turisme-vip\/#breadcrumb","itemListElement":[{"@type":"ListItem","position":1,"name":"Portada","item":"https:\/\/air-marine-int.com\/ca\/home\/"},{"@type":"ListItem","position":2,"name":"Serveis","item":"https:\/\/air-marine-int.com\/ca\/serveis\/"},{"@type":"ListItem","position":3,"name":"SUPORT M\u00c8DIC PERSONAL \/ DEDICAT PER AL TURISME VIP"}]},{"@type":"WebSite","@id":"https:\/\/air-marine-int.com\/ca\/#website","url":"https:\/\/air-marine-int.com\/ca\/","name":"Air Marine Int","description":"Just another WordPress site","potentialAction":[{"@type":"SearchAction","target":{"@type":"EntryPoint","urlTemplate":"https:\/\/air-marine-int.com\/ca\/?s={search_term_string}"},"query-input":{"@type":"PropertyValueSpecification","valueRequired":true,"valueName":"search_term_string"}}],"inLanguage":"ca"}]}},"_links":{"self":[{"href":"https:\/\/air-marine-int.com\/ca\/wp-json\/wp\/v2\/pages\/2504","targetHints":{"allow":["GET"]}}],"collection":[{"href":"https:\/\/air-marine-int.com\/ca\/wp-json\/wp\/v2\/pages"}],"about":[{"href":"https:\/\/air-marine-int.com\/ca\/wp-json\/wp\/v2\/types\/page"}],"author":[{"embeddable":true,"href":"https:\/\/air-marine-int.com\/ca\/wp-json\/wp\/v2\/users\/2"}],"replies":[{"embeddable":true,"href":"https:\/\/air-marine-int.com\/ca\/wp-json\/wp\/v2\/comments?post=2504"}],"version-history":[{"count":0,"href":"https:\/\/air-marine-int.com\/ca\/wp-json\/wp\/v2\/pages\/2504\/revisions"}],"up":[{"embeddable":true,"href":"https:\/\/air-marine-int.com\/ca\/wp-json\/wp\/v2\/pages\/2489"}],"wp:attachment":[{"href":"https:\/\/air-marine-int.com\/ca\/wp-json\/wp\/v2\/media?parent=2504"}],"curies":[{"name":"wp","href":"https:\/\/api.w.org\/{rel}","templated":true}]}}