{"id":2510,"date":"2022-05-30T10:32:55","date_gmt":"2022-05-30T10:32:55","guid":{"rendered":"https:\/\/air-marine-int.com\/contact\/"},"modified":"2025-10-15T11:25:03","modified_gmt":"2025-10-15T11:25:03","slug":"contacte","status":"publish","type":"page","link":"https:\/\/air-marine-int.com\/ca\/contacte\/","title":{"rendered":"Contacte"},"content":{"rendered":"<div id='av_section_1'  class='avia-section av-41nbh-95f3201a706a8e3cd7c650de74f295e7 main_color avia-section-default avia-no-border-styling  avia-builder-el-0  avia-builder-el-no-sibling  avia-bg-style-scroll container_wrap fullsize'  ><div class='container av-section-cont-open' ><main  role=\"main\" itemprop=\"mainContentOfPage\"  class='template-page content  av-content-full alpha units'><div class='post-entry post-entry-type-page post-entry-2510'><div class='entry-content-wrapper clearfix'>\n<div  class='flex_column av-4o4ch-dd8db8fbbc4cc787f5f499211a1f083d av_one_full  avia-builder-el-1  el_before_av_hr  avia-builder-el-first  first flex_column_div  '     ><style type=\"text\/css\" data-created_by=\"avia_inline_auto\" id=\"style-css-av-l440795c-ad79fd33c7a6a67c5cdca90310cf29c7\">\n#top .av_textblock_section.av-l440795c-ad79fd33c7a6a67c5cdca90310cf29c7 .avia_textblock{\ncolor:#ffffff;\n}\n<\/style>\n<section  class='av_textblock_section av-l440795c-ad79fd33c7a6a67c5cdca90310cf29c7 '   itemscope=\"itemscope\" itemtype=\"https:\/\/schema.org\/CreativeWork\" ><div class='avia_textblock av_inherit_color'  itemprop=\"text\" ><h1 style=\"text-align: center; font-size;40pt; color: #5cc1b9;\">CONTACTA&#8217;NS<\/h1>\n<\/div><\/section><br \/>\n\n<style type=\"text\/css\" data-created_by=\"avia_inline_auto\" id=\"style-css-av-l447000m-fcc338a9a9af385de09f56700102c6a5\">\n#top .hr.hr-invisible.av-l447000m-fcc338a9a9af385de09f56700102c6a5{\nheight:20px;\n}\n<\/style>\n<div  class='hr av-l447000m-fcc338a9a9af385de09f56700102c6a5 hr-invisible  avia-builder-el-3  el_after_av_textblock  el_before_av_textblock '><span class='hr-inner '><span class=\"hr-inner-style\"><\/span><\/span><\/div><br \/>\n\n<style type=\"text\/css\" data-created_by=\"avia_inline_auto\" id=\"style-css-av-2gpe9-1fa479c136dbe8453b6eeedc6e60d22d\">\n#top .av_textblock_section.av-2gpe9-1fa479c136dbe8453b6eeedc6e60d22d .avia_textblock{\nfont-size:14px;\n}\n<\/style>\n<section  class='av_textblock_section av-2gpe9-1fa479c136dbe8453b6eeedc6e60d22d '   itemscope=\"itemscope\" itemtype=\"https:\/\/schema.org\/CreativeWork\" ><div class='avia_textblock'  itemprop=\"text\" ><blockquote>\n<p style=\"text-align: left;\"><strong>Per obtenir m\u00e9s informaci\u00f3 sobre els nostres serveis d&#8217;ambul\u00e0ncia privada, truca a la nostra l\u00ednia directa al +34 620 090 991 o envia&#8217;ns un missatge utilitzant el nostre formulari de contacte r\u00e0pid i f\u00e0cil, i ens posarem en contacte amb tu el m\u00e9s aviat possible.<\/strong><\/p>\n<\/blockquote>\n<\/div><\/section><\/p><\/div>\n<style type=\"text\/css\" data-created_by=\"avia_inline_auto\" id=\"style-css-av-av_hr-3a876428eececa9d35452247ddb053af\">\n#top .hr.hr-invisible.av-av_hr-3a876428eececa9d35452247ddb053af{\nheight:50px;\n}\n<\/style>\n<div  class='hr av-av_hr-3a876428eececa9d35452247ddb053af hr-invisible  avia-builder-el-5  el_after_av_one_full  el_before_av_one_third '><span class='hr-inner '><span class=\"hr-inner-style\"><\/span><\/span><\/div>\n<div  class='flex_column av-21cp1-403f8037c81d4789e446dbb9c4b50171 av_one_third  avia-builder-el-6  el_after_av_hr  el_before_av_one_third  first flex_column_div  '     ><p>\n<style type=\"text\/css\" data-created_by=\"avia_inline_auto\" id=\"style-css-av-l44100py-61445ec73d58b9a8366f16324062760e\">\n.avia-image-container.av-l44100py-61445ec73d58b9a8366f16324062760e img.avia_image{\nbox-shadow:none;\n}\n.avia-image-container.av-l44100py-61445ec73d58b9a8366f16324062760e .av-image-caption-overlay-center{\ncolor:#ffffff;\n}\n<\/style>\n<div  class='avia-image-container av-l44100py-61445ec73d58b9a8366f16324062760e av-styling- avia-align-center  avia-builder-el-7  el_before_av_hr  avia-builder-el-first '   itemprop=\"image\" itemscope=\"itemscope\" itemtype=\"https:\/\/schema.org\/ImageObject\" ><div class=\"avia-image-container-inner\"><div class=\"avia-image-overlay-wrap\"><img decoding=\"async\" fetchpriority=\"high\" class='wp-image-1879 avia-img-lazy-loading-not-1879 avia_image ' src=\"https:\/\/air-marine-int.com\/wp-content\/uploads\/2023\/09\/FotoContacto-1-AirMarine.png\" alt='' title='FotoContacto-1-AirMarine'  height=\"800\" width=\"800\"  itemprop=\"thumbnailUrl\" srcset=\"https:\/\/air-marine-int.com\/wp-content\/uploads\/2023\/09\/FotoContacto-1-AirMarine.png 800w, https:\/\/air-marine-int.com\/wp-content\/uploads\/2023\/09\/FotoContacto-1-AirMarine-300x300.png 300w, https:\/\/air-marine-int.com\/wp-content\/uploads\/2023\/09\/FotoContacto-1-AirMarine-80x80.png 80w, https:\/\/air-marine-int.com\/wp-content\/uploads\/2023\/09\/FotoContacto-1-AirMarine-768x768.png 768w, https:\/\/air-marine-int.com\/wp-content\/uploads\/2023\/09\/FotoContacto-1-AirMarine-36x36.png 36w, https:\/\/air-marine-int.com\/wp-content\/uploads\/2023\/09\/FotoContacto-1-AirMarine-180x180.png 180w, https:\/\/air-marine-int.com\/wp-content\/uploads\/2023\/09\/FotoContacto-1-AirMarine-705x705.png 705w\" sizes=\"(max-width: 800px) 100vw, 800px\" \/><\/div><\/div><\/div><br \/>\n\n<style type=\"text\/css\" data-created_by=\"avia_inline_auto\" id=\"style-css-av-2672t-e85b1ba551f74bcc4a43227225ee8f3f\">\n#top .hr.hr-invisible.av-2672t-e85b1ba551f74bcc4a43227225ee8f3f{\nheight:20px;\n}\n<\/style>\n<div  class='hr av-2672t-e85b1ba551f74bcc4a43227225ee8f3f hr-invisible  avia-builder-el-8  el_after_av_image  el_before_av_button_big  avia-builder-el-last '><span class='hr-inner '><span class=\"hr-inner-style\"><\/span><\/span><\/div><br \/>\n<div  class='avia-button-wrap avia-button-center  avia-builder-el-9  el_after_av_hr  avia-builder-el-last '>\n<style type=\"text\/css\" data-created_by=\"avia_inline_auto\" id=\"style-css-av-l4488x7e-bb29d47f22c1d4ef08ce103266dbaf39\">\n#top #wrap_all .avia-button.av-l4488x7e-bb29d47f22c1d4ef08ce103266dbaf39:hover{\ncolor:white;\ntransition:all 0.4s ease-in-out;\n}\n#top #wrap_all .avia-button.av-l4488x7e-bb29d47f22c1d4ef08ce103266dbaf39:hover .avia-svg-icon svg:first-child{\nfill:white;\nstroke:white;\n}\n<\/style>\n<a href='mailto:info@air-marine-int.com' class='avia-color-theme-color avia-font-color-theme-color avia-button avia-button-fullwidth av-l4488x7e-bb29d47f22c1d4ef08ce103266dbaf39 avia-icon_select-no avia-color-theme-color'   aria-label=\"Evacuaci\u00f3 Aerom\u00e8dica\"><span class='avia_iconbox_title' >Evacuaci\u00f3 Aerom\u00e8dica<\/span><span class='avia_button_background avia-button avia-button-fullwidth avia-color-theme-color-highlight'><\/span><\/a><\/div><\/p><\/div><div  class='flex_column av-1fkih-a0810e85e97b3bd91f8c78f407c7a4e0 av_one_third  avia-builder-el-10  el_after_av_one_third  el_before_av_one_third  flex_column_div  '     ><style type=\"text\/css\" data-created_by=\"avia_inline_auto\" id=\"style-css-av-l440zvpy-1605a3427cac2d84660ef89383e6ba4d\">\n.avia-image-container.av-l440zvpy-1605a3427cac2d84660ef89383e6ba4d img.avia_image{\nbox-shadow:none;\n}\n.avia-image-container.av-l440zvpy-1605a3427cac2d84660ef89383e6ba4d .av-image-caption-overlay-center{\ncolor:#ffffff;\n}\n<\/style>\n<div  class='avia-image-container av-l440zvpy-1605a3427cac2d84660ef89383e6ba4d av-styling- avia-align-center  avia-builder-el-11  el_before_av_hr  avia-builder-el-first '   itemprop=\"image\" itemscope=\"itemscope\" itemtype=\"https:\/\/schema.org\/ImageObject\" ><div class=\"avia-image-container-inner\"><div class=\"avia-image-overlay-wrap\"><img decoding=\"async\" fetchpriority=\"high\" class='wp-image-1882 avia-img-lazy-loading-not-1882 avia_image ' src=\"https:\/\/air-marine-int.com\/wp-content\/uploads\/2023\/09\/FotoContacto-2-AirMarine.png\" alt='' title='FotoContacto-2-AirMarine'  height=\"800\" width=\"800\"  itemprop=\"thumbnailUrl\" srcset=\"https:\/\/air-marine-int.com\/wp-content\/uploads\/2023\/09\/FotoContacto-2-AirMarine.png 800w, https:\/\/air-marine-int.com\/wp-content\/uploads\/2023\/09\/FotoContacto-2-AirMarine-300x300.png 300w, https:\/\/air-marine-int.com\/wp-content\/uploads\/2023\/09\/FotoContacto-2-AirMarine-80x80.png 80w, https:\/\/air-marine-int.com\/wp-content\/uploads\/2023\/09\/FotoContacto-2-AirMarine-768x768.png 768w, https:\/\/air-marine-int.com\/wp-content\/uploads\/2023\/09\/FotoContacto-2-AirMarine-36x36.png 36w, https:\/\/air-marine-int.com\/wp-content\/uploads\/2023\/09\/FotoContacto-2-AirMarine-180x180.png 180w, https:\/\/air-marine-int.com\/wp-content\/uploads\/2023\/09\/FotoContacto-2-AirMarine-705x705.png 705w\" sizes=\"(max-width: 800px) 100vw, 800px\" \/><\/div><\/div><\/div><br \/>\n\n<style type=\"text\/css\" data-created_by=\"avia_inline_auto\" id=\"style-css-av-1bvet-68d51f0970e6f04f9efe096a1f4f0f27\">\n#top .hr.hr-invisible.av-1bvet-68d51f0970e6f04f9efe096a1f4f0f27{\nheight:20px;\n}\n<\/style>\n<div  class='hr av-1bvet-68d51f0970e6f04f9efe096a1f4f0f27 hr-invisible  avia-builder-el-12  el_after_av_image  el_before_av_button_big  avia-builder-el-last '><span class='hr-inner '><span class=\"hr-inner-style\"><\/span><\/span><\/div><br \/>\n<div  class='avia-button-wrap avia-button-center  avia-builder-el-13  el_after_av_hr  avia-builder-el-last '>\n<style type=\"text\/css\" data-created_by=\"avia_inline_auto\" id=\"style-css-av-l44893e6-2d2d10686c198fbef794f45db90a665c\">\n#top #wrap_all .avia-button.av-l44893e6-2d2d10686c198fbef794f45db90a665c:hover{\ncolor:white;\ntransition:all 0.4s ease-in-out;\n}\n#top #wrap_all .avia-button.av-l44893e6-2d2d10686c198fbef794f45db90a665c:hover .avia-svg-icon svg:first-child{\nfill:white;\nstroke:white;\n}\n<\/style>\n<a href='mailto:info@air-marine-int.com' class='avia-color-theme-color avia-font-color-theme-color avia-button avia-button-fullwidth av-l44893e6-2d2d10686c198fbef794f45db90a665c avia-icon_select-no avia-color-theme-color'   aria-label=\"Evacuaci\u00f3 Mar\u00edtima i Transport d\u2019Ambul\u00e0ncia Terrestre\"><span class='avia_iconbox_title' >Evacuaci\u00f3 Mar\u00edtima i Transport d\u2019Ambul\u00e0ncia Terrestre<\/span><span class='avia_button_background avia-button avia-button-fullwidth avia-color-theme-color-highlight'><\/span><\/a><\/div><\/p><\/div><div  class='flex_column av-o83l-da9af8b60a92890cbf85eb8b661b6526 av_one_third  avia-builder-el-14  el_after_av_one_third  el_before_av_hr  flex_column_div  '     ><style type=\"text\/css\" data-created_by=\"avia_inline_auto\" id=\"style-css-av-l440yrvw-a9647a2fa8a341ffdb36d05270b57545\">\n.avia-image-container.av-l440yrvw-a9647a2fa8a341ffdb36d05270b57545 img.avia_image{\nbox-shadow:none;\n}\n.avia-image-container.av-l440yrvw-a9647a2fa8a341ffdb36d05270b57545 .av-image-caption-overlay-center{\ncolor:#ffffff;\n}\n<\/style>\n<div  class='avia-image-container av-l440yrvw-a9647a2fa8a341ffdb36d05270b57545 av-styling- avia-align-center  avia-builder-el-15  el_before_av_hr  avia-builder-el-first '   itemprop=\"image\" itemscope=\"itemscope\" itemtype=\"https:\/\/schema.org\/ImageObject\" ><div class=\"avia-image-container-inner\"><div class=\"avia-image-overlay-wrap\"><img decoding=\"async\" fetchpriority=\"high\" class='wp-image-1885 avia-img-lazy-loading-not-1885 avia_image ' src=\"https:\/\/air-marine-int.com\/wp-content\/uploads\/2023\/09\/FotoContacto-3-AirMarine.png\" alt='' title='FotoContacto-3-AirMarine'  height=\"800\" width=\"800\"  itemprop=\"thumbnailUrl\" srcset=\"https:\/\/air-marine-int.com\/wp-content\/uploads\/2023\/09\/FotoContacto-3-AirMarine.png 800w, https:\/\/air-marine-int.com\/wp-content\/uploads\/2023\/09\/FotoContacto-3-AirMarine-300x300.png 300w, https:\/\/air-marine-int.com\/wp-content\/uploads\/2023\/09\/FotoContacto-3-AirMarine-80x80.png 80w, https:\/\/air-marine-int.com\/wp-content\/uploads\/2023\/09\/FotoContacto-3-AirMarine-768x768.png 768w, https:\/\/air-marine-int.com\/wp-content\/uploads\/2023\/09\/FotoContacto-3-AirMarine-36x36.png 36w, https:\/\/air-marine-int.com\/wp-content\/uploads\/2023\/09\/FotoContacto-3-AirMarine-180x180.png 180w, https:\/\/air-marine-int.com\/wp-content\/uploads\/2023\/09\/FotoContacto-3-AirMarine-705x705.png 705w\" sizes=\"(max-width: 800px) 100vw, 800px\" \/><\/div><\/div><\/div><br \/>\n\n<style type=\"text\/css\" data-created_by=\"avia_inline_auto\" id=\"style-css-av-wuz9-954b845cb2945887bfd9e940010647d0\">\n#top .hr.hr-invisible.av-wuz9-954b845cb2945887bfd9e940010647d0{\nheight:20px;\n}\n<\/style>\n<div  class='hr av-wuz9-954b845cb2945887bfd9e940010647d0 hr-invisible  avia-builder-el-16  el_after_av_image  el_before_av_button_big  avia-builder-el-last '><span class='hr-inner '><span class=\"hr-inner-style\"><\/span><\/span><\/div><br \/>\n<div  class='avia-button-wrap avia-button-center  avia-builder-el-17  el_after_av_hr  avia-builder-el-last '>\n<style type=\"text\/css\" data-created_by=\"avia_inline_auto\" id=\"style-css-av-l4482fis-db0d51f87ac0675dec8714e07219bfcb\">\n#top #wrap_all .avia-button.av-l4482fis-db0d51f87ac0675dec8714e07219bfcb:hover{\ncolor:white;\ntransition:all 0.4s ease-in-out;\n}\n#top #wrap_all .avia-button.av-l4482fis-db0d51f87ac0675dec8714e07219bfcb:hover .avia-svg-icon svg:first-child{\nfill:white;\nstroke:white;\n}\n<\/style>\n<a href='mailto:info@air-marine-int.com' class='avia-color-theme-color avia-font-color-theme-color avia-button avia-button-fullwidth av-l4482fis-db0d51f87ac0675dec8714e07219bfcb avia-icon_select-no avia-color-theme-color'   aria-label=\"Admissions Hospital\u00e0ries i Tractaments\"><span class='avia_iconbox_title' >Admissions Hospital\u00e0ries i Tractaments<\/span><span class='avia_button_background avia-button avia-button-fullwidth avia-color-theme-color-highlight'><\/span><\/a><\/div><\/p><\/div>\n<style type=\"text\/css\" data-created_by=\"avia_inline_auto\" id=\"style-css-av-ycdh-185c20fe0bce77b35879d1c929d32fdb\">\n#top .hr.hr-invisible.av-ycdh-185c20fe0bce77b35879d1c929d32fdb{\nheight:50px;\n}\n<\/style>\n<div  class='hr av-ycdh-185c20fe0bce77b35879d1c929d32fdb hr-invisible  avia-builder-el-18  el_after_av_one_third  avia-builder-el-last '><span class='hr-inner '><span class=\"hr-inner-style\"><\/span><\/span><\/div>\n\n","protected":false},"excerpt":{"rendered":"","protected":false},"author":2,"featured_media":0,"parent":0,"menu_order":0,"comment_status":"closed","ping_status":"closed","template":"","meta":{"_acf_changed":false,"footnotes":""},"class_list":["post-2510","page","type-page","status-publish","hentry"],"acf":[],"yoast_head":"<!-- This site is optimized with the Yoast SEO plugin v27.5 - https:\/\/yoast.com\/product\/yoast-seo-wordpress\/ -->\n<title>Contacte - Air Marine Int<\/title>\n<meta name=\"robots\" content=\"index, follow, max-snippet:-1, max-image-preview:large, max-video-preview:-1\" \/>\n<link rel=\"canonical\" href=\"https:\/\/air-marine-int.com\/ca\/contacte\/\" \/>\n<meta property=\"og:locale\" content=\"ca_ES\" \/>\n<meta property=\"og:type\" content=\"article\" \/>\n<meta property=\"og:title\" content=\"Contacte - Air Marine Int\" \/>\n<meta property=\"og:url\" content=\"https:\/\/air-marine-int.com\/ca\/contacte\/\" \/>\n<meta property=\"og:site_name\" content=\"Air Marine Int\" \/>\n<meta property=\"article:modified_time\" content=\"2025-10-15T11:25:03+00:00\" \/>\n<meta name=\"twitter:card\" content=\"summary_large_image\" \/>\n<meta name=\"twitter:label1\" content=\"Temps estimat de lectura\" \/>\n\t<meta name=\"twitter:data1\" content=\"1 minut\" \/>\n<script type=\"application\/ld+json\" class=\"yoast-schema-graph\">{\"@context\":\"https:\\\/\\\/schema.org\",\"@graph\":[{\"@type\":\"WebPage\",\"@id\":\"https:\\\/\\\/air-marine-int.com\\\/ca\\\/contacte\\\/\",\"url\":\"https:\\\/\\\/air-marine-int.com\\\/ca\\\/contacte\\\/\",\"name\":\"Contacte - Air Marine Int\",\"isPartOf\":{\"@id\":\"https:\\\/\\\/air-marine-int.com\\\/ca\\\/#website\"},\"datePublished\":\"2022-05-30T10:32:55+00:00\",\"dateModified\":\"2025-10-15T11:25:03+00:00\",\"breadcrumb\":{\"@id\":\"https:\\\/\\\/air-marine-int.com\\\/ca\\\/contacte\\\/#breadcrumb\"},\"inLanguage\":\"ca\",\"potentialAction\":[{\"@type\":\"ReadAction\",\"target\":[\"https:\\\/\\\/air-marine-int.com\\\/ca\\\/contacte\\\/\"]}]},{\"@type\":\"BreadcrumbList\",\"@id\":\"https:\\\/\\\/air-marine-int.com\\\/ca\\\/contacte\\\/#breadcrumb\",\"itemListElement\":[{\"@type\":\"ListItem\",\"position\":1,\"name\":\"Portada\",\"item\":\"https:\\\/\\\/air-marine-int.com\\\/ca\\\/home\\\/\"},{\"@type\":\"ListItem\",\"position\":2,\"name\":\"Contacte\"}]},{\"@type\":\"WebSite\",\"@id\":\"https:\\\/\\\/air-marine-int.com\\\/ca\\\/#website\",\"url\":\"https:\\\/\\\/air-marine-int.com\\\/ca\\\/\",\"name\":\"Air Marine Int\",\"description\":\"Just another WordPress site\",\"potentialAction\":[{\"@type\":\"SearchAction\",\"target\":{\"@type\":\"EntryPoint\",\"urlTemplate\":\"https:\\\/\\\/air-marine-int.com\\\/ca\\\/?s={search_term_string}\"},\"query-input\":{\"@type\":\"PropertyValueSpecification\",\"valueRequired\":true,\"valueName\":\"search_term_string\"}}],\"inLanguage\":\"ca\"}]}<\/script>\n<!-- \/ Yoast SEO plugin. -->","yoast_head_json":{"title":"Contacte - Air Marine Int","robots":{"index":"index","follow":"follow","max-snippet":"max-snippet:-1","max-image-preview":"max-image-preview:large","max-video-preview":"max-video-preview:-1"},"canonical":"https:\/\/air-marine-int.com\/ca\/contacte\/","og_locale":"ca_ES","og_type":"article","og_title":"Contacte - Air Marine Int","og_url":"https:\/\/air-marine-int.com\/ca\/contacte\/","og_site_name":"Air Marine Int","article_modified_time":"2025-10-15T11:25:03+00:00","twitter_card":"summary_large_image","twitter_misc":{"Temps estimat de lectura":"1 minut"},"schema":{"@context":"https:\/\/schema.org","@graph":[{"@type":"WebPage","@id":"https:\/\/air-marine-int.com\/ca\/contacte\/","url":"https:\/\/air-marine-int.com\/ca\/contacte\/","name":"Contacte - Air Marine Int","isPartOf":{"@id":"https:\/\/air-marine-int.com\/ca\/#website"},"datePublished":"2022-05-30T10:32:55+00:00","dateModified":"2025-10-15T11:25:03+00:00","breadcrumb":{"@id":"https:\/\/air-marine-int.com\/ca\/contacte\/#breadcrumb"},"inLanguage":"ca","potentialAction":[{"@type":"ReadAction","target":["https:\/\/air-marine-int.com\/ca\/contacte\/"]}]},{"@type":"BreadcrumbList","@id":"https:\/\/air-marine-int.com\/ca\/contacte\/#breadcrumb","itemListElement":[{"@type":"ListItem","position":1,"name":"Portada","item":"https:\/\/air-marine-int.com\/ca\/home\/"},{"@type":"ListItem","position":2,"name":"Contacte"}]},{"@type":"WebSite","@id":"https:\/\/air-marine-int.com\/ca\/#website","url":"https:\/\/air-marine-int.com\/ca\/","name":"Air Marine Int","description":"Just another WordPress site","potentialAction":[{"@type":"SearchAction","target":{"@type":"EntryPoint","urlTemplate":"https:\/\/air-marine-int.com\/ca\/?s={search_term_string}"},"query-input":{"@type":"PropertyValueSpecification","valueRequired":true,"valueName":"search_term_string"}}],"inLanguage":"ca"}]}},"_links":{"self":[{"href":"https:\/\/air-marine-int.com\/ca\/wp-json\/wp\/v2\/pages\/2510","targetHints":{"allow":["GET"]}}],"collection":[{"href":"https:\/\/air-marine-int.com\/ca\/wp-json\/wp\/v2\/pages"}],"about":[{"href":"https:\/\/air-marine-int.com\/ca\/wp-json\/wp\/v2\/types\/page"}],"author":[{"embeddable":true,"href":"https:\/\/air-marine-int.com\/ca\/wp-json\/wp\/v2\/users\/2"}],"replies":[{"embeddable":true,"href":"https:\/\/air-marine-int.com\/ca\/wp-json\/wp\/v2\/comments?post=2510"}],"version-history":[{"count":0,"href":"https:\/\/air-marine-int.com\/ca\/wp-json\/wp\/v2\/pages\/2510\/revisions"}],"wp:attachment":[{"href":"https:\/\/air-marine-int.com\/ca\/wp-json\/wp\/v2\/media?parent=2510"}],"curies":[{"name":"wp","href":"https:\/\/api.w.org\/{rel}","templated":true}]}}