{"id":2527,"date":"2022-07-14T08:29:44","date_gmt":"2022-07-14T08:29:44","guid":{"rendered":"https:\/\/air-marine-int.com\/recruitment\/"},"modified":"2025-10-15T12:24:02","modified_gmt":"2025-10-15T12:24:02","slug":"treballa-amb-nosaltres","status":"publish","type":"page","link":"https:\/\/air-marine-int.com\/ca\/treballa-amb-nosaltres\/","title":{"rendered":"Treballa amb nosaltres"},"content":{"rendered":"<div id='av_section_1'  class='avia-section av-av_section-2dcb3d115e2e5af9a73072e0505910f8 main_color avia-section-default avia-no-border-styling  avia-builder-el-0  el_before_av_slideshow_full  avia-builder-el-first  avia-bg-style-scroll container_wrap fullsize'  ><div class='container av-section-cont-open' ><main  role=\"main\" itemprop=\"mainContentOfPage\"  class='template-page content  av-content-full alpha units'><div class='post-entry post-entry-type-page post-entry-2527'><div class='entry-content-wrapper clearfix'>\n<div  class='flex_column av-av_one_full-a93934ecd89fbb8a9566d39e89cd3725 av_one_full  avia-builder-el-1  avia-builder-el-no-sibling  first flex_column_div  '     ><style type=\"text\/css\" data-created_by=\"avia_inline_auto\" id=\"style-css-av-mgryh0x1-146b699b9b2c73c3a622daae463e0753\">\n#top .av_textblock_section.av-mgryh0x1-146b699b9b2c73c3a622daae463e0753 .avia_textblock{\ncolor:#ffffff;\n}\n<\/style>\n<section  class='av_textblock_section av-mgryh0x1-146b699b9b2c73c3a622daae463e0753 '   itemscope=\"itemscope\" itemtype=\"https:\/\/schema.org\/CreativeWork\" ><div class='avia_textblock av_inherit_color'  itemprop=\"text\" ><h1 style=\"text-align: center; font-size;40pt; color: #5cc1b9;\">TREBALLA AMB NOSALTRES<\/h1>\n<\/div><\/section><br \/>\n\n<style type=\"text\/css\" data-created_by=\"avia_inline_auto\" id=\"style-css-av-av_hr-82f5be0ae0af6a64fe3091010b237709\">\n#top .hr.hr-invisible.av-av_hr-82f5be0ae0af6a64fe3091010b237709{\nheight:20px;\n}\n<\/style>\n<div  class='hr av-av_hr-82f5be0ae0af6a64fe3091010b237709 hr-invisible  avia-builder-el-3  el_after_av_textblock  el_before_av_textblock '><span class='hr-inner '><span class=\"hr-inner-style\"><\/span><\/span><\/div><br \/>\n\n<style type=\"text\/css\" data-created_by=\"avia_inline_auto\" id=\"style-css-av-mgryk9vb-a0d6aa81390ad66b2d41fe2dfb78c15d\">\n#top .av_textblock_section.av-mgryk9vb-a0d6aa81390ad66b2d41fe2dfb78c15d .avia_textblock{\nfont-size:14px;\n}\n<\/style>\n<section  class='av_textblock_section av-mgryk9vb-a0d6aa81390ad66b2d41fe2dfb78c15d '   itemscope=\"itemscope\" itemtype=\"https:\/\/schema.org\/CreativeWork\" ><div class='avia_textblock'  itemprop=\"text\" ><blockquote>\n<p style=\"text-align: left;\"><strong>Si el teu comprom\u00eds \u00e9s superar l\u00edmits i cuidar persones en moments cr\u00edtics, aqu\u00ed trobar\u00e0s un equip que comparteix la teva vocaci\u00f3 d\u2019excel\u00b7l\u00e8ncia, responsabilitat i discreci\u00f3. Uneix-te a una cultura on la precisi\u00f3, la coordinaci\u00f3 i el factor hum\u00e0 van sempre de la m\u00e0.<\/strong><\/p>\n<\/blockquote>\n<\/div><\/section><br \/>\n\n<style type=\"text\/css\" data-created_by=\"avia_inline_auto\" id=\"style-css-av-av_hr-82f5be0ae0af6a64fe3091010b237709\">\n#top .hr.hr-invisible.av-av_hr-82f5be0ae0af6a64fe3091010b237709{\nheight:20px;\n}\n<\/style>\n<div  class='hr av-av_hr-82f5be0ae0af6a64fe3091010b237709 hr-invisible  avia-builder-el-5  el_after_av_textblock  el_before_av_button '><span class='hr-inner '><span class=\"hr-inner-style\"><\/span><\/span><\/div><br \/>\n<div  class='avia-button-wrap av-mgryl6qj-7af70d94ddb241b875c38920a85666ec-wrap avia-button-center  avia-builder-el-6  el_after_av_hr  avia-builder-el-last '><a href='mailto:info@air-marine-int.com'  class='avia-button av-mgryl6qj-7af70d94ddb241b875c38920a85666ec av-link-btn avia-icon_select-no avia-size-x-large avia-position-center avia-color-theme-color'   aria-label=\"TREBALLA AMB NOSALTRES\"><span class='avia_iconbox_title' >TREBALLA AMB NOSALTRES<\/span><\/a><\/div><\/p><\/div>\n\n<\/div><\/div><\/main><!-- close content main element --><\/div><\/div><div id='full_slider_1'  class='avia-fullwidth-slider main_color avia-shadow   avia-builder-el-7  el_after_av_section  avia-builder-el-last   slider-not-first container_wrap fullsize'  ><div  class='avia-slideshow av-mgrypjdr-ba5aa5f7473ffea2c6ab4df88da6a24d avia-slideshow-no scaling av_slideshow_full avia-slide-slider av-slideshow-ui av-control-default av-slideshow-manual av-loop-once av-loop-manual-endless av-default-height-applied   avia-slideshow-1' data-slideshow-options=\"{&quot;animation&quot;:&quot;slide&quot;,&quot;autoplay&quot;:false,&quot;loop_autoplay&quot;:&quot;once&quot;,&quot;interval&quot;:5,&quot;loop_manual&quot;:&quot;manual-endless&quot;,&quot;autoplay_stopper&quot;:false,&quot;noNavigation&quot;:false,&quot;bg_slider&quot;:false,&quot;keep_padding&quot;:false,&quot;hoverpause&quot;:false,&quot;show_slide_delay&quot;:0}\"  itemprop=\"image\" itemscope=\"itemscope\" itemtype=\"https:\/\/schema.org\/ImageObject\" ><ul class='avia-slideshow-inner ' style='padding-bottom: 25%;'><li  class='avia-slideshow-slide av-mgrypjdr-ba5aa5f7473ffea2c6ab4df88da6a24d__0  av-single-slide slide-1 slide-odd'><div data-rel='slideshow-1' class='avia-slide-wrap '   ><img decoding=\"async\" fetchpriority=\"high\" class=\"wp-image-3233 avia-img-lazy-loading-not-3233\"  src=\"https:\/\/air-marine-int.com\/wp-content\/uploads\/2025\/10\/SlideHome-Mini-AirMarine.png\" width=\"2000\" height=\"500\" title='SlideHome-Mini-AirMarine' alt=''  itemprop=\"thumbnailUrl\" srcset=\"https:\/\/air-marine-int.com\/wp-content\/uploads\/2025\/10\/SlideHome-Mini-AirMarine.png 2000w, https:\/\/air-marine-int.com\/wp-content\/uploads\/2025\/10\/SlideHome-Mini-AirMarine-300x75.png 300w, https:\/\/air-marine-int.com\/wp-content\/uploads\/2025\/10\/SlideHome-Mini-AirMarine-1030x258.png 1030w, https:\/\/air-marine-int.com\/wp-content\/uploads\/2025\/10\/SlideHome-Mini-AirMarine-768x192.png 768w, https:\/\/air-marine-int.com\/wp-content\/uploads\/2025\/10\/SlideHome-Mini-AirMarine-1536x384.png 1536w, https:\/\/air-marine-int.com\/wp-content\/uploads\/2025\/10\/SlideHome-Mini-AirMarine-1500x375.png 1500w, https:\/\/air-marine-int.com\/wp-content\/uploads\/2025\/10\/SlideHome-Mini-AirMarine-705x176.png 705w\" sizes=\"(max-width: 2000px) 100vw, 2000px\" \/><\/div><\/li><\/ul><\/div><\/div>\n","protected":false},"excerpt":{"rendered":"","protected":false},"author":2,"featured_media":0,"parent":0,"menu_order":0,"comment_status":"closed","ping_status":"closed","template":"","meta":{"_acf_changed":false,"footnotes":""},"class_list":["post-2527","page","type-page","status-publish","hentry"],"acf":[],"yoast_head":"<!-- This site is optimized with the Yoast SEO plugin v27.5 - https:\/\/yoast.com\/product\/yoast-seo-wordpress\/ -->\n<title>Treballa amb nosaltres - Air Marine Int<\/title>\n<meta name=\"robots\" content=\"index, follow, max-snippet:-1, max-image-preview:large, max-video-preview:-1\" \/>\n<link rel=\"canonical\" href=\"https:\/\/air-marine-int.com\/ca\/treballa-amb-nosaltres\/\" \/>\n<meta property=\"og:locale\" content=\"ca_ES\" \/>\n<meta property=\"og:type\" content=\"article\" \/>\n<meta property=\"og:title\" content=\"Treballa amb nosaltres - Air Marine Int\" \/>\n<meta property=\"og:url\" content=\"https:\/\/air-marine-int.com\/ca\/treballa-amb-nosaltres\/\" \/>\n<meta property=\"og:site_name\" content=\"Air Marine Int\" \/>\n<meta property=\"article:modified_time\" content=\"2025-10-15T12:24:02+00:00\" \/>\n<meta name=\"twitter:card\" content=\"summary_large_image\" \/>\n<meta name=\"twitter:label1\" content=\"Temps estimat de lectura\" \/>\n\t<meta name=\"twitter:data1\" content=\"1 minut\" \/>\n<script type=\"application\/ld+json\" class=\"yoast-schema-graph\">{\"@context\":\"https:\\\/\\\/schema.org\",\"@graph\":[{\"@type\":\"WebPage\",\"@id\":\"https:\\\/\\\/air-marine-int.com\\\/ca\\\/treballa-amb-nosaltres\\\/\",\"url\":\"https:\\\/\\\/air-marine-int.com\\\/ca\\\/treballa-amb-nosaltres\\\/\",\"name\":\"Treballa amb nosaltres - Air Marine Int\",\"isPartOf\":{\"@id\":\"https:\\\/\\\/air-marine-int.com\\\/ca\\\/#website\"},\"datePublished\":\"2022-07-14T08:29:44+00:00\",\"dateModified\":\"2025-10-15T12:24:02+00:00\",\"breadcrumb\":{\"@id\":\"https:\\\/\\\/air-marine-int.com\\\/ca\\\/treballa-amb-nosaltres\\\/#breadcrumb\"},\"inLanguage\":\"ca\",\"potentialAction\":[{\"@type\":\"ReadAction\",\"target\":[\"https:\\\/\\\/air-marine-int.com\\\/ca\\\/treballa-amb-nosaltres\\\/\"]}]},{\"@type\":\"BreadcrumbList\",\"@id\":\"https:\\\/\\\/air-marine-int.com\\\/ca\\\/treballa-amb-nosaltres\\\/#breadcrumb\",\"itemListElement\":[{\"@type\":\"ListItem\",\"position\":1,\"name\":\"Portada\",\"item\":\"https:\\\/\\\/air-marine-int.com\\\/ca\\\/home\\\/\"},{\"@type\":\"ListItem\",\"position\":2,\"name\":\"Treballa amb nosaltres\"}]},{\"@type\":\"WebSite\",\"@id\":\"https:\\\/\\\/air-marine-int.com\\\/ca\\\/#website\",\"url\":\"https:\\\/\\\/air-marine-int.com\\\/ca\\\/\",\"name\":\"Air Marine Int\",\"description\":\"Just another WordPress site\",\"potentialAction\":[{\"@type\":\"SearchAction\",\"target\":{\"@type\":\"EntryPoint\",\"urlTemplate\":\"https:\\\/\\\/air-marine-int.com\\\/ca\\\/?s={search_term_string}\"},\"query-input\":{\"@type\":\"PropertyValueSpecification\",\"valueRequired\":true,\"valueName\":\"search_term_string\"}}],\"inLanguage\":\"ca\"}]}<\/script>\n<!-- \/ Yoast SEO plugin. -->","yoast_head_json":{"title":"Treballa amb nosaltres - Air Marine Int","robots":{"index":"index","follow":"follow","max-snippet":"max-snippet:-1","max-image-preview":"max-image-preview:large","max-video-preview":"max-video-preview:-1"},"canonical":"https:\/\/air-marine-int.com\/ca\/treballa-amb-nosaltres\/","og_locale":"ca_ES","og_type":"article","og_title":"Treballa amb nosaltres - Air Marine Int","og_url":"https:\/\/air-marine-int.com\/ca\/treballa-amb-nosaltres\/","og_site_name":"Air Marine Int","article_modified_time":"2025-10-15T12:24:02+00:00","twitter_card":"summary_large_image","twitter_misc":{"Temps estimat de lectura":"1 minut"},"schema":{"@context":"https:\/\/schema.org","@graph":[{"@type":"WebPage","@id":"https:\/\/air-marine-int.com\/ca\/treballa-amb-nosaltres\/","url":"https:\/\/air-marine-int.com\/ca\/treballa-amb-nosaltres\/","name":"Treballa amb nosaltres - Air Marine Int","isPartOf":{"@id":"https:\/\/air-marine-int.com\/ca\/#website"},"datePublished":"2022-07-14T08:29:44+00:00","dateModified":"2025-10-15T12:24:02+00:00","breadcrumb":{"@id":"https:\/\/air-marine-int.com\/ca\/treballa-amb-nosaltres\/#breadcrumb"},"inLanguage":"ca","potentialAction":[{"@type":"ReadAction","target":["https:\/\/air-marine-int.com\/ca\/treballa-amb-nosaltres\/"]}]},{"@type":"BreadcrumbList","@id":"https:\/\/air-marine-int.com\/ca\/treballa-amb-nosaltres\/#breadcrumb","itemListElement":[{"@type":"ListItem","position":1,"name":"Portada","item":"https:\/\/air-marine-int.com\/ca\/home\/"},{"@type":"ListItem","position":2,"name":"Treballa amb nosaltres"}]},{"@type":"WebSite","@id":"https:\/\/air-marine-int.com\/ca\/#website","url":"https:\/\/air-marine-int.com\/ca\/","name":"Air Marine Int","description":"Just another WordPress site","potentialAction":[{"@type":"SearchAction","target":{"@type":"EntryPoint","urlTemplate":"https:\/\/air-marine-int.com\/ca\/?s={search_term_string}"},"query-input":{"@type":"PropertyValueSpecification","valueRequired":true,"valueName":"search_term_string"}}],"inLanguage":"ca"}]}},"_links":{"self":[{"href":"https:\/\/air-marine-int.com\/ca\/wp-json\/wp\/v2\/pages\/2527","targetHints":{"allow":["GET"]}}],"collection":[{"href":"https:\/\/air-marine-int.com\/ca\/wp-json\/wp\/v2\/pages"}],"about":[{"href":"https:\/\/air-marine-int.com\/ca\/wp-json\/wp\/v2\/types\/page"}],"author":[{"embeddable":true,"href":"https:\/\/air-marine-int.com\/ca\/wp-json\/wp\/v2\/users\/2"}],"replies":[{"embeddable":true,"href":"https:\/\/air-marine-int.com\/ca\/wp-json\/wp\/v2\/comments?post=2527"}],"version-history":[{"count":0,"href":"https:\/\/air-marine-int.com\/ca\/wp-json\/wp\/v2\/pages\/2527\/revisions"}],"wp:attachment":[{"href":"https:\/\/air-marine-int.com\/ca\/wp-json\/wp\/v2\/media?parent=2527"}],"curies":[{"name":"wp","href":"https:\/\/api.w.org\/{rel}","templated":true}]}}