{"id":2607,"date":"2022-07-11T13:04:13","date_gmt":"2022-07-11T13:04:13","guid":{"rendered":"https:\/\/air-marine-int.com\/privacy-policy\/"},"modified":"2024-06-25T08:16:31","modified_gmt":"2024-06-25T08:16:31","slug":"privacy-policy","status":"publish","type":"page","link":"https:\/\/air-marine-int.com\/ca\/privacy-policy\/","title":{"rendered":"Privacy Policy"},"content":{"rendered":"<blockquote><p><strong style=\"font-size: 28px;\">CL\u00c0USULA D&#8217;INFORMACI\u00d3 B\u00c0SICA<\/strong><\/p><\/blockquote>\n<p><strong>Versi\u00f3 NORMAL (cartes, albarans, factures, fax, etc.)<\/strong><\/p>\n<p>D&#8217;acord amb les disposicions vigents en mat\u00e8ria de protecci\u00f3 de dades de car\u00e0cter personal, Reglament (UE) 2016\/679, de 27 d&#8217;abril de 2016 (RGPD), Llei Org\u00e0nica 3\/2018, de 5 de desembre (LOPDGDD), l&#8217;informem que les dades personals incorporades en aquest document ser\u00e0 tractat per AEROMEDICAL &amp; ENTRENAMENT MAR\u00cd &amp; RESCUE INTERNATIONAL, S.L. (Responsable del Tractament), per tal de mantenir una relaci\u00f3 comercial i mantenir-la mentre es mantingui aquesta relaci\u00f3. Les dades no seran comunicades a tercers, excepte obligaci\u00f3 legal, ni es realitzar\u00e0 cap transfer\u00e8ncia internacional sense el seu consentiment previ. Aix\u00ed mateix, s&#8217;informa que pot exercir els drets d&#8217;acc\u00e9s, rectificaci\u00f3, portabilitat i supressi\u00f3 de les seves dades i els de limitaci\u00f3 i oposici\u00f3 al seu tractament dirigint-se a AEROMEDICAL &amp; ENTRENAMENT MAR\u00cd &amp; RESCUE INTERNATIONAL S.L.. amb domicili CAMINO DE CAN FELIU, 18 08191 RUB\u00cd (BARCELONA) o enviant un correu electr\u00f2nic a mfortea@air-marine-int.com, juntament amb una fotoc\u00f2pia del seu DNI indicant el tipus de dret que vol exercir. Si creieu que el tractament no s&#8217;ajusta a la normativa vigent, podeu presentar una reclamaci\u00f3 davant l&#8217;autoritat de control agpd.es.<br \/>\n<strong>Versi\u00f3 REDUCIDA (TPV, tiquets de venda, etc.)<\/strong><\/p>\n<p>AEROM\u00c8DIC &amp; ENTRENAMENT MAR\u00cd &amp; RESCUE INTERNATIONAL, S.L. \u00e9s responsable del tractament de les seves dades d&#8217;acord amb el RGPD i la LOPDGD, i tracta de mantenir una relaci\u00f3 comercial\/comercial amb vost\u00e8. Els mantindr\u00e0 mentre es mantingui aquesta relaci\u00f3 i no es comunicar\u00e0 a tercers. Pots exercir els teus drets d&#8217;acc\u00e9s, rectificaci\u00f3, portabilitat, supressi\u00f3, limitaci\u00f3 i oposici\u00f3 a CAMINO DE CAN FELIU, 18 08191 RUB\u00cd (BARCELONA) o enviant un correu electr\u00f2nic a info@air-marine-int.com. Per a qualsevol reclamaci\u00f3 podeu dirigir-vos a agpd.es.<\/p>\n","protected":false},"excerpt":{"rendered":"<p>CL\u00c0USULA D&#8217;INFORMACI\u00d3 B\u00c0SICA Versi\u00f3 NORMAL (cartes, albarans, factures, fax, etc.) D&#8217;acord amb les disposicions vigents en mat\u00e8ria de protecci\u00f3 de dades de car\u00e0cter personal, Reglament (UE) 2016\/679, de 27 d&#8217;abril de 2016 (RGPD), Llei Org\u00e0nica 3\/2018, de 5 de desembre (LOPDGDD), l&#8217;informem que les dades personals incorporades en aquest document ser\u00e0 tractat per AEROMEDICAL &amp; [&hellip;]<\/p>\n","protected":false},"author":2,"featured_media":0,"parent":0,"menu_order":0,"comment_status":"closed","ping_status":"closed","template":"","meta":{"_acf_changed":false,"footnotes":""},"class_list":["post-2607","page","type-page","status-publish","hentry"],"acf":[],"yoast_head":"<!-- This site is optimized with the Yoast SEO plugin v27.5 - https:\/\/yoast.com\/product\/yoast-seo-wordpress\/ -->\n<title>Privacy Policy - Air Marine Int<\/title>\n<meta name=\"robots\" content=\"index, follow, max-snippet:-1, max-image-preview:large, max-video-preview:-1\" \/>\n<link rel=\"canonical\" href=\"https:\/\/air-marine-int.com\/ca\/privacy-policy\/\" \/>\n<meta property=\"og:locale\" content=\"ca_ES\" \/>\n<meta property=\"og:type\" content=\"article\" \/>\n<meta property=\"og:title\" content=\"Privacy Policy - Air Marine Int\" \/>\n<meta property=\"og:description\" content=\"CL\u00c0USULA D&#8217;INFORMACI\u00d3 B\u00c0SICA Versi\u00f3 NORMAL (cartes, albarans, factures, fax, etc.) D&#8217;acord amb les disposicions vigents en mat\u00e8ria de protecci\u00f3 de dades de car\u00e0cter personal, Reglament (UE) 2016\/679, de 27 d&#8217;abril de 2016 (RGPD), Llei Org\u00e0nica 3\/2018, de 5 de desembre (LOPDGDD), l&#8217;informem que les dades personals incorporades en aquest document ser\u00e0 tractat per AEROMEDICAL &amp; [&hellip;]\" \/>\n<meta property=\"og:url\" content=\"https:\/\/air-marine-int.com\/ca\/privacy-policy\/\" \/>\n<meta property=\"og:site_name\" content=\"Air Marine Int\" \/>\n<meta property=\"article:modified_time\" content=\"2024-06-25T08:16:31+00:00\" \/>\n<meta name=\"twitter:card\" content=\"summary_large_image\" \/>\n<script type=\"application\/ld+json\" class=\"yoast-schema-graph\">{\"@context\":\"https:\\\/\\\/schema.org\",\"@graph\":[{\"@type\":\"WebPage\",\"@id\":\"https:\\\/\\\/air-marine-int.com\\\/ca\\\/privacy-policy\\\/\",\"url\":\"https:\\\/\\\/air-marine-int.com\\\/ca\\\/privacy-policy\\\/\",\"name\":\"Privacy Policy - Air Marine Int\",\"isPartOf\":{\"@id\":\"https:\\\/\\\/air-marine-int.com\\\/ca\\\/#website\"},\"datePublished\":\"2022-07-11T13:04:13+00:00\",\"dateModified\":\"2024-06-25T08:16:31+00:00\",\"breadcrumb\":{\"@id\":\"https:\\\/\\\/air-marine-int.com\\\/ca\\\/privacy-policy\\\/#breadcrumb\"},\"inLanguage\":\"ca\",\"potentialAction\":[{\"@type\":\"ReadAction\",\"target\":[\"https:\\\/\\\/air-marine-int.com\\\/ca\\\/privacy-policy\\\/\"]}]},{\"@type\":\"BreadcrumbList\",\"@id\":\"https:\\\/\\\/air-marine-int.com\\\/ca\\\/privacy-policy\\\/#breadcrumb\",\"itemListElement\":[{\"@type\":\"ListItem\",\"position\":1,\"name\":\"Portada\",\"item\":\"https:\\\/\\\/air-marine-int.com\\\/ca\\\/home\\\/\"},{\"@type\":\"ListItem\",\"position\":2,\"name\":\"Privacy Policy\"}]},{\"@type\":\"WebSite\",\"@id\":\"https:\\\/\\\/air-marine-int.com\\\/ca\\\/#website\",\"url\":\"https:\\\/\\\/air-marine-int.com\\\/ca\\\/\",\"name\":\"Air Marine Int\",\"description\":\"Just another WordPress site\",\"potentialAction\":[{\"@type\":\"SearchAction\",\"target\":{\"@type\":\"EntryPoint\",\"urlTemplate\":\"https:\\\/\\\/air-marine-int.com\\\/ca\\\/?s={search_term_string}\"},\"query-input\":{\"@type\":\"PropertyValueSpecification\",\"valueRequired\":true,\"valueName\":\"search_term_string\"}}],\"inLanguage\":\"ca\"}]}<\/script>\n<!-- \/ Yoast SEO plugin. -->","yoast_head_json":{"title":"Privacy Policy - Air Marine Int","robots":{"index":"index","follow":"follow","max-snippet":"max-snippet:-1","max-image-preview":"max-image-preview:large","max-video-preview":"max-video-preview:-1"},"canonical":"https:\/\/air-marine-int.com\/ca\/privacy-policy\/","og_locale":"ca_ES","og_type":"article","og_title":"Privacy Policy - Air Marine Int","og_description":"CL\u00c0USULA D&#8217;INFORMACI\u00d3 B\u00c0SICA Versi\u00f3 NORMAL (cartes, albarans, factures, fax, etc.) D&#8217;acord amb les disposicions vigents en mat\u00e8ria de protecci\u00f3 de dades de car\u00e0cter personal, Reglament (UE) 2016\/679, de 27 d&#8217;abril de 2016 (RGPD), Llei Org\u00e0nica 3\/2018, de 5 de desembre (LOPDGDD), l&#8217;informem que les dades personals incorporades en aquest document ser\u00e0 tractat per AEROMEDICAL &amp; [&hellip;]","og_url":"https:\/\/air-marine-int.com\/ca\/privacy-policy\/","og_site_name":"Air Marine Int","article_modified_time":"2024-06-25T08:16:31+00:00","twitter_card":"summary_large_image","schema":{"@context":"https:\/\/schema.org","@graph":[{"@type":"WebPage","@id":"https:\/\/air-marine-int.com\/ca\/privacy-policy\/","url":"https:\/\/air-marine-int.com\/ca\/privacy-policy\/","name":"Privacy Policy - Air Marine Int","isPartOf":{"@id":"https:\/\/air-marine-int.com\/ca\/#website"},"datePublished":"2022-07-11T13:04:13+00:00","dateModified":"2024-06-25T08:16:31+00:00","breadcrumb":{"@id":"https:\/\/air-marine-int.com\/ca\/privacy-policy\/#breadcrumb"},"inLanguage":"ca","potentialAction":[{"@type":"ReadAction","target":["https:\/\/air-marine-int.com\/ca\/privacy-policy\/"]}]},{"@type":"BreadcrumbList","@id":"https:\/\/air-marine-int.com\/ca\/privacy-policy\/#breadcrumb","itemListElement":[{"@type":"ListItem","position":1,"name":"Portada","item":"https:\/\/air-marine-int.com\/ca\/home\/"},{"@type":"ListItem","position":2,"name":"Privacy Policy"}]},{"@type":"WebSite","@id":"https:\/\/air-marine-int.com\/ca\/#website","url":"https:\/\/air-marine-int.com\/ca\/","name":"Air Marine Int","description":"Just another WordPress site","potentialAction":[{"@type":"SearchAction","target":{"@type":"EntryPoint","urlTemplate":"https:\/\/air-marine-int.com\/ca\/?s={search_term_string}"},"query-input":{"@type":"PropertyValueSpecification","valueRequired":true,"valueName":"search_term_string"}}],"inLanguage":"ca"}]}},"_links":{"self":[{"href":"https:\/\/air-marine-int.com\/ca\/wp-json\/wp\/v2\/pages\/2607","targetHints":{"allow":["GET"]}}],"collection":[{"href":"https:\/\/air-marine-int.com\/ca\/wp-json\/wp\/v2\/pages"}],"about":[{"href":"https:\/\/air-marine-int.com\/ca\/wp-json\/wp\/v2\/types\/page"}],"author":[{"embeddable":true,"href":"https:\/\/air-marine-int.com\/ca\/wp-json\/wp\/v2\/users\/2"}],"replies":[{"embeddable":true,"href":"https:\/\/air-marine-int.com\/ca\/wp-json\/wp\/v2\/comments?post=2607"}],"version-history":[{"count":0,"href":"https:\/\/air-marine-int.com\/ca\/wp-json\/wp\/v2\/pages\/2607\/revisions"}],"wp:attachment":[{"href":"https:\/\/air-marine-int.com\/ca\/wp-json\/wp\/v2\/media?parent=2607"}],"curies":[{"name":"wp","href":"https:\/\/api.w.org\/{rel}","templated":true}]}}