{"id":2611,"date":"2022-07-11T13:29:05","date_gmt":"2022-07-11T13:29:05","guid":{"rendered":"https:\/\/air-marine-int.com\/cookies-policy\/"},"modified":"2024-06-25T08:23:42","modified_gmt":"2024-06-25T08:23:42","slug":"cookies-policy","status":"publish","type":"page","link":"https:\/\/air-marine-int.com\/ca\/cookies-policy\/","title":{"rendered":"COOKIES POLICY"},"content":{"rendered":"<h2 class=\"x_MsoNormal\">POL\u00cdTICA D&#8217;IDENTIFICACI\u00d3 I DE COOKIES<\/h2>\n<p class=\"x_MsoNormal\">Aquest lloc web www.air-marine-int.com (d&#8217;ara endavant, el &#8220;Lloc Web&#8221;) \u00e9s propietat de AEROMEDICAL AND MARINE TRAINING AND RESCUE INTERNATIONAL, S.L., amb la societat AEROMEDICAL AND MARINE TRAINING AND RESCUE INTERNATIONAL, S.L., societat constitu\u00efda i existent d&#8217;acord amb la legislaci\u00f3 espanyola, amb domicili social a Cam\u00ed Sant Feliu, 8, 08191 Barcelona, \u200b\u200bi inscrita en el Registre Mercantil de Barcelona, \u200b\u200bcitant com a refer\u00e8ncia el volum 34612, foli 0043, secci\u00f3 general, full n\u00famero 252544, inscripci\u00f3 6a i titular del NIF. B-06899041.<\/p>\n<p class=\"x_MsoNormal\">A la nostra web utilitzem cookies pr\u00f2pies que ens permeten millorar l&#8217;experi\u00e8ncia de l&#8217;usuari i oferir continguts adaptats als vostres interessos gr\u00e0cies a la personalitzaci\u00f3 del contingut. Tamb\u00e9 fem servir cookies de tercers que personalitzen la publicitat de les p\u00e0gines que visiteu amb continguts d&#8217;inter\u00e8s per als nostres usuaris.<\/p>\n<p class=\"x_MsoNormal\">Si continueu navegant amb el vostre navegador configurat per acceptar cookies, entendrem que accepteu la instal\u00b7laci\u00f3 de cookies tal com es detalla a la Pol\u00edtica de Cookies.<\/p>\n<blockquote>\n<p class=\"x_MsoNormal\">INFORMACI\u00d3 B\u00c0SICA SOBRE LES COOKIES<\/p>\n<\/blockquote>\n<p class=\"x_MsoNormal\"><strong>Qu\u00e8 s\u00f3n les cookies?<\/strong><\/p>\n<p class=\"x_MsoNormal\">Les cookies s\u00f3n petits fragments d&#8217;informaci\u00f3 que s&#8217;emmagatzemen al navegador del vostre ordinador, tauleta o tel\u00e8fon m\u00f2bil quan visiteu el nostre lloc web, i que faciliten i personalitzen la navegaci\u00f3 quan visiteu les mateixes p\u00e0gines.<\/p>\n<p class=\"x_MsoNormal\"><strong>Qu\u00e8 fan les cookies?<\/strong><\/p>\n<p class=\"x_MsoNormal\">Les cookies no t&#8217;identifiquen personalment i no suposen cap risc per al teu ordinador o dispositiu m\u00f2bil. No s\u00f3n virus ni programari espia. Simplement s\u00f3n eines que fan servir els llocs web que visiteu per millorar la vostra experi\u00e8ncia de navegaci\u00f3, de manera que les vostres dades viatgin de manera segura a la web, per ajudar-nos a entendre quina informaci\u00f3 del nostre lloc web \u00e9s m\u00e9s \u00fatil per als nostres usuaris o per saber quines ofertes poden ser de inter\u00e8s per a cada usuari. I tot aix\u00f2 d&#8217;una manera totalment an\u00f2nima: mai sabrem el teu nom, adre\u00e7a o n\u00famero de tel\u00e8fon tret que ens els facilitis. Vost\u00e8 decideix si permet o no les cookies, per\u00f2 si decideix no permetre-les, les haur\u00e0 de bloquejar al seu navegador.<\/p>\n<p class=\"x_MsoNormal\">A m\u00e9s, heu de tenir en compte que si opteu per no permetre les galetes del lloc, algunes funcions del lloc poden no funcionar correctament i \u00e9s possible que no puguem adaptar la informaci\u00f3 que us proporcionem als vostres interessos.<\/p>\n","protected":false},"excerpt":{"rendered":"<p>POL\u00cdTICA D&#8217;IDENTIFICACI\u00d3 I DE COOKIES Aquest lloc web www.air-marine-int.com (d&#8217;ara endavant, el &#8220;Lloc Web&#8221;) \u00e9s propietat de AEROMEDICAL AND MARINE TRAINING AND RESCUE INTERNATIONAL, S.L., amb la societat AEROMEDICAL AND MARINE TRAINING AND RESCUE INTERNATIONAL, S.L., societat constitu\u00efda i existent d&#8217;acord amb la legislaci\u00f3 espanyola, amb domicili social a Cam\u00ed Sant Feliu, 8, 08191 Barcelona, [&hellip;]<\/p>\n","protected":false},"author":2,"featured_media":0,"parent":0,"menu_order":0,"comment_status":"closed","ping_status":"closed","template":"","meta":{"_acf_changed":false,"footnotes":""},"class_list":["post-2611","page","type-page","status-publish","hentry"],"acf":[],"yoast_head":"<!-- This site is optimized with the Yoast SEO plugin v27.5 - https:\/\/yoast.com\/product\/yoast-seo-wordpress\/ -->\n<title>COOKIES POLICY - Air Marine Int<\/title>\n<meta name=\"robots\" content=\"index, follow, max-snippet:-1, max-image-preview:large, max-video-preview:-1\" \/>\n<link rel=\"canonical\" href=\"https:\/\/air-marine-int.com\/ca\/cookies-policy\/\" \/>\n<meta property=\"og:locale\" content=\"ca_ES\" \/>\n<meta property=\"og:type\" content=\"article\" \/>\n<meta property=\"og:title\" content=\"COOKIES POLICY - Air Marine Int\" \/>\n<meta property=\"og:description\" content=\"POL\u00cdTICA D&#8217;IDENTIFICACI\u00d3 I DE COOKIES Aquest lloc web www.air-marine-int.com (d&#8217;ara endavant, el &#8220;Lloc Web&#8221;) \u00e9s propietat de AEROMEDICAL AND MARINE TRAINING AND RESCUE INTERNATIONAL, S.L., amb la societat AEROMEDICAL AND MARINE TRAINING AND RESCUE INTERNATIONAL, S.L., societat constitu\u00efda i existent d&#8217;acord amb la legislaci\u00f3 espanyola, amb domicili social a Cam\u00ed Sant Feliu, 8, 08191 Barcelona, [&hellip;]\" \/>\n<meta property=\"og:url\" content=\"https:\/\/air-marine-int.com\/ca\/cookies-policy\/\" \/>\n<meta property=\"og:site_name\" content=\"Air Marine Int\" \/>\n<meta property=\"article:modified_time\" content=\"2024-06-25T08:23:42+00:00\" \/>\n<meta name=\"twitter:card\" content=\"summary_large_image\" \/>\n<meta name=\"twitter:label1\" content=\"Temps estimat de lectura\" \/>\n\t<meta name=\"twitter:data1\" content=\"2 minuts\" \/>\n<script type=\"application\/ld+json\" class=\"yoast-schema-graph\">{\"@context\":\"https:\\\/\\\/schema.org\",\"@graph\":[{\"@type\":\"WebPage\",\"@id\":\"https:\\\/\\\/air-marine-int.com\\\/ca\\\/cookies-policy\\\/\",\"url\":\"https:\\\/\\\/air-marine-int.com\\\/ca\\\/cookies-policy\\\/\",\"name\":\"COOKIES POLICY - Air Marine Int\",\"isPartOf\":{\"@id\":\"https:\\\/\\\/air-marine-int.com\\\/ca\\\/#website\"},\"datePublished\":\"2022-07-11T13:29:05+00:00\",\"dateModified\":\"2024-06-25T08:23:42+00:00\",\"breadcrumb\":{\"@id\":\"https:\\\/\\\/air-marine-int.com\\\/ca\\\/cookies-policy\\\/#breadcrumb\"},\"inLanguage\":\"ca\",\"potentialAction\":[{\"@type\":\"ReadAction\",\"target\":[\"https:\\\/\\\/air-marine-int.com\\\/ca\\\/cookies-policy\\\/\"]}]},{\"@type\":\"BreadcrumbList\",\"@id\":\"https:\\\/\\\/air-marine-int.com\\\/ca\\\/cookies-policy\\\/#breadcrumb\",\"itemListElement\":[{\"@type\":\"ListItem\",\"position\":1,\"name\":\"Portada\",\"item\":\"https:\\\/\\\/air-marine-int.com\\\/ca\\\/home\\\/\"},{\"@type\":\"ListItem\",\"position\":2,\"name\":\"COOKIES POLICY\"}]},{\"@type\":\"WebSite\",\"@id\":\"https:\\\/\\\/air-marine-int.com\\\/ca\\\/#website\",\"url\":\"https:\\\/\\\/air-marine-int.com\\\/ca\\\/\",\"name\":\"Air Marine Int\",\"description\":\"Just another WordPress site\",\"potentialAction\":[{\"@type\":\"SearchAction\",\"target\":{\"@type\":\"EntryPoint\",\"urlTemplate\":\"https:\\\/\\\/air-marine-int.com\\\/ca\\\/?s={search_term_string}\"},\"query-input\":{\"@type\":\"PropertyValueSpecification\",\"valueRequired\":true,\"valueName\":\"search_term_string\"}}],\"inLanguage\":\"ca\"}]}<\/script>\n<!-- \/ Yoast SEO plugin. -->","yoast_head_json":{"title":"COOKIES POLICY - Air Marine Int","robots":{"index":"index","follow":"follow","max-snippet":"max-snippet:-1","max-image-preview":"max-image-preview:large","max-video-preview":"max-video-preview:-1"},"canonical":"https:\/\/air-marine-int.com\/ca\/cookies-policy\/","og_locale":"ca_ES","og_type":"article","og_title":"COOKIES POLICY - Air Marine Int","og_description":"POL\u00cdTICA D&#8217;IDENTIFICACI\u00d3 I DE COOKIES Aquest lloc web www.air-marine-int.com (d&#8217;ara endavant, el &#8220;Lloc Web&#8221;) \u00e9s propietat de AEROMEDICAL AND MARINE TRAINING AND RESCUE INTERNATIONAL, S.L., amb la societat AEROMEDICAL AND MARINE TRAINING AND RESCUE INTERNATIONAL, S.L., societat constitu\u00efda i existent d&#8217;acord amb la legislaci\u00f3 espanyola, amb domicili social a Cam\u00ed Sant Feliu, 8, 08191 Barcelona, [&hellip;]","og_url":"https:\/\/air-marine-int.com\/ca\/cookies-policy\/","og_site_name":"Air Marine Int","article_modified_time":"2024-06-25T08:23:42+00:00","twitter_card":"summary_large_image","twitter_misc":{"Temps estimat de lectura":"2 minuts"},"schema":{"@context":"https:\/\/schema.org","@graph":[{"@type":"WebPage","@id":"https:\/\/air-marine-int.com\/ca\/cookies-policy\/","url":"https:\/\/air-marine-int.com\/ca\/cookies-policy\/","name":"COOKIES POLICY - Air Marine Int","isPartOf":{"@id":"https:\/\/air-marine-int.com\/ca\/#website"},"datePublished":"2022-07-11T13:29:05+00:00","dateModified":"2024-06-25T08:23:42+00:00","breadcrumb":{"@id":"https:\/\/air-marine-int.com\/ca\/cookies-policy\/#breadcrumb"},"inLanguage":"ca","potentialAction":[{"@type":"ReadAction","target":["https:\/\/air-marine-int.com\/ca\/cookies-policy\/"]}]},{"@type":"BreadcrumbList","@id":"https:\/\/air-marine-int.com\/ca\/cookies-policy\/#breadcrumb","itemListElement":[{"@type":"ListItem","position":1,"name":"Portada","item":"https:\/\/air-marine-int.com\/ca\/home\/"},{"@type":"ListItem","position":2,"name":"COOKIES POLICY"}]},{"@type":"WebSite","@id":"https:\/\/air-marine-int.com\/ca\/#website","url":"https:\/\/air-marine-int.com\/ca\/","name":"Air Marine Int","description":"Just another WordPress site","potentialAction":[{"@type":"SearchAction","target":{"@type":"EntryPoint","urlTemplate":"https:\/\/air-marine-int.com\/ca\/?s={search_term_string}"},"query-input":{"@type":"PropertyValueSpecification","valueRequired":true,"valueName":"search_term_string"}}],"inLanguage":"ca"}]}},"_links":{"self":[{"href":"https:\/\/air-marine-int.com\/ca\/wp-json\/wp\/v2\/pages\/2611","targetHints":{"allow":["GET"]}}],"collection":[{"href":"https:\/\/air-marine-int.com\/ca\/wp-json\/wp\/v2\/pages"}],"about":[{"href":"https:\/\/air-marine-int.com\/ca\/wp-json\/wp\/v2\/types\/page"}],"author":[{"embeddable":true,"href":"https:\/\/air-marine-int.com\/ca\/wp-json\/wp\/v2\/users\/2"}],"replies":[{"embeddable":true,"href":"https:\/\/air-marine-int.com\/ca\/wp-json\/wp\/v2\/comments?post=2611"}],"version-history":[{"count":0,"href":"https:\/\/air-marine-int.com\/ca\/wp-json\/wp\/v2\/pages\/2611\/revisions"}],"wp:attachment":[{"href":"https:\/\/air-marine-int.com\/ca\/wp-json\/wp\/v2\/media?parent=2611"}],"curies":[{"name":"wp","href":"https:\/\/api.w.org\/{rel}","templated":true}]}}