{"id":2616,"date":"2022-07-15T06:53:47","date_gmt":"2022-07-15T06:53:47","guid":{"rendered":"https:\/\/air-marine-int.com\/data-collection-clause\/"},"modified":"2024-06-25T08:27:01","modified_gmt":"2024-06-25T08:27:01","slug":"data-collection-clause","status":"publish","type":"page","link":"https:\/\/air-marine-int.com\/ca\/data-collection-clause\/","title":{"rendered":"Data Collection Clause"},"content":{"rendered":"<blockquote><p><strong style=\"font-size: 28px;\">Cl\u00e0usula de recollida de dades<\/strong><\/p><\/blockquote>\n<p>En compliment del que disposa la legislaci\u00f3 vigent en mat\u00e8ria de protecci\u00f3 de dades de car\u00e0cter personal, Reglament (UE) 2016\/679, de 27 d&#8217;abril de 2016 (RGPD), Llei Org\u00e0nica 3\/2018, de 5 de desembre (LOPDGDD), l&#8217;informem que les dades personals proporcionats seran processats per AEROMEDICAL &amp; ENTRENAMENT MAR\u00cd &amp; RESCUE INTERNATIONAL S.L., amb la finalitat(s) de realitzar la gesti\u00f3 administrativa, comptable i fiscal.<\/p>\n<p>Aquestes dades es conservaran durant el temps per a la finalitat per a la qual s&#8217;han obtingut i sempre que no exerceixi cap dret a qui les exerceixi. No es comunicaran a tercers, excepte obligaci\u00f3 legal, ni es realitzar\u00e0 cap transfer\u00e8ncia internacional de dades sense el seu consentiment previ. Un cop les seves dades ja no siguin necess\u00e0ries, seran eliminades amb les mesures de seguretat adequades.<\/p>\n<p>Aix\u00ed mateix, l&#8217;informem que t\u00e9 dret a sol\u00b7licitar l&#8217;acc\u00e9s, rectificaci\u00f3, portabilitat i supressi\u00f3 de les seves dades i la limitaci\u00f3 i oposici\u00f3 al seu tractament dirigint-se a AEROMEDICAL &amp; ENTRENAMENT MAR\u00cd &amp; RESCUE INTERNATIONAL, S.L.., amb domicili a CAMINO DE CAN FELIU,18 08191 RUB\u00cd (BARCELONA) o enviant un correu electr\u00f2nic a info@air-marine-int.com, juntament amb una fotoc\u00f2pia del seu DNI o document an\u00e0leg en dret, indicant el tipus de dret que voleu exercir. Tamb\u00e9 tens dret a retirar el teu consentiment en qualsevol moment. La retirada del consentiment no afectar\u00e0 la licitud del tractament realitzat abans de la retirada del mateix. Tamb\u00e9 t\u00e9 dret a presentar una reclamaci\u00f3, si considera que el tractament de les dades personals no s&#8217;ajusta a la normativa vigent, davant l&#8217;Autoritat de Control (www.agpd.es).<\/p>\n<p>Amb la signatura d&#8217;aquest document, el signatari es considera informat i d\u00f3na el seu consentiment per al tractament de les dades referides.<\/p>\n<table>\n<tbody>\n<tr>\n<td width=\"667\">\u00a0Nom i cognom:<\/td>\n<td width=\"7\">Signatura<\/td>\n<\/tr>\n<tr>\n<td width=\"133\">\u00a0N\u00famero d&#8217;identificaci\u00f3:<\/td>\n<td width=\"133\"><\/td>\n<\/tr>\n<tr>\n<td width=\"133\">\u00a0Data:<\/td>\n<td width=\"133\"><\/td>\n<\/tr>\n<\/tbody>\n<\/table>\n<p>&nbsp;<\/p>\n<h2><\/h2>\n","protected":false},"excerpt":{"rendered":"<p>Cl\u00e0usula de recollida de dades En compliment del que disposa la legislaci\u00f3 vigent en mat\u00e8ria de protecci\u00f3 de dades de car\u00e0cter personal, Reglament (UE) 2016\/679, de 27 d&#8217;abril de 2016 (RGPD), Llei Org\u00e0nica 3\/2018, de 5 de desembre (LOPDGDD), l&#8217;informem que les dades personals proporcionats seran processats per AEROMEDICAL &amp; ENTRENAMENT MAR\u00cd &amp; RESCUE INTERNATIONAL [&hellip;]<\/p>\n","protected":false},"author":2,"featured_media":0,"parent":0,"menu_order":0,"comment_status":"closed","ping_status":"closed","template":"","meta":{"_acf_changed":false,"footnotes":""},"class_list":["post-2616","page","type-page","status-publish","hentry"],"acf":[],"yoast_head":"<!-- This site is optimized with the Yoast SEO plugin v27.5 - https:\/\/yoast.com\/product\/yoast-seo-wordpress\/ -->\n<title>Data Collection Clause - Air Marine Int<\/title>\n<meta name=\"robots\" content=\"index, follow, max-snippet:-1, max-image-preview:large, max-video-preview:-1\" \/>\n<link rel=\"canonical\" href=\"https:\/\/air-marine-int.com\/ca\/data-collection-clause\/\" \/>\n<meta property=\"og:locale\" content=\"ca_ES\" \/>\n<meta property=\"og:type\" content=\"article\" \/>\n<meta property=\"og:title\" content=\"Data Collection Clause - Air Marine Int\" \/>\n<meta property=\"og:description\" content=\"Cl\u00e0usula de recollida de dades En compliment del que disposa la legislaci\u00f3 vigent en mat\u00e8ria de protecci\u00f3 de dades de car\u00e0cter personal, Reglament (UE) 2016\/679, de 27 d&#8217;abril de 2016 (RGPD), Llei Org\u00e0nica 3\/2018, de 5 de desembre (LOPDGDD), l&#8217;informem que les dades personals proporcionats seran processats per AEROMEDICAL &amp; ENTRENAMENT MAR\u00cd &amp; RESCUE INTERNATIONAL [&hellip;]\" \/>\n<meta property=\"og:url\" content=\"https:\/\/air-marine-int.com\/ca\/data-collection-clause\/\" \/>\n<meta property=\"og:site_name\" content=\"Air Marine Int\" \/>\n<meta property=\"article:modified_time\" content=\"2024-06-25T08:27:01+00:00\" \/>\n<meta name=\"twitter:card\" content=\"summary_large_image\" \/>\n<meta name=\"twitter:label1\" content=\"Temps estimat de lectura\" \/>\n\t<meta name=\"twitter:data1\" content=\"2 minuts\" \/>\n<script type=\"application\/ld+json\" class=\"yoast-schema-graph\">{\"@context\":\"https:\\\/\\\/schema.org\",\"@graph\":[{\"@type\":\"WebPage\",\"@id\":\"https:\\\/\\\/air-marine-int.com\\\/ca\\\/data-collection-clause\\\/\",\"url\":\"https:\\\/\\\/air-marine-int.com\\\/ca\\\/data-collection-clause\\\/\",\"name\":\"Data Collection Clause - Air Marine Int\",\"isPartOf\":{\"@id\":\"https:\\\/\\\/air-marine-int.com\\\/ca\\\/#website\"},\"datePublished\":\"2022-07-15T06:53:47+00:00\",\"dateModified\":\"2024-06-25T08:27:01+00:00\",\"breadcrumb\":{\"@id\":\"https:\\\/\\\/air-marine-int.com\\\/ca\\\/data-collection-clause\\\/#breadcrumb\"},\"inLanguage\":\"ca\",\"potentialAction\":[{\"@type\":\"ReadAction\",\"target\":[\"https:\\\/\\\/air-marine-int.com\\\/ca\\\/data-collection-clause\\\/\"]}]},{\"@type\":\"BreadcrumbList\",\"@id\":\"https:\\\/\\\/air-marine-int.com\\\/ca\\\/data-collection-clause\\\/#breadcrumb\",\"itemListElement\":[{\"@type\":\"ListItem\",\"position\":1,\"name\":\"Portada\",\"item\":\"https:\\\/\\\/air-marine-int.com\\\/ca\\\/home\\\/\"},{\"@type\":\"ListItem\",\"position\":2,\"name\":\"Data Collection Clause\"}]},{\"@type\":\"WebSite\",\"@id\":\"https:\\\/\\\/air-marine-int.com\\\/ca\\\/#website\",\"url\":\"https:\\\/\\\/air-marine-int.com\\\/ca\\\/\",\"name\":\"Air Marine Int\",\"description\":\"Just another WordPress site\",\"potentialAction\":[{\"@type\":\"SearchAction\",\"target\":{\"@type\":\"EntryPoint\",\"urlTemplate\":\"https:\\\/\\\/air-marine-int.com\\\/ca\\\/?s={search_term_string}\"},\"query-input\":{\"@type\":\"PropertyValueSpecification\",\"valueRequired\":true,\"valueName\":\"search_term_string\"}}],\"inLanguage\":\"ca\"}]}<\/script>\n<!-- \/ Yoast SEO plugin. -->","yoast_head_json":{"title":"Data Collection Clause - Air Marine Int","robots":{"index":"index","follow":"follow","max-snippet":"max-snippet:-1","max-image-preview":"max-image-preview:large","max-video-preview":"max-video-preview:-1"},"canonical":"https:\/\/air-marine-int.com\/ca\/data-collection-clause\/","og_locale":"ca_ES","og_type":"article","og_title":"Data Collection Clause - Air Marine Int","og_description":"Cl\u00e0usula de recollida de dades En compliment del que disposa la legislaci\u00f3 vigent en mat\u00e8ria de protecci\u00f3 de dades de car\u00e0cter personal, Reglament (UE) 2016\/679, de 27 d&#8217;abril de 2016 (RGPD), Llei Org\u00e0nica 3\/2018, de 5 de desembre (LOPDGDD), l&#8217;informem que les dades personals proporcionats seran processats per AEROMEDICAL &amp; ENTRENAMENT MAR\u00cd &amp; RESCUE INTERNATIONAL [&hellip;]","og_url":"https:\/\/air-marine-int.com\/ca\/data-collection-clause\/","og_site_name":"Air Marine Int","article_modified_time":"2024-06-25T08:27:01+00:00","twitter_card":"summary_large_image","twitter_misc":{"Temps estimat de lectura":"2 minuts"},"schema":{"@context":"https:\/\/schema.org","@graph":[{"@type":"WebPage","@id":"https:\/\/air-marine-int.com\/ca\/data-collection-clause\/","url":"https:\/\/air-marine-int.com\/ca\/data-collection-clause\/","name":"Data Collection Clause - Air Marine Int","isPartOf":{"@id":"https:\/\/air-marine-int.com\/ca\/#website"},"datePublished":"2022-07-15T06:53:47+00:00","dateModified":"2024-06-25T08:27:01+00:00","breadcrumb":{"@id":"https:\/\/air-marine-int.com\/ca\/data-collection-clause\/#breadcrumb"},"inLanguage":"ca","potentialAction":[{"@type":"ReadAction","target":["https:\/\/air-marine-int.com\/ca\/data-collection-clause\/"]}]},{"@type":"BreadcrumbList","@id":"https:\/\/air-marine-int.com\/ca\/data-collection-clause\/#breadcrumb","itemListElement":[{"@type":"ListItem","position":1,"name":"Portada","item":"https:\/\/air-marine-int.com\/ca\/home\/"},{"@type":"ListItem","position":2,"name":"Data Collection Clause"}]},{"@type":"WebSite","@id":"https:\/\/air-marine-int.com\/ca\/#website","url":"https:\/\/air-marine-int.com\/ca\/","name":"Air Marine Int","description":"Just another WordPress site","potentialAction":[{"@type":"SearchAction","target":{"@type":"EntryPoint","urlTemplate":"https:\/\/air-marine-int.com\/ca\/?s={search_term_string}"},"query-input":{"@type":"PropertyValueSpecification","valueRequired":true,"valueName":"search_term_string"}}],"inLanguage":"ca"}]}},"_links":{"self":[{"href":"https:\/\/air-marine-int.com\/ca\/wp-json\/wp\/v2\/pages\/2616","targetHints":{"allow":["GET"]}}],"collection":[{"href":"https:\/\/air-marine-int.com\/ca\/wp-json\/wp\/v2\/pages"}],"about":[{"href":"https:\/\/air-marine-int.com\/ca\/wp-json\/wp\/v2\/types\/page"}],"author":[{"embeddable":true,"href":"https:\/\/air-marine-int.com\/ca\/wp-json\/wp\/v2\/users\/2"}],"replies":[{"embeddable":true,"href":"https:\/\/air-marine-int.com\/ca\/wp-json\/wp\/v2\/comments?post=2616"}],"version-history":[{"count":0,"href":"https:\/\/air-marine-int.com\/ca\/wp-json\/wp\/v2\/pages\/2616\/revisions"}],"wp:attachment":[{"href":"https:\/\/air-marine-int.com\/ca\/wp-json\/wp\/v2\/media?parent=2616"}],"curies":[{"name":"wp","href":"https:\/\/api.w.org\/{rel}","templated":true}]}}