{"id":3533,"date":"2025-10-13T13:29:44","date_gmt":"2025-10-13T13:29:44","guid":{"rendered":"https:\/\/air-marine-int.com\/?page_id=3533"},"modified":"2025-10-15T08:01:05","modified_gmt":"2025-10-15T08:01:05","slug":"consulta-medica","status":"publish","type":"page","link":"https:\/\/air-marine-int.com\/ca\/consulta-medica\/","title":{"rendered":"Consulta M\u00e8dica"},"content":{"rendered":"<div id='av-layout-grid-1'  class='av-layout-grid-container av-1jevzx-3330558129402b3ee3ff317f49beb5cc entry-content-wrapper main_color av-flex-cells  avia-builder-el-0  el_before_av_section  avia-builder-el-first   container_wrap fullsize'  >\n\n<style type=\"text\/css\" data-created_by=\"avia_inline_auto\" id=\"style-css-av-dyy7pp-6bd45262332379121cf493bca7e5e9fd\">\n.flex_cell.av-dyy7pp-6bd45262332379121cf493bca7e5e9fd{\nvertical-align:middle;\nbackground-color:rgba(92,193,185,0.2);\n}\n<\/style>\n<div class='flex_cell av-dyy7pp-6bd45262332379121cf493bca7e5e9fd av-gridrow-cell av_two_fifth no_margin  avia-builder-el-1  el_before_av_cell_three_fifth  avia-builder-el-first  content-align-middle avia-full-contain'  ><div class='flex_cell_inner'><div  class='flex_column av-chu4u5-e7ad83df87e22e54b0f601782ec3f657 av_one_full  avia-builder-el-2  avia-builder-el-no-sibling  first flex_column_div  '     ><style type=\"text\/css\" data-created_by=\"avia_inline_auto\" id=\"style-css-av-avxatp-da2a88bacc4694a4e53dcfe3d55775a2\">\n.avia-image-container.av-avxatp-da2a88bacc4694a4e53dcfe3d55775a2 img.avia_image{\nbox-shadow:none;\n}\n.avia-image-container.av-avxatp-da2a88bacc4694a4e53dcfe3d55775a2 .av-image-caption-overlay-center{\ncolor:#ffffff;\n}\n<\/style>\n<div  class='avia-image-container av-avxatp-da2a88bacc4694a4e53dcfe3d55775a2 av-styling- avia-align-center  avia-builder-el-3  avia-builder-el-no-sibling '   itemprop=\"image\" itemscope=\"itemscope\" itemtype=\"https:\/\/schema.org\/ImageObject\" ><div class=\"avia-image-container-inner\"><div class=\"avia-image-overlay-wrap\"><img decoding=\"async\" fetchpriority=\"high\" class='wp-image-3578 avia-img-lazy-loading-not-3578 avia_image ' src=\"https:\/\/air-marine-int.com\/wp-content\/uploads\/2025\/10\/FotoTitular-ConsultaMedica-AirMarine-2.png\" alt='' title='FotoTitular-ConsultaMedica-AirMarine-2'  height=\"800\" width=\"911\"  itemprop=\"thumbnailUrl\" srcset=\"https:\/\/air-marine-int.com\/wp-content\/uploads\/2025\/10\/FotoTitular-ConsultaMedica-AirMarine-2.png 911w, https:\/\/air-marine-int.com\/wp-content\/uploads\/2025\/10\/FotoTitular-ConsultaMedica-AirMarine-2-300x263.png 300w, https:\/\/air-marine-int.com\/wp-content\/uploads\/2025\/10\/FotoTitular-ConsultaMedica-AirMarine-2-768x674.png 768w, https:\/\/air-marine-int.com\/wp-content\/uploads\/2025\/10\/FotoTitular-ConsultaMedica-AirMarine-2-705x619.png 705w\" sizes=\"(max-width: 911px) 100vw, 911px\" \/><\/div><\/div><\/div><\/div>\n<\/div><\/div>\n<style type=\"text\/css\" data-created_by=\"avia_inline_auto\" id=\"style-css-av-9osvh9-42aa134fe713dec378a3eb9409403cbe\">\n.flex_cell.av-9osvh9-42aa134fe713dec378a3eb9409403cbe{\nvertical-align:middle;\nbackground-color:rgba(92,193,185,0.2);\n}\n.responsive #top #wrap_all .flex_cell.av-9osvh9-42aa134fe713dec378a3eb9409403cbe{\npadding:50px 100px 50px 100px !important;\n}\n<\/style>\n<div class='flex_cell av-9osvh9-42aa134fe713dec378a3eb9409403cbe av-gridrow-cell av_three_fifth no_margin  avia-builder-el-4  el_after_av_cell_two_fifth  avia-builder-el-last  content-align-middle avia-full-contain'  ><div class='flex_cell_inner'><div  class='flex_column av-83oz4t-29e6af6ed3c81ef19a15734f755038bc av_one_full  avia-builder-el-5  avia-builder-el-no-sibling  first flex_column_div  '     ><section  class='av_textblock_section av-mgp5yh66-200ceb5caf140ce394e71701cd9c1b67 '   itemscope=\"itemscope\" itemtype=\"https:\/\/schema.org\/CreativeWork\" ><div class='avia_textblock'  itemprop=\"text\" ><h1 style=\"text-align: center; font-size: 40pt; color: #5cc1b9;\">CONSULTA M\u00c8DICA<\/h1>\n<\/div><\/section><br \/>\n<section  class='av_textblock_section av-mgqea3mg-3a4282129db7ed772424edd444dcbef5 '   itemscope=\"itemscope\" itemtype=\"https:\/\/schema.org\/CreativeWork\" ><div class='avia_textblock'  itemprop=\"text\" ><h2 style=\"text-align: center; font-weight: 500;\">Fortea Vitalis<\/h2>\n<\/div><\/section><br \/>\n<section  class='av_textblock_section av-mgp5zpcz-8c36262373491b3570dcbb55f7b90a10 '   itemscope=\"itemscope\" itemtype=\"https:\/\/schema.org\/CreativeWork\" ><div class='avia_textblock'  itemprop=\"text\" ><p style=\"text-align: center; font-size: 18pt; line-height: 1.3;\">La Dra. Fortea, amb m\u00e9s de 20 anys d&#8217;experi\u00e8ncia en Medicina Regenerativa, Cirurgia Ortop\u00e8dica i traumatologia, ofereix tractaments d&#8217;infiltraci\u00f3 altament especialitzats i efectius per alleugerir el dolor articular i la regeneraci\u00f3 de teixits.<\/p>\n<\/div><\/section><\/p><\/div>\n<\/div><\/div>\n<\/div>\n<div id='av_section_1'  class='avia-section av-59vmz1-169d385abd7581920fd9fe4857629817 main_color avia-section-default avia-no-border-styling  avia-builder-el-9  el_after_av_layout_row  el_before_av_section  av-small-hide av-mini-hide avia-bg-style-scroll container_wrap fullsize'  ><div class='container av-section-cont-open' ><div class='template-page content  av-content-full alpha units'><div class='post-entry post-entry-type-page post-entry-3533'><div class='entry-content-wrapper clearfix'>\n<div  class='flex_column av-4o6dz1-edb92dc10019bb7391f2da580b807ea3 av_one_full  avia-builder-el-10  avia-builder-el-no-sibling  first flex_column_div  '     ><style type=\"text\/css\" data-created_by=\"avia_inline_auto\" id=\"style-css-av-mgp606n6-c46c2bdfec310d1cacca9ec571cd780d\">\n#top .av_textblock_section.av-mgp606n6-c46c2bdfec310d1cacca9ec571cd780d .avia_textblock{\nfont-size:15px;\n}\n<\/style>\n<section  class='av_textblock_section av-mgp606n6-c46c2bdfec310d1cacca9ec571cd780d '   itemscope=\"itemscope\" itemtype=\"https:\/\/schema.org\/CreativeWork\" ><div class='avia_textblock'  itemprop=\"text\" ><blockquote>\n<p style=\"text-align: center;\">Les seves opcions inclouen infiltracions de PRP (factor de creixement), \u00e0cid hialur\u00f2nic i mon\u00f2cits, cadascuna aplicat per abordar necessitats espec\u00edfiques i adaptar-se a diverses lesions i condicions articulars i musculars.<\/p>\n<\/blockquote>\n<\/div><\/section><br \/>\n\n<style type=\"text\/css\" data-created_by=\"avia_inline_auto\" id=\"style-css-av-36488t-ba35e4dfae020679ff3393701f73859d\">\n#top .hr.hr-invisible.av-36488t-ba35e4dfae020679ff3393701f73859d{\nheight:20px;\n}\n<\/style>\n<div  class='hr av-36488t-ba35e4dfae020679ff3393701f73859d hr-invisible  avia-builder-el-12  el_after_av_textblock  el_before_av_textblock '><span class='hr-inner '><span class=\"hr-inner-style\"><\/span><\/span><\/div><br \/>\n<section  class='av_textblock_section av-mgp64txm-82ff7a73f6c2ca795cf660a39fe27e49 '   itemscope=\"itemscope\" itemtype=\"https:\/\/schema.org\/CreativeWork\" ><div class='avia_textblock'  itemprop=\"text\" ><ol>\n<li><strong>Infiltracions de PRP (Plasma Ric a Plaquetes):<\/strong> Aquest tractament utilitza factors de creixement derivats de la pr\u00f2pia sang del pacient per estimular la regeneraci\u00f3 i reparaci\u00f3 de teixits. \u00c9s ideal per a lesions esportives, tendinitis i artrosi en totes les etapes.<\/li>\n<li><strong>Infiltracions d&#8217;\u00c0cid Hialur\u00f2nic:<\/strong> Aquest m\u00e8tode ajuda a millorar la lubricaci\u00f3 i l&#8217;amortiment de les articulacions, reduint el dolor i millorant la mobilitat, especialment en casos de desgast articular com l&#8217;artrosi. \u00c9s una opci\u00f3 no invasiva i segura per al tractament de condicions articulars degeneratives.<\/li>\n<li><strong>Infiltracions de mon\u00f2cits:<\/strong> Aquest tractament es basa en l&#8217;aplicaci\u00f3 de c\u00e8l\u00b7lules immunit\u00e0ries que ajuden a reduir la inflamaci\u00f3 cr\u00f2nica i afavoreixen la reparaci\u00f3 de teixits en lesions articulars i musculars m\u00e9s complexes. \u00c9s particularment \u00fatil en lesions amb inflamaci\u00f3 cr\u00f2nica de llarga evoluci\u00f3.<\/li>\n<\/ol>\n<\/div><\/section><br \/>\n\n<style type=\"text\/css\" data-created_by=\"avia_inline_auto\" id=\"style-css-av-4hijpp-a50e1f1b106d8df4e2fa07a7413d48ad\">\n#top .hr.hr-invisible.av-4hijpp-a50e1f1b106d8df4e2fa07a7413d48ad{\nheight:20px;\n}\n<\/style>\n<div  class='hr av-4hijpp-a50e1f1b106d8df4e2fa07a7413d48ad hr-invisible  avia-builder-el-14  el_after_av_textblock  el_before_av_hr '><span class='hr-inner '><span class=\"hr-inner-style\"><\/span><\/span><\/div><br \/>\n\n<style type=\"text\/css\" data-created_by=\"avia_inline_auto\" id=\"style-css-av-38bbgt-8f62944bb041cecefb088a3f03383e5b\">\n#top .hr.hr-invisible.av-38bbgt-8f62944bb041cecefb088a3f03383e5b{\nheight:20px;\n}\n<\/style>\n<div  class='hr av-38bbgt-8f62944bb041cecefb088a3f03383e5b hr-invisible  avia-builder-el-15  el_after_av_hr  el_before_av_textblock '><span class='hr-inner '><span class=\"hr-inner-style\"><\/span><\/span><\/div><br \/>\n\n<style type=\"text\/css\" data-created_by=\"avia_inline_auto\" id=\"style-css-av-mgp6q334-477d0f8894fdd30a0d401dd919923f52\">\n#top .av_textblock_section.av-mgp6q334-477d0f8894fdd30a0d401dd919923f52 .avia_textblock{\ncolumn-count:2;\ncolumn-gap:20px;\n}\n<\/style>\n<section  class='av_textblock_section av-mgp6q334-477d0f8894fdd30a0d401dd919923f52 '   itemscope=\"itemscope\" itemtype=\"https:\/\/schema.org\/CreativeWork\" ><div class='avia_textblock av_multi_colums'  itemprop=\"text\" ><h4>Infiltracions de PRP (plasma ric en plaquetes)<\/h4>\n<p>Les infiltracions de <strong>PRP<\/strong> (plasma ric en plaquetes) s\u00f3n un tractament innovador i natural per a la recuperaci\u00f3 i regeneraci\u00f3 de teixits, especialment en lesions musculoesquel\u00e8tiques. Utilitzant components de la mateixa sang del pacient, el PRP estimula la regeneraci\u00f3 de teixits danyats i redueix el dolor i la inflamaci\u00f3. Aquest tractament \u00e9s ideal per als que busquen una opci\u00f3 no quir\u00fargica i efectiva per tractar lesions articulars, tendinitis, i altres afeccions del sistema musculoesquel\u00e8tic.<\/p>\n<p>Amb m\u00e9s de 20 anys d&#8217;experi\u00e8ncia en traumatologia, la Dra. Monica Fortea compta amb una reputaci\u00f3 excel\u00b7lent en el maneig d&#8217;aquest tipus de ter\u00e0pies avan\u00e7ades. La seva vasta traject\u00f2ria i el seu enfocament personalitzat brinden als pacients la confian\u00e7a que estan en mans expertes.<\/p>\n<p>El tractament est\u00e0ndard amb PRP consta de tres sessions, amb un cost d&#8217;entre 600 i 800 euros per sessi\u00f3. Aquest r\u00e8gim complet permet obtenir els m\u00e0xims beneficis quant a recuperaci\u00f3 i alleugeriment del dolor, millorant significativament la qualitat de vida dels seus pacients.<\/p>\n<h4>Infiltracions d&#8217;\u00e0cid hialur\u00f2nic<\/h4>\n<p>Les infiltracions d&#8217;\u00e0cid hialur\u00f2nic s\u00f3n un tractament efica\u00e7 i no invasiu que ajuda a reduir el dolor articular i millorar la mobilitat, especialment en casos d&#8217;artrosi o altres problemes de desgast articular. L&#8217;\u00e0cid hialur\u00f2nic actua com un lubricant natural i amortidor dins de les articulacions, cosa que permet un millor moviment i alleugeriment del dolor. Aquesta ter\u00e0pia \u00e9s ideal per als que busquen una alternativa no quir\u00fargica que els permeti recuperar la qualitat de vida.<\/p>\n<p>La Dra. Fortea ofereix tres tipus de tractaments amb \u00e0cid hialur\u00f2nic, cadascun amb diferents dosis i preus:<\/p>\n<ol>\n<li><strong>Tractament en tres dosis:<\/strong> Consisteix a aplicar \u00e0cid hialur\u00f2nic en tres sessions per millorar gradualment la hidrataci\u00f3 i el volum de la pell. Cada sessi\u00f3 t\u00e9 un cost de 75\u202f\u20ac (total: 225\u202f\u20ac).<\/li>\n<li><strong>Tractament Plus Fortea:<\/strong> Aquest tractament intensiu s&#8217;aplica a dues dosis, dissenyades per aconseguir resultats m\u00e9s notoris en menys temps. Cada dosi t\u00e9 un cost de 180 \u20ac (total: 360 \u20ac).<\/li>\n<li><strong>Monodosi:<\/strong> \u00c9s un tractament \u00fanic i m\u00e9s concentrat, ideal per als que busquen resultats immediats en una sola sessi\u00f3. El cost d&#8217;aquesta monodosi \u00e9s de 400 \u20ac.<\/li>\n<\/ol>\n<p><strong>Cada opci\u00f3 permet personalitzar el tractament segons el pressupost i el nivell de resultats desitjats.<\/strong><\/p>\n<h4>Infiltracions de mon\u00f2cits<\/h4>\n<p>Les infiltracions de mon\u00f2cits representen un tractament avan\u00e7at i altament efectiu per reduir la inflamaci\u00f3 cr\u00f2nica i promoure la reparaci\u00f3 de teixits en casos de lesions articulars i musculars complexes. Aquest m\u00e8tode utilitza c\u00e8l\u00b7lules immunit\u00e0ries per disminuir la inflamaci\u00f3 persistent i estimular la regeneraci\u00f3 del teixit afectat. \u00c9s especialment benefici\u00f3s per a pacients amb inflamaci\u00f3 cr\u00f2nica que no han respost adequadament altres tractaments.<\/p>\n<p>La Dra. Monica Fortea, traumat\u00f2loga de gran prestigi i amb m\u00e9s de dues d\u00e8cades d&#8217;experi\u00e8ncia, ofereix aquesta ter\u00e0pia avan\u00e7ada amb els est\u00e0ndards m\u00e9s alts de qualitat i atenci\u00f3. Aquest tractament consta d&#8217;una sola sessi\u00f3 i t\u00e9 un preu que varia entre 2.100 i 2.500 euros, garantint una cura exhaustiva i resultats \u00f2ptims per als pacients.<\/p>\n<\/div><\/section><\/p><\/div>\n\n<\/div><\/div><\/div><!-- close content main div --><\/div><\/div><div id='av_section_2'  class='avia-section av-mgrpbs2u-fab7163253a51bb225809a4b013b5706 main_color avia-section-default avia-no-border-styling  avia-builder-el-17  el_after_av_section  avia-builder-el-last  av-desktop-hide av-medium-hide avia-bg-style-scroll container_wrap fullsize'  ><div class='container av-section-cont-open' ><div class='template-page content  av-content-full alpha units'><div class='post-entry post-entry-type-page post-entry-3533'><div class='entry-content-wrapper clearfix'>\n<div  class='flex_column av-av_one_full-a93934ecd89fbb8a9566d39e89cd3725 av_one_full  avia-builder-el-18  avia-builder-el-no-sibling  first flex_column_div  '     ><style type=\"text\/css\" data-created_by=\"avia_inline_auto\" id=\"style-css-av-av_textblock-c465668fa0053f51fab6f3506a8d5675\">\n#top .av_textblock_section.av-av_textblock-c465668fa0053f51fab6f3506a8d5675 .avia_textblock{\nfont-size:15px;\n}\n<\/style>\n<section  class='av_textblock_section av-av_textblock-c465668fa0053f51fab6f3506a8d5675 '   itemscope=\"itemscope\" itemtype=\"https:\/\/schema.org\/CreativeWork\" ><div class='avia_textblock'  itemprop=\"text\" ><blockquote>\n<p style=\"text-align: center;\">Les seves opcions inclouen infiltracions de PRP (factor de creixement), \u00e0cid hialur\u00f2nic i mon\u00f2cits, cadascuna aplicat per abordar necessitats espec\u00edfiques i adaptar-se a diverses lesions i condicions articulars i musculars.<\/p>\n<\/blockquote>\n<\/div><\/section><br \/>\n\n<style type=\"text\/css\" data-created_by=\"avia_inline_auto\" id=\"style-css-av-av_hr-02349c1beab2949c090bc0e85b87d63d\">\n#top .hr.hr-invisible.av-av_hr-02349c1beab2949c090bc0e85b87d63d{\nheight:20px;\n}\n<\/style>\n<div  class='hr av-av_hr-02349c1beab2949c090bc0e85b87d63d hr-invisible  avia-builder-el-20  el_after_av_textblock  el_before_av_textblock '><span class='hr-inner '><span class=\"hr-inner-style\"><\/span><\/span><\/div><br \/>\n<section  class='av_textblock_section av-av_textblock-7fa0f915a031f38e6ad3c6ca97d129bf '   itemscope=\"itemscope\" itemtype=\"https:\/\/schema.org\/CreativeWork\" ><div class='avia_textblock'  itemprop=\"text\" ><ol>\n<li><strong>Infiltracions de PRP (Plasma Ric a Plaquetes):<\/strong> Aquest tractament utilitza factors de creixement derivats de la pr\u00f2pia sang del pacient per estimular la regeneraci\u00f3 i reparaci\u00f3 de teixits. \u00c9s ideal per a lesions esportives, tendinitis i artrosi en totes les etapes.<\/li>\n<li><strong>Infiltracions d&#8217;\u00c0cid Hialur\u00f2nic:<\/strong> Aquest m\u00e8tode ajuda a millorar la lubricaci\u00f3 i l&#8217;amortiment de les articulacions, reduint el dolor i millorant la mobilitat, especialment en casos de desgast articular com l&#8217;artrosi. \u00c9s una opci\u00f3 no invasiva i segura per al tractament de condicions articulars degeneratives.<\/li>\n<li><strong>Infiltracions de mon\u00f2cits:<\/strong> Aquest tractament es basa en l&#8217;aplicaci\u00f3 de c\u00e8l\u00b7lules immunit\u00e0ries que ajuden a reduir la inflamaci\u00f3 cr\u00f2nica i afavoreixen la reparaci\u00f3 de teixits en lesions articulars i musculars m\u00e9s complexes. \u00c9s particularment \u00fatil en lesions amb inflamaci\u00f3 cr\u00f2nica de llarga evoluci\u00f3.<\/li>\n<\/ol>\n<\/div><\/section><br \/>\n\n<style type=\"text\/css\" data-created_by=\"avia_inline_auto\" id=\"style-css-av-av_hr-02349c1beab2949c090bc0e85b87d63d\">\n#top .hr.hr-invisible.av-av_hr-02349c1beab2949c090bc0e85b87d63d{\nheight:20px;\n}\n<\/style>\n<div  class='hr av-av_hr-02349c1beab2949c090bc0e85b87d63d hr-invisible  avia-builder-el-22  el_after_av_textblock  el_before_av_hr '><span class='hr-inner '><span class=\"hr-inner-style\"><\/span><\/span><\/div><br \/>\n\n<style type=\"text\/css\" data-created_by=\"avia_inline_auto\" id=\"style-css-av-av_hr-02349c1beab2949c090bc0e85b87d63d\">\n#top .hr.hr-invisible.av-av_hr-02349c1beab2949c090bc0e85b87d63d{\nheight:20px;\n}\n<\/style>\n<div  class='hr av-av_hr-02349c1beab2949c090bc0e85b87d63d hr-invisible  avia-builder-el-23  el_after_av_hr  el_before_av_textblock '><span class='hr-inner '><span class=\"hr-inner-style\"><\/span><\/span><\/div><br \/>\n<section  class='av_textblock_section av-mgrpbxib-75c7609cb4b02234b6baeecef7d68821 '   itemscope=\"itemscope\" itemtype=\"https:\/\/schema.org\/CreativeWork\" ><div class='avia_textblock'  itemprop=\"text\" ><h4>Infiltracions de PRP (plasma ric en plaquetes)<\/h4>\n<p>Les infiltracions de <strong>PRP<\/strong> (plasma ric en plaquetes) s\u00f3n un tractament innovador i natural per a la recuperaci\u00f3 i regeneraci\u00f3 de teixits, especialment en lesions musculoesquel\u00e8tiques. Utilitzant components de la mateixa sang del pacient, el PRP estimula la regeneraci\u00f3 de teixits danyats i redueix el dolor i la inflamaci\u00f3. Aquest tractament \u00e9s ideal per als que busquen una opci\u00f3 no quir\u00fargica i efectiva per tractar lesions articulars, tendinitis, i altres afeccions del sistema musculoesquel\u00e8tic.<\/p>\n<p>Amb m\u00e9s de 20 anys d&#8217;experi\u00e8ncia en traumatologia, la Dra. Monica Fortea compta amb una reputaci\u00f3 excel\u00b7lent en el maneig d&#8217;aquest tipus de ter\u00e0pies avan\u00e7ades. La seva vasta traject\u00f2ria i el seu enfocament personalitzat brinden als pacients la confian\u00e7a que estan en mans expertes.<\/p>\n<p>El tractament est\u00e0ndard amb PRP consta de tres sessions, amb un cost d&#8217;entre 600 i 800 euros per sessi\u00f3. Aquest r\u00e8gim complet permet obtenir els m\u00e0xims beneficis quant a recuperaci\u00f3 i alleugeriment del dolor, millorant significativament la qualitat de vida dels seus pacients.<\/p>\n<h4>Infiltracions d&#8217;\u00e0cid hialur\u00f2nic<\/h4>\n<p>Les infiltracions d&#8217;\u00e0cid hialur\u00f2nic s\u00f3n un tractament efica\u00e7 i no invasiu que ajuda a reduir el dolor articular i millorar la mobilitat, especialment en casos d&#8217;artrosi o altres problemes de desgast articular. L&#8217;\u00e0cid hialur\u00f2nic actua com un lubricant natural i amortidor dins de les articulacions, cosa que permet un millor moviment i alleugeriment del dolor. Aquesta ter\u00e0pia \u00e9s ideal per als que busquen una alternativa no quir\u00fargica que els permeti recuperar la qualitat de vida.<\/p>\n<p>La Dra. Fortea ofereix tres tipus de tractaments amb \u00e0cid hialur\u00f2nic, cadascun amb diferents dosis i preus:<\/p>\n<ol>\n<li><strong>Tractament en tres dosis:<\/strong> Consisteix a aplicar \u00e0cid hialur\u00f2nic en tres sessions per millorar gradualment la hidrataci\u00f3 i el volum de la pell. Cada sessi\u00f3 t\u00e9 un cost de 75\u202f\u20ac (total: 225\u202f\u20ac).<\/li>\n<li><strong>Tractament Plus Fortea:<\/strong> Aquest tractament intensiu s&#8217;aplica a dues dosis, dissenyades per aconseguir resultats m\u00e9s notoris en menys temps. Cada dosi t\u00e9 un cost de 180 \u20ac (total: 360 \u20ac).<\/li>\n<li><strong>Monodosi:<\/strong> \u00c9s un tractament \u00fanic i m\u00e9s concentrat, ideal per als que busquen resultats immediats en una sola sessi\u00f3. El cost d&#8217;aquesta monodosi \u00e9s de 400 \u20ac.<\/li>\n<\/ol>\n<p><strong>Cada opci\u00f3 permet personalitzar el tractament segons el pressupost i el nivell de resultats desitjats.<\/strong><\/p>\n<h4>Infiltracions de mon\u00f2cits<\/h4>\n<p>Les infiltracions de mon\u00f2cits representen un tractament avan\u00e7at i altament efectiu per reduir la inflamaci\u00f3 cr\u00f2nica i promoure la reparaci\u00f3 de teixits en casos de lesions articulars i musculars complexes. Aquest m\u00e8tode utilitza c\u00e8l\u00b7lules immunit\u00e0ries per disminuir la inflamaci\u00f3 persistent i estimular la regeneraci\u00f3 del teixit afectat. \u00c9s especialment benefici\u00f3s per a pacients amb inflamaci\u00f3 cr\u00f2nica que no han respost adequadament altres tractaments.<\/p>\n<p>La Dra. Monica Fortea, traumat\u00f2loga de gran prestigi i amb m\u00e9s de dues d\u00e8cades d&#8217;experi\u00e8ncia, ofereix aquesta ter\u00e0pia avan\u00e7ada amb els est\u00e0ndards m\u00e9s alts de qualitat i atenci\u00f3. Aquest tractament consta d&#8217;una sola sessi\u00f3 i t\u00e9 un preu que varia entre 2.100 i 2.500 euros, garantint una cura exhaustiva i resultats \u00f2ptims per als pacients.<\/p>\n<\/div><\/section><\/p><\/div>\n","protected":false},"excerpt":{"rendered":"","protected":false},"author":2,"featured_media":0,"parent":0,"menu_order":0,"comment_status":"closed","ping_status":"closed","template":"","meta":{"_acf_changed":false,"footnotes":""},"class_list":["post-3533","page","type-page","status-publish","hentry"],"acf":[],"yoast_head":"<!-- This site is optimized with the Yoast SEO plugin v27.5 - https:\/\/yoast.com\/product\/yoast-seo-wordpress\/ -->\n<title>Consulta M\u00e8dica - Air Marine Int<\/title>\n<meta name=\"robots\" content=\"index, follow, max-snippet:-1, max-image-preview:large, max-video-preview:-1\" \/>\n<link rel=\"canonical\" href=\"https:\/\/air-marine-int.com\/ca\/consulta-medica\/\" \/>\n<meta property=\"og:locale\" content=\"ca_ES\" \/>\n<meta property=\"og:type\" content=\"article\" \/>\n<meta property=\"og:title\" content=\"Consulta M\u00e8dica - Air Marine Int\" \/>\n<meta property=\"og:url\" content=\"https:\/\/air-marine-int.com\/ca\/consulta-medica\/\" \/>\n<meta property=\"og:site_name\" content=\"Air Marine Int\" \/>\n<meta property=\"article:modified_time\" content=\"2025-10-15T08:01:05+00:00\" \/>\n<meta name=\"twitter:card\" content=\"summary_large_image\" \/>\n<meta name=\"twitter:label1\" content=\"Temps estimat de lectura\" \/>\n\t<meta name=\"twitter:data1\" content=\"7 minuts\" \/>\n<script type=\"application\/ld+json\" class=\"yoast-schema-graph\">{\"@context\":\"https:\\\/\\\/schema.org\",\"@graph\":[{\"@type\":\"WebPage\",\"@id\":\"https:\\\/\\\/air-marine-int.com\\\/ca\\\/consulta-medica\\\/\",\"url\":\"https:\\\/\\\/air-marine-int.com\\\/ca\\\/consulta-medica\\\/\",\"name\":\"Consulta M\u00e8dica - Air Marine Int\",\"isPartOf\":{\"@id\":\"https:\\\/\\\/air-marine-int.com\\\/ca\\\/#website\"},\"datePublished\":\"2025-10-13T13:29:44+00:00\",\"dateModified\":\"2025-10-15T08:01:05+00:00\",\"breadcrumb\":{\"@id\":\"https:\\\/\\\/air-marine-int.com\\\/ca\\\/consulta-medica\\\/#breadcrumb\"},\"inLanguage\":\"ca\",\"potentialAction\":[{\"@type\":\"ReadAction\",\"target\":[\"https:\\\/\\\/air-marine-int.com\\\/ca\\\/consulta-medica\\\/\"]}]},{\"@type\":\"BreadcrumbList\",\"@id\":\"https:\\\/\\\/air-marine-int.com\\\/ca\\\/consulta-medica\\\/#breadcrumb\",\"itemListElement\":[{\"@type\":\"ListItem\",\"position\":1,\"name\":\"Portada\",\"item\":\"https:\\\/\\\/air-marine-int.com\\\/ca\\\/home\\\/\"},{\"@type\":\"ListItem\",\"position\":2,\"name\":\"Consulta M\u00e8dica\"}]},{\"@type\":\"WebSite\",\"@id\":\"https:\\\/\\\/air-marine-int.com\\\/ca\\\/#website\",\"url\":\"https:\\\/\\\/air-marine-int.com\\\/ca\\\/\",\"name\":\"Air Marine Int\",\"description\":\"Just another WordPress site\",\"potentialAction\":[{\"@type\":\"SearchAction\",\"target\":{\"@type\":\"EntryPoint\",\"urlTemplate\":\"https:\\\/\\\/air-marine-int.com\\\/ca\\\/?s={search_term_string}\"},\"query-input\":{\"@type\":\"PropertyValueSpecification\",\"valueRequired\":true,\"valueName\":\"search_term_string\"}}],\"inLanguage\":\"ca\"}]}<\/script>\n<!-- \/ Yoast SEO plugin. -->","yoast_head_json":{"title":"Consulta M\u00e8dica - Air Marine Int","robots":{"index":"index","follow":"follow","max-snippet":"max-snippet:-1","max-image-preview":"max-image-preview:large","max-video-preview":"max-video-preview:-1"},"canonical":"https:\/\/air-marine-int.com\/ca\/consulta-medica\/","og_locale":"ca_ES","og_type":"article","og_title":"Consulta M\u00e8dica - Air Marine Int","og_url":"https:\/\/air-marine-int.com\/ca\/consulta-medica\/","og_site_name":"Air Marine Int","article_modified_time":"2025-10-15T08:01:05+00:00","twitter_card":"summary_large_image","twitter_misc":{"Temps estimat de lectura":"7 minuts"},"schema":{"@context":"https:\/\/schema.org","@graph":[{"@type":"WebPage","@id":"https:\/\/air-marine-int.com\/ca\/consulta-medica\/","url":"https:\/\/air-marine-int.com\/ca\/consulta-medica\/","name":"Consulta M\u00e8dica - Air Marine Int","isPartOf":{"@id":"https:\/\/air-marine-int.com\/ca\/#website"},"datePublished":"2025-10-13T13:29:44+00:00","dateModified":"2025-10-15T08:01:05+00:00","breadcrumb":{"@id":"https:\/\/air-marine-int.com\/ca\/consulta-medica\/#breadcrumb"},"inLanguage":"ca","potentialAction":[{"@type":"ReadAction","target":["https:\/\/air-marine-int.com\/ca\/consulta-medica\/"]}]},{"@type":"BreadcrumbList","@id":"https:\/\/air-marine-int.com\/ca\/consulta-medica\/#breadcrumb","itemListElement":[{"@type":"ListItem","position":1,"name":"Portada","item":"https:\/\/air-marine-int.com\/ca\/home\/"},{"@type":"ListItem","position":2,"name":"Consulta M\u00e8dica"}]},{"@type":"WebSite","@id":"https:\/\/air-marine-int.com\/ca\/#website","url":"https:\/\/air-marine-int.com\/ca\/","name":"Air Marine Int","description":"Just another WordPress site","potentialAction":[{"@type":"SearchAction","target":{"@type":"EntryPoint","urlTemplate":"https:\/\/air-marine-int.com\/ca\/?s={search_term_string}"},"query-input":{"@type":"PropertyValueSpecification","valueRequired":true,"valueName":"search_term_string"}}],"inLanguage":"ca"}]}},"_links":{"self":[{"href":"https:\/\/air-marine-int.com\/ca\/wp-json\/wp\/v2\/pages\/3533","targetHints":{"allow":["GET"]}}],"collection":[{"href":"https:\/\/air-marine-int.com\/ca\/wp-json\/wp\/v2\/pages"}],"about":[{"href":"https:\/\/air-marine-int.com\/ca\/wp-json\/wp\/v2\/types\/page"}],"author":[{"embeddable":true,"href":"https:\/\/air-marine-int.com\/ca\/wp-json\/wp\/v2\/users\/2"}],"replies":[{"embeddable":true,"href":"https:\/\/air-marine-int.com\/ca\/wp-json\/wp\/v2\/comments?post=3533"}],"version-history":[{"count":0,"href":"https:\/\/air-marine-int.com\/ca\/wp-json\/wp\/v2\/pages\/3533\/revisions"}],"wp:attachment":[{"href":"https:\/\/air-marine-int.com\/ca\/wp-json\/wp\/v2\/media?parent=3533"}],"curies":[{"name":"wp","href":"https:\/\/api.w.org\/{rel}","templated":true}]}}