{"id":1996,"date":"2022-05-30T10:32:55","date_gmt":"2022-05-30T10:32:55","guid":{"rendered":"https:\/\/air-marine-int.com\/contact\/"},"modified":"2025-11-07T08:50:49","modified_gmt":"2025-11-07T08:50:49","slug":"contactenos","status":"publish","type":"page","link":"https:\/\/air-marine-int.com\/es\/contactenos\/","title":{"rendered":"CONT\u00c1CTENOS"},"content":{"rendered":"<div id='av_section_1'  class='avia-section av-av_section-2dcb3d115e2e5af9a73072e0505910f8 main_color avia-section-default avia-no-border-styling  avia-builder-el-0  avia-builder-el-no-sibling  avia-bg-style-scroll container_wrap fullsize'  ><div class='container av-section-cont-open' ><main  role=\"main\" itemprop=\"mainContentOfPage\"  class='template-page content  av-content-full alpha units'><div class='post-entry post-entry-type-page post-entry-1996'><div class='entry-content-wrapper clearfix'>\n<div  class='flex_column av-av_one_full-a93934ecd89fbb8a9566d39e89cd3725 av_one_full  avia-builder-el-1  el_before_av_hr  avia-builder-el-first  first flex_column_div  '     ><style type=\"text\/css\" data-created_by=\"avia_inline_auto\" id=\"style-css-av-mhom6u5o-e119bf4a69d1d92aa3e725477676bd3a\">\n#top .av_textblock_section.av-mhom6u5o-e119bf4a69d1d92aa3e725477676bd3a .avia_textblock{\ncolor:#ffffff;\n}\n<\/style>\n<section  class='av_textblock_section av-mhom6u5o-e119bf4a69d1d92aa3e725477676bd3a '   itemscope=\"itemscope\" itemtype=\"https:\/\/schema.org\/CreativeWork\" ><div class='avia_textblock av_inherit_color'  itemprop=\"text\" ><h1 style=\"text-align: center; font-size;40pt; color: #5cc1b9;\">CONT\u00c1CTANOS<\/h1>\n<\/div><\/section><br \/>\n\n<style type=\"text\/css\" data-created_by=\"avia_inline_auto\" id=\"style-css-av-av_hr-82f5be0ae0af6a64fe3091010b237709\">\n#top .hr.hr-invisible.av-av_hr-82f5be0ae0af6a64fe3091010b237709{\nheight:20px;\n}\n<\/style>\n<div  class='hr av-av_hr-82f5be0ae0af6a64fe3091010b237709 hr-invisible  avia-builder-el-3  el_after_av_textblock  el_before_av_textblock '><span class='hr-inner '><span class=\"hr-inner-style\"><\/span><\/span><\/div><br \/>\n\n<style type=\"text\/css\" data-created_by=\"avia_inline_auto\" id=\"style-css-av-mhom7fur-94b21d9eac51d2a2d9a5381272d8fcd2\">\n#top .av_textblock_section.av-mhom7fur-94b21d9eac51d2a2d9a5381272d8fcd2 .avia_textblock{\nfont-size:14px;\n}\n<\/style>\n<section  class='av_textblock_section av-mhom7fur-94b21d9eac51d2a2d9a5381272d8fcd2 '   itemscope=\"itemscope\" itemtype=\"https:\/\/schema.org\/CreativeWork\" ><div class='avia_textblock'  itemprop=\"text\" ><blockquote>\n<p style=\"text-align: left;\"><strong>Para obtener m\u00e1s informaci\u00f3n sobre nuestros servicios de ambulancia privada, truca a nuestra l\u00ednea directa al +34 620 090 991 o env\u00edanos un mensaje utilizando nuestro formulario de contacto r\u00e1pido y f\u00e1cil, y nos pondremos en contacto contigo lo m\u00e1s bien posible.<\/strong><\/p>\n<\/blockquote>\n<\/div><\/section><\/p><\/div>\n<style type=\"text\/css\" data-created_by=\"avia_inline_auto\" id=\"style-css-av-av_hr-3a876428eececa9d35452247ddb053af\">\n#top .hr.hr-invisible.av-av_hr-3a876428eececa9d35452247ddb053af{\nheight:50px;\n}\n<\/style>\n<div  class='hr av-av_hr-3a876428eececa9d35452247ddb053af hr-invisible  avia-builder-el-5  el_after_av_one_full  el_before_av_one_third '><span class='hr-inner '><span class=\"hr-inner-style\"><\/span><\/span><\/div>\n<div  class='flex_column av-av_one_third-c85dc7d127b262691631173874437cf2 av_one_third  avia-builder-el-6  el_after_av_hr  el_before_av_one_third  first flex_column_div  '     ><p>\n<style type=\"text\/css\" data-created_by=\"avia_inline_auto\" id=\"style-css-av-av_image-16f1fccbef687b422fc223a86c757862\">\n.avia-image-container.av-av_image-16f1fccbef687b422fc223a86c757862 img.avia_image{\nbox-shadow:none;\n}\n.avia-image-container.av-av_image-16f1fccbef687b422fc223a86c757862 .av-image-caption-overlay-center{\ncolor:#ffffff;\n}\n<\/style>\n<div  class='avia-image-container av-av_image-16f1fccbef687b422fc223a86c757862 av-styling- avia-align-center  avia-builder-el-7  el_before_av_hr  avia-builder-el-first '   itemprop=\"image\" itemscope=\"itemscope\" itemtype=\"https:\/\/schema.org\/ImageObject\" ><div class=\"avia-image-container-inner\"><div class=\"avia-image-overlay-wrap\"><img decoding=\"async\" fetchpriority=\"high\" class='wp-image-1880 avia-img-lazy-loading-not-1880 avia_image ' src=\"https:\/\/air-marine-int.com\/wp-content\/uploads\/2023\/09\/FotoContacto-1-AirMarine.png\" alt='' title='FotoContacto-1-AirMarine'  height=\"800\" width=\"800\"  itemprop=\"thumbnailUrl\" srcset=\"https:\/\/air-marine-int.com\/wp-content\/uploads\/2023\/09\/FotoContacto-1-AirMarine.png 800w, https:\/\/air-marine-int.com\/wp-content\/uploads\/2023\/09\/FotoContacto-1-AirMarine-300x300.png 300w, https:\/\/air-marine-int.com\/wp-content\/uploads\/2023\/09\/FotoContacto-1-AirMarine-80x80.png 80w, https:\/\/air-marine-int.com\/wp-content\/uploads\/2023\/09\/FotoContacto-1-AirMarine-768x768.png 768w, https:\/\/air-marine-int.com\/wp-content\/uploads\/2023\/09\/FotoContacto-1-AirMarine-36x36.png 36w, https:\/\/air-marine-int.com\/wp-content\/uploads\/2023\/09\/FotoContacto-1-AirMarine-180x180.png 180w, https:\/\/air-marine-int.com\/wp-content\/uploads\/2023\/09\/FotoContacto-1-AirMarine-705x705.png 705w\" sizes=\"(max-width: 800px) 100vw, 800px\" \/><\/div><\/div><\/div><br \/>\n\n<style type=\"text\/css\" data-created_by=\"avia_inline_auto\" id=\"style-css-av-av_hr-82f5be0ae0af6a64fe3091010b237709\">\n#top .hr.hr-invisible.av-av_hr-82f5be0ae0af6a64fe3091010b237709{\nheight:20px;\n}\n<\/style>\n<div  class='hr av-av_hr-82f5be0ae0af6a64fe3091010b237709 hr-invisible  avia-builder-el-8  el_after_av_image  el_before_av_button_big  avia-builder-el-last '><span class='hr-inner '><span class=\"hr-inner-style\"><\/span><\/span><\/div><br \/>\n<div  class='avia-button-wrap avia-button-center  avia-builder-el-9  el_after_av_hr  avia-builder-el-last '>\n<style type=\"text\/css\" data-created_by=\"avia_inline_auto\" id=\"style-css-av-mhom7zwj-4abe812c9de58c1e0a7f9997321abc4d\">\n#top #wrap_all .avia-button.av-mhom7zwj-4abe812c9de58c1e0a7f9997321abc4d:hover{\ncolor:white;\ntransition:all 0.4s ease-in-out;\n}\n#top #wrap_all .avia-button.av-mhom7zwj-4abe812c9de58c1e0a7f9997321abc4d:hover .avia-svg-icon svg:first-child{\nfill:white;\nstroke:white;\n}\n<\/style>\n<a href='mailto:info@air-marine-int.com' class='avia-color-theme-color avia-font-color-theme-color avia-button avia-button-fullwidth av-mhom7zwj-4abe812c9de58c1e0a7f9997321abc4d avia-icon_select-no avia-color-theme-color'   aria-label=\"Evacuaci\u00f3n Aerom\u00e9dica\"><span class='avia_iconbox_title' >Evacuaci\u00f3n Aerom\u00e9dica<\/span><span class='avia_button_background avia-button avia-button-fullwidth avia-color-theme-color-highlight'><\/span><\/a><\/div><\/p><\/div><div  class='flex_column av-av_one_third-851a6af262984cf5dbc0910cf9a3a2b2 av_one_third  avia-builder-el-10  el_after_av_one_third  el_before_av_one_third  flex_column_div  '     ><style type=\"text\/css\" data-created_by=\"avia_inline_auto\" id=\"style-css-av-av_image-f95e5b2235ca96c169326c33599b19e3\">\n.avia-image-container.av-av_image-f95e5b2235ca96c169326c33599b19e3 img.avia_image{\nbox-shadow:none;\n}\n.avia-image-container.av-av_image-f95e5b2235ca96c169326c33599b19e3 .av-image-caption-overlay-center{\ncolor:#ffffff;\n}\n<\/style>\n<div  class='avia-image-container av-av_image-f95e5b2235ca96c169326c33599b19e3 av-styling- avia-align-center  avia-builder-el-11  el_before_av_hr  avia-builder-el-first '   itemprop=\"image\" itemscope=\"itemscope\" itemtype=\"https:\/\/schema.org\/ImageObject\" ><div class=\"avia-image-container-inner\"><div class=\"avia-image-overlay-wrap\"><img decoding=\"async\" fetchpriority=\"high\" class='wp-image-1883 avia-img-lazy-loading-not-1883 avia_image ' src=\"https:\/\/air-marine-int.com\/wp-content\/uploads\/2023\/09\/FotoContacto-2-AirMarine.png\" alt='' title='FotoContacto-2-AirMarine'  height=\"800\" width=\"800\"  itemprop=\"thumbnailUrl\" srcset=\"https:\/\/air-marine-int.com\/wp-content\/uploads\/2023\/09\/FotoContacto-2-AirMarine.png 800w, https:\/\/air-marine-int.com\/wp-content\/uploads\/2023\/09\/FotoContacto-2-AirMarine-300x300.png 300w, https:\/\/air-marine-int.com\/wp-content\/uploads\/2023\/09\/FotoContacto-2-AirMarine-80x80.png 80w, https:\/\/air-marine-int.com\/wp-content\/uploads\/2023\/09\/FotoContacto-2-AirMarine-768x768.png 768w, https:\/\/air-marine-int.com\/wp-content\/uploads\/2023\/09\/FotoContacto-2-AirMarine-36x36.png 36w, https:\/\/air-marine-int.com\/wp-content\/uploads\/2023\/09\/FotoContacto-2-AirMarine-180x180.png 180w, https:\/\/air-marine-int.com\/wp-content\/uploads\/2023\/09\/FotoContacto-2-AirMarine-705x705.png 705w\" sizes=\"(max-width: 800px) 100vw, 800px\" \/><\/div><\/div><\/div><br \/>\n\n<style type=\"text\/css\" data-created_by=\"avia_inline_auto\" id=\"style-css-av-av_hr-82f5be0ae0af6a64fe3091010b237709\">\n#top .hr.hr-invisible.av-av_hr-82f5be0ae0af6a64fe3091010b237709{\nheight:20px;\n}\n<\/style>\n<div  class='hr av-av_hr-82f5be0ae0af6a64fe3091010b237709 hr-invisible  avia-builder-el-12  el_after_av_image  el_before_av_button_big  avia-builder-el-last '><span class='hr-inner '><span class=\"hr-inner-style\"><\/span><\/span><\/div><br \/>\n<div  class='avia-button-wrap avia-button-center  avia-builder-el-13  el_after_av_hr  avia-builder-el-last '>\n<style type=\"text\/css\" data-created_by=\"avia_inline_auto\" id=\"style-css-av-mhom88c9-f20c46bd26816263dc47f3ec7e6e8e96\">\n#top #wrap_all .avia-button.av-mhom88c9-f20c46bd26816263dc47f3ec7e6e8e96:hover{\ncolor:white;\ntransition:all 0.4s ease-in-out;\n}\n#top #wrap_all .avia-button.av-mhom88c9-f20c46bd26816263dc47f3ec7e6e8e96:hover .avia-svg-icon svg:first-child{\nfill:white;\nstroke:white;\n}\n<\/style>\n<a href='mailto:info@air-marine-int.com' class='avia-color-theme-color avia-font-color-theme-color avia-button avia-button-fullwidth av-mhom88c9-f20c46bd26816263dc47f3ec7e6e8e96 avia-icon_select-no avia-color-theme-color'   aria-label=\"Evacuaci\u00f3n Mar\u00edtima y Transporte de Ambulancia Terrestre\"><span class='avia_iconbox_title' >Evacuaci\u00f3n Mar\u00edtima y Transporte de Ambulancia Terrestre<\/span><span class='avia_button_background avia-button avia-button-fullwidth avia-color-theme-color-highlight'><\/span><\/a><\/div><\/p><\/div><div  class='flex_column av-av_one_third-851a6af262984cf5dbc0910cf9a3a2b2 av_one_third  avia-builder-el-14  el_after_av_one_third  el_before_av_hr  flex_column_div  '     ><style type=\"text\/css\" data-created_by=\"avia_inline_auto\" id=\"style-css-av-av_image-a6a50bf33760764e01cc78ef37dd9351\">\n.avia-image-container.av-av_image-a6a50bf33760764e01cc78ef37dd9351 img.avia_image{\nbox-shadow:none;\n}\n.avia-image-container.av-av_image-a6a50bf33760764e01cc78ef37dd9351 .av-image-caption-overlay-center{\ncolor:#ffffff;\n}\n<\/style>\n<div  class='avia-image-container av-av_image-a6a50bf33760764e01cc78ef37dd9351 av-styling- avia-align-center  avia-builder-el-15  el_before_av_hr  avia-builder-el-first '   itemprop=\"image\" itemscope=\"itemscope\" itemtype=\"https:\/\/schema.org\/ImageObject\" ><div class=\"avia-image-container-inner\"><div class=\"avia-image-overlay-wrap\"><img decoding=\"async\" fetchpriority=\"high\" class='wp-image-1886 avia-img-lazy-loading-not-1886 avia_image ' src=\"https:\/\/air-marine-int.com\/wp-content\/uploads\/2023\/09\/FotoContacto-3-AirMarine.png\" alt='' title='FotoContacto-3-AirMarine'  height=\"800\" width=\"800\"  itemprop=\"thumbnailUrl\" srcset=\"https:\/\/air-marine-int.com\/wp-content\/uploads\/2023\/09\/FotoContacto-3-AirMarine.png 800w, https:\/\/air-marine-int.com\/wp-content\/uploads\/2023\/09\/FotoContacto-3-AirMarine-300x300.png 300w, https:\/\/air-marine-int.com\/wp-content\/uploads\/2023\/09\/FotoContacto-3-AirMarine-80x80.png 80w, https:\/\/air-marine-int.com\/wp-content\/uploads\/2023\/09\/FotoContacto-3-AirMarine-768x768.png 768w, https:\/\/air-marine-int.com\/wp-content\/uploads\/2023\/09\/FotoContacto-3-AirMarine-36x36.png 36w, https:\/\/air-marine-int.com\/wp-content\/uploads\/2023\/09\/FotoContacto-3-AirMarine-180x180.png 180w, https:\/\/air-marine-int.com\/wp-content\/uploads\/2023\/09\/FotoContacto-3-AirMarine-705x705.png 705w\" sizes=\"(max-width: 800px) 100vw, 800px\" \/><\/div><\/div><\/div><br \/>\n\n<style type=\"text\/css\" data-created_by=\"avia_inline_auto\" id=\"style-css-av-av_hr-82f5be0ae0af6a64fe3091010b237709\">\n#top .hr.hr-invisible.av-av_hr-82f5be0ae0af6a64fe3091010b237709{\nheight:20px;\n}\n<\/style>\n<div  class='hr av-av_hr-82f5be0ae0af6a64fe3091010b237709 hr-invisible  avia-builder-el-16  el_after_av_image  el_before_av_button_big  avia-builder-el-last '><span class='hr-inner '><span class=\"hr-inner-style\"><\/span><\/span><\/div><br \/>\n<div  class='avia-button-wrap avia-button-center  avia-builder-el-17  el_after_av_hr  avia-builder-el-last '>\n<style type=\"text\/css\" data-created_by=\"avia_inline_auto\" id=\"style-css-av-mhom8hzh-ab190ab4261b95094c7ecafc86124da6\">\n#top #wrap_all .avia-button.av-mhom8hzh-ab190ab4261b95094c7ecafc86124da6:hover{\ncolor:white;\ntransition:all 0.4s ease-in-out;\n}\n#top #wrap_all .avia-button.av-mhom8hzh-ab190ab4261b95094c7ecafc86124da6:hover .avia-svg-icon svg:first-child{\nfill:white;\nstroke:white;\n}\n<\/style>\n<a href='mailto:info@air-marine-int.com' class='avia-color-theme-color avia-font-color-theme-color avia-button avia-button-fullwidth av-mhom8hzh-ab190ab4261b95094c7ecafc86124da6 avia-icon_select-no avia-color-theme-color'   aria-label=\"Admisiones Hospitalarias y Tratamientos\"><span class='avia_iconbox_title' >Admisiones Hospitalarias y Tratamientos<\/span><span class='avia_button_background avia-button avia-button-fullwidth avia-color-theme-color-highlight'><\/span><\/a><\/div><\/p><\/div>\n<style type=\"text\/css\" data-created_by=\"avia_inline_auto\" id=\"style-css-av-av_hr-3a876428eececa9d35452247ddb053af\">\n#top .hr.hr-invisible.av-av_hr-3a876428eececa9d35452247ddb053af{\nheight:50px;\n}\n<\/style>\n<div  class='hr av-av_hr-3a876428eececa9d35452247ddb053af hr-invisible  avia-builder-el-18  el_after_av_one_third  avia-builder-el-last '><span class='hr-inner '><span class=\"hr-inner-style\"><\/span><\/span><\/div>\n\n","protected":false},"excerpt":{"rendered":"","protected":false},"author":2,"featured_media":0,"parent":0,"menu_order":0,"comment_status":"closed","ping_status":"closed","template":"","meta":{"_acf_changed":false,"footnotes":""},"class_list":["post-1996","page","type-page","status-publish","hentry"],"acf":[],"yoast_head":"<!-- This site is optimized with the Yoast SEO plugin v27.5 - https:\/\/yoast.com\/product\/yoast-seo-wordpress\/ -->\n<title>CONT\u00c1CTENOS - Air Marine Int<\/title>\n<meta name=\"robots\" content=\"index, follow, max-snippet:-1, max-image-preview:large, max-video-preview:-1\" \/>\n<link rel=\"canonical\" href=\"https:\/\/air-marine-int.com\/es\/contactenos\/\" \/>\n<meta property=\"og:locale\" content=\"es_ES\" \/>\n<meta property=\"og:type\" content=\"article\" \/>\n<meta property=\"og:title\" content=\"CONT\u00c1CTENOS - Air Marine Int\" \/>\n<meta property=\"og:url\" content=\"https:\/\/air-marine-int.com\/es\/contactenos\/\" \/>\n<meta property=\"og:site_name\" content=\"Air Marine Int\" \/>\n<meta property=\"article:modified_time\" content=\"2025-11-07T08:50:49+00:00\" \/>\n<meta name=\"twitter:card\" content=\"summary_large_image\" \/>\n<meta name=\"twitter:label1\" content=\"Tiempo de lectura\" \/>\n\t<meta name=\"twitter:data1\" content=\"1 minuto\" \/>\n<script type=\"application\/ld+json\" class=\"yoast-schema-graph\">{\"@context\":\"https:\\\/\\\/schema.org\",\"@graph\":[{\"@type\":\"WebPage\",\"@id\":\"https:\\\/\\\/air-marine-int.com\\\/es\\\/contactenos\\\/\",\"url\":\"https:\\\/\\\/air-marine-int.com\\\/es\\\/contactenos\\\/\",\"name\":\"CONT\u00c1CTENOS - Air Marine Int\",\"isPartOf\":{\"@id\":\"https:\\\/\\\/air-marine-int.com\\\/es\\\/#website\"},\"datePublished\":\"2022-05-30T10:32:55+00:00\",\"dateModified\":\"2025-11-07T08:50:49+00:00\",\"breadcrumb\":{\"@id\":\"https:\\\/\\\/air-marine-int.com\\\/es\\\/contactenos\\\/#breadcrumb\"},\"inLanguage\":\"es\",\"potentialAction\":[{\"@type\":\"ReadAction\",\"target\":[\"https:\\\/\\\/air-marine-int.com\\\/es\\\/contactenos\\\/\"]}]},{\"@type\":\"BreadcrumbList\",\"@id\":\"https:\\\/\\\/air-marine-int.com\\\/es\\\/contactenos\\\/#breadcrumb\",\"itemListElement\":[{\"@type\":\"ListItem\",\"position\":1,\"name\":\"Portada\",\"item\":\"https:\\\/\\\/air-marine-int.com\\\/es\\\/\"},{\"@type\":\"ListItem\",\"position\":2,\"name\":\"CONT\u00c1CTENOS\"}]},{\"@type\":\"WebSite\",\"@id\":\"https:\\\/\\\/air-marine-int.com\\\/es\\\/#website\",\"url\":\"https:\\\/\\\/air-marine-int.com\\\/es\\\/\",\"name\":\"Air Marine Int\",\"description\":\"Just another WordPress site\",\"potentialAction\":[{\"@type\":\"SearchAction\",\"target\":{\"@type\":\"EntryPoint\",\"urlTemplate\":\"https:\\\/\\\/air-marine-int.com\\\/es\\\/?s={search_term_string}\"},\"query-input\":{\"@type\":\"PropertyValueSpecification\",\"valueRequired\":true,\"valueName\":\"search_term_string\"}}],\"inLanguage\":\"es\"}]}<\/script>\n<!-- \/ Yoast SEO plugin. -->","yoast_head_json":{"title":"CONT\u00c1CTENOS - Air Marine Int","robots":{"index":"index","follow":"follow","max-snippet":"max-snippet:-1","max-image-preview":"max-image-preview:large","max-video-preview":"max-video-preview:-1"},"canonical":"https:\/\/air-marine-int.com\/es\/contactenos\/","og_locale":"es_ES","og_type":"article","og_title":"CONT\u00c1CTENOS - Air Marine Int","og_url":"https:\/\/air-marine-int.com\/es\/contactenos\/","og_site_name":"Air Marine Int","article_modified_time":"2025-11-07T08:50:49+00:00","twitter_card":"summary_large_image","twitter_misc":{"Tiempo de lectura":"1 minuto"},"schema":{"@context":"https:\/\/schema.org","@graph":[{"@type":"WebPage","@id":"https:\/\/air-marine-int.com\/es\/contactenos\/","url":"https:\/\/air-marine-int.com\/es\/contactenos\/","name":"CONT\u00c1CTENOS - Air Marine Int","isPartOf":{"@id":"https:\/\/air-marine-int.com\/es\/#website"},"datePublished":"2022-05-30T10:32:55+00:00","dateModified":"2025-11-07T08:50:49+00:00","breadcrumb":{"@id":"https:\/\/air-marine-int.com\/es\/contactenos\/#breadcrumb"},"inLanguage":"es","potentialAction":[{"@type":"ReadAction","target":["https:\/\/air-marine-int.com\/es\/contactenos\/"]}]},{"@type":"BreadcrumbList","@id":"https:\/\/air-marine-int.com\/es\/contactenos\/#breadcrumb","itemListElement":[{"@type":"ListItem","position":1,"name":"Portada","item":"https:\/\/air-marine-int.com\/es\/"},{"@type":"ListItem","position":2,"name":"CONT\u00c1CTENOS"}]},{"@type":"WebSite","@id":"https:\/\/air-marine-int.com\/es\/#website","url":"https:\/\/air-marine-int.com\/es\/","name":"Air Marine Int","description":"Just another WordPress site","potentialAction":[{"@type":"SearchAction","target":{"@type":"EntryPoint","urlTemplate":"https:\/\/air-marine-int.com\/es\/?s={search_term_string}"},"query-input":{"@type":"PropertyValueSpecification","valueRequired":true,"valueName":"search_term_string"}}],"inLanguage":"es"}]}},"_links":{"self":[{"href":"https:\/\/air-marine-int.com\/es\/wp-json\/wp\/v2\/pages\/1996","targetHints":{"allow":["GET"]}}],"collection":[{"href":"https:\/\/air-marine-int.com\/es\/wp-json\/wp\/v2\/pages"}],"about":[{"href":"https:\/\/air-marine-int.com\/es\/wp-json\/wp\/v2\/types\/page"}],"author":[{"embeddable":true,"href":"https:\/\/air-marine-int.com\/es\/wp-json\/wp\/v2\/users\/2"}],"replies":[{"embeddable":true,"href":"https:\/\/air-marine-int.com\/es\/wp-json\/wp\/v2\/comments?post=1996"}],"version-history":[{"count":0,"href":"https:\/\/air-marine-int.com\/es\/wp-json\/wp\/v2\/pages\/1996\/revisions"}],"wp:attachment":[{"href":"https:\/\/air-marine-int.com\/es\/wp-json\/wp\/v2\/media?parent=1996"}],"curies":[{"name":"wp","href":"https:\/\/api.w.org\/{rel}","templated":true}]}}