{"id":2000,"date":"2022-07-11T13:29:05","date_gmt":"2022-07-11T13:29:05","guid":{"rendered":"https:\/\/air-marine-int.com\/cookies-policy\/"},"modified":"2023-10-26T12:33:24","modified_gmt":"2023-10-26T12:33:24","slug":"politica-de-cookies","status":"publish","type":"page","link":"https:\/\/air-marine-int.com\/es\/politica-de-cookies\/","title":{"rendered":"Pol\u00edtica de cookies"},"content":{"rendered":"<h2 class=\"x_MsoNormal\">POL\u00cdTICA DE IDENTIFICACI\u00d3N Y COOKIES<\/h2>\n<p>Este sitio web www.air-marine-int.com (en adelante, el \u201cSitio Web\u201d) es propiedad de AEROMEDICAL AND MARINE TRAINING AND RESCUE INTERNATIONAL, SL, siendo la empresa AEROMEDICAL AND MARINE TRAINING AND RESCUE INTERNATIONAL, SL, sociedad constituida y existente conforme a la legislaci\u00f3n espa\u00f1ola, con domicilio social en Camino Sant Feliu, 8, 08191 Barcelona, e inscrita en el Registro Mercantil de Barcelona, citando como referencia el tomo 34612, folio 0043, Secci\u00f3n General, hoja n\u00famero 252544, inscripci\u00f3n 6\u00aa y titular del n\u00famero NIF B-06899041.<\/p>\n<p>En nuestra web utilizamos cookies propias que nos permiten mejorar la experiencia del usuario y ofrecerle contenidos adaptados a sus intereses gracias a la personalizaci\u00f3n del contenido. Tambi\u00e9n utilizamos cookies de terceros que personalizan la publicidad de las p\u00e1ginas que visitas con contenidos de inter\u00e9s para nuestros usuarios.<\/p>\n<p>Si contin\u00faa navegando con su navegador configurado para aceptar cookies, entenderemos que acepta la instalaci\u00f3n de cookies tal y como se detalla en la Pol\u00edtica de Cookies.<\/p>\n<blockquote><p>INFORMACI\u00d3N B\u00c1SICA SOBRE LAS COOKIES<\/p><\/blockquote>\n<p><strong>\u00bfQu\u00e9 son las cookies?<\/strong><\/p>\n<p>Las cookies son peque\u00f1os archivos de informaci\u00f3n que se almacenan en el navegador de tu ordenador, tableta o tel\u00e9fono m\u00f3vil cuando visitas nuestro sitio web, y que facilitan y personalizan la navegaci\u00f3n cuando visitas las mismas p\u00e1ginas.<\/p>\n<p><strong>\u00bfQu\u00e9 hacen las cookies?<\/strong><\/p>\n<p>Las cookies no le identifican personalmente y no suponen ning\u00fan riesgo para su ordenador o dispositivo m\u00f3vil. No son virus ni software esp\u00eda. Son simplemente herramientas utilizadas por los sitios web que visitas para mejorar tu experiencia de navegaci\u00f3n, para que tus datos viajen seguros en la web, para ayudarnos a entender qu\u00e9 informaci\u00f3n de nuestro sitio web es m\u00e1s \u00fatil para nuestros usuarios o para saber qu\u00e9 ofertas pueden ser de tu inter\u00e9s. inter\u00e9s de cada usuario. Y todo ello de forma totalmente an\u00f3nima: nunca sabremos tu nombre, direcci\u00f3n o n\u00famero de tel\u00e9fono a menos que t\u00fa nos los proporciones. Usted decide si permite o no las cookies, pero si decide no permitirlas, deber\u00e1 bloquearlas en su navegador.<\/p>\n<p>Adem\u00e1s, debe tener en cuenta que si decide no permitir las cookies del Sitio, es posible que algunas funciones del Sitio no funcionen correctamente y que no podamos adaptar la informaci\u00f3n que le proporcionamos a sus intereses.<\/p>\n","protected":false},"excerpt":{"rendered":"<p>POL\u00cdTICA DE IDENTIFICACI\u00d3N Y COOKIES Este sitio web www.air-marine-int.com (en adelante, el \u201cSitio Web\u201d) es propiedad de AEROMEDICAL AND MARINE TRAINING AND RESCUE INTERNATIONAL, SL, siendo la empresa AEROMEDICAL AND MARINE TRAINING AND RESCUE INTERNATIONAL, SL, sociedad constituida y existente conforme a la legislaci\u00f3n espa\u00f1ola, con domicilio social en Camino Sant Feliu, 8, 08191 Barcelona, [&hellip;]<\/p>\n","protected":false},"author":2,"featured_media":0,"parent":0,"menu_order":0,"comment_status":"closed","ping_status":"closed","template":"","meta":{"_acf_changed":false,"footnotes":""},"class_list":["post-2000","page","type-page","status-publish","hentry"],"acf":[],"yoast_head":"<!-- This site is optimized with the Yoast SEO plugin v27.4 - https:\/\/yoast.com\/product\/yoast-seo-wordpress\/ -->\n<title>Pol\u00edtica de cookies - Air Marine Int<\/title>\n<meta name=\"robots\" content=\"index, follow, max-snippet:-1, max-image-preview:large, max-video-preview:-1\" \/>\n<link rel=\"canonical\" href=\"https:\/\/air-marine-int.com\/es\/politica-de-cookies\/\" \/>\n<meta property=\"og:locale\" content=\"es_ES\" \/>\n<meta property=\"og:type\" content=\"article\" \/>\n<meta property=\"og:title\" content=\"Pol\u00edtica de cookies - Air Marine Int\" \/>\n<meta property=\"og:description\" content=\"POL\u00cdTICA DE IDENTIFICACI\u00d3N Y COOKIES Este sitio web www.air-marine-int.com (en adelante, el \u201cSitio Web\u201d) es propiedad de AEROMEDICAL AND MARINE TRAINING AND RESCUE INTERNATIONAL, SL, siendo la empresa AEROMEDICAL AND MARINE TRAINING AND RESCUE INTERNATIONAL, SL, sociedad constituida y existente conforme a la legislaci\u00f3n espa\u00f1ola, con domicilio social en Camino Sant Feliu, 8, 08191 Barcelona, [&hellip;]\" \/>\n<meta property=\"og:url\" content=\"https:\/\/air-marine-int.com\/es\/politica-de-cookies\/\" \/>\n<meta property=\"og:site_name\" content=\"Air Marine Int\" \/>\n<meta property=\"article:modified_time\" content=\"2023-10-26T12:33:24+00:00\" \/>\n<meta name=\"twitter:card\" content=\"summary_large_image\" \/>\n<meta name=\"twitter:label1\" content=\"Tiempo de lectura\" \/>\n\t<meta name=\"twitter:data1\" content=\"2 minutos\" \/>\n<script type=\"application\/ld+json\" class=\"yoast-schema-graph\">{\"@context\":\"https:\\\/\\\/schema.org\",\"@graph\":[{\"@type\":\"WebPage\",\"@id\":\"https:\\\/\\\/air-marine-int.com\\\/es\\\/politica-de-cookies\\\/\",\"url\":\"https:\\\/\\\/air-marine-int.com\\\/es\\\/politica-de-cookies\\\/\",\"name\":\"Pol\u00edtica de cookies - Air Marine Int\",\"isPartOf\":{\"@id\":\"https:\\\/\\\/air-marine-int.com\\\/es\\\/#website\"},\"datePublished\":\"2022-07-11T13:29:05+00:00\",\"dateModified\":\"2023-10-26T12:33:24+00:00\",\"breadcrumb\":{\"@id\":\"https:\\\/\\\/air-marine-int.com\\\/es\\\/politica-de-cookies\\\/#breadcrumb\"},\"inLanguage\":\"es\",\"potentialAction\":[{\"@type\":\"ReadAction\",\"target\":[\"https:\\\/\\\/air-marine-int.com\\\/es\\\/politica-de-cookies\\\/\"]}]},{\"@type\":\"BreadcrumbList\",\"@id\":\"https:\\\/\\\/air-marine-int.com\\\/es\\\/politica-de-cookies\\\/#breadcrumb\",\"itemListElement\":[{\"@type\":\"ListItem\",\"position\":1,\"name\":\"Portada\",\"item\":\"https:\\\/\\\/air-marine-int.com\\\/es\\\/\"},{\"@type\":\"ListItem\",\"position\":2,\"name\":\"Pol\u00edtica de cookies\"}]},{\"@type\":\"WebSite\",\"@id\":\"https:\\\/\\\/air-marine-int.com\\\/es\\\/#website\",\"url\":\"https:\\\/\\\/air-marine-int.com\\\/es\\\/\",\"name\":\"Air Marine Int\",\"description\":\"Just another WordPress site\",\"potentialAction\":[{\"@type\":\"SearchAction\",\"target\":{\"@type\":\"EntryPoint\",\"urlTemplate\":\"https:\\\/\\\/air-marine-int.com\\\/es\\\/?s={search_term_string}\"},\"query-input\":{\"@type\":\"PropertyValueSpecification\",\"valueRequired\":true,\"valueName\":\"search_term_string\"}}],\"inLanguage\":\"es\"}]}<\/script>\n<!-- \/ Yoast SEO plugin. -->","yoast_head_json":{"title":"Pol\u00edtica de cookies - Air Marine Int","robots":{"index":"index","follow":"follow","max-snippet":"max-snippet:-1","max-image-preview":"max-image-preview:large","max-video-preview":"max-video-preview:-1"},"canonical":"https:\/\/air-marine-int.com\/es\/politica-de-cookies\/","og_locale":"es_ES","og_type":"article","og_title":"Pol\u00edtica de cookies - Air Marine Int","og_description":"POL\u00cdTICA DE IDENTIFICACI\u00d3N Y COOKIES Este sitio web www.air-marine-int.com (en adelante, el \u201cSitio Web\u201d) es propiedad de AEROMEDICAL AND MARINE TRAINING AND RESCUE INTERNATIONAL, SL, siendo la empresa AEROMEDICAL AND MARINE TRAINING AND RESCUE INTERNATIONAL, SL, sociedad constituida y existente conforme a la legislaci\u00f3n espa\u00f1ola, con domicilio social en Camino Sant Feliu, 8, 08191 Barcelona, [&hellip;]","og_url":"https:\/\/air-marine-int.com\/es\/politica-de-cookies\/","og_site_name":"Air Marine Int","article_modified_time":"2023-10-26T12:33:24+00:00","twitter_card":"summary_large_image","twitter_misc":{"Tiempo de lectura":"2 minutos"},"schema":{"@context":"https:\/\/schema.org","@graph":[{"@type":"WebPage","@id":"https:\/\/air-marine-int.com\/es\/politica-de-cookies\/","url":"https:\/\/air-marine-int.com\/es\/politica-de-cookies\/","name":"Pol\u00edtica de cookies - Air Marine Int","isPartOf":{"@id":"https:\/\/air-marine-int.com\/es\/#website"},"datePublished":"2022-07-11T13:29:05+00:00","dateModified":"2023-10-26T12:33:24+00:00","breadcrumb":{"@id":"https:\/\/air-marine-int.com\/es\/politica-de-cookies\/#breadcrumb"},"inLanguage":"es","potentialAction":[{"@type":"ReadAction","target":["https:\/\/air-marine-int.com\/es\/politica-de-cookies\/"]}]},{"@type":"BreadcrumbList","@id":"https:\/\/air-marine-int.com\/es\/politica-de-cookies\/#breadcrumb","itemListElement":[{"@type":"ListItem","position":1,"name":"Portada","item":"https:\/\/air-marine-int.com\/es\/"},{"@type":"ListItem","position":2,"name":"Pol\u00edtica de cookies"}]},{"@type":"WebSite","@id":"https:\/\/air-marine-int.com\/es\/#website","url":"https:\/\/air-marine-int.com\/es\/","name":"Air Marine Int","description":"Just another WordPress site","potentialAction":[{"@type":"SearchAction","target":{"@type":"EntryPoint","urlTemplate":"https:\/\/air-marine-int.com\/es\/?s={search_term_string}"},"query-input":{"@type":"PropertyValueSpecification","valueRequired":true,"valueName":"search_term_string"}}],"inLanguage":"es"}]}},"_links":{"self":[{"href":"https:\/\/air-marine-int.com\/es\/wp-json\/wp\/v2\/pages\/2000","targetHints":{"allow":["GET"]}}],"collection":[{"href":"https:\/\/air-marine-int.com\/es\/wp-json\/wp\/v2\/pages"}],"about":[{"href":"https:\/\/air-marine-int.com\/es\/wp-json\/wp\/v2\/types\/page"}],"author":[{"embeddable":true,"href":"https:\/\/air-marine-int.com\/es\/wp-json\/wp\/v2\/users\/2"}],"replies":[{"embeddable":true,"href":"https:\/\/air-marine-int.com\/es\/wp-json\/wp\/v2\/comments?post=2000"}],"version-history":[{"count":0,"href":"https:\/\/air-marine-int.com\/es\/wp-json\/wp\/v2\/pages\/2000\/revisions"}],"wp:attachment":[{"href":"https:\/\/air-marine-int.com\/es\/wp-json\/wp\/v2\/media?parent=2000"}],"curies":[{"name":"wp","href":"https:\/\/api.w.org\/{rel}","templated":true}]}}