{"id":2001,"date":"2022-07-15T06:53:47","date_gmt":"2022-07-15T06:53:47","guid":{"rendered":"https:\/\/air-marine-int.com\/data-collection-clause\/"},"modified":"2023-10-26T12:41:03","modified_gmt":"2023-10-26T12:41:03","slug":"clausula-de-recopilacion-de-datos","status":"publish","type":"page","link":"https:\/\/air-marine-int.com\/es\/clausula-de-recopilacion-de-datos\/","title":{"rendered":"Cl\u00e1usula de recopilaci\u00f3n de datos"},"content":{"rendered":"<blockquote>\n<h2><strong>GU\u00cdA DE IMPLEMENTACI\u00d3N<\/strong><\/h2>\n<\/blockquote>\n<p>En cumplimiento de los deberes de informaci\u00f3n y consentimiento establecidos por la ley, deber\u00e1 a\u00f1adirse esta cl\u00e1usula a aquellos formularios en los que se recojan datos de car\u00e1cter personal.<\/p>\n<p>IMPORTANTE: Por favor tenga en cuenta y lea atentamente las siguientes notas. Dependiendo de cada caso, puede ser necesaria una mayor personalizaci\u00f3n de la cl\u00e1usula proporcionada.<\/p>\n<ol>\n<li><strong>FINALIDAD DE LA RECAUDACI\u00d3N<\/strong><\/li>\n<\/ol>\n<p>Esta cl\u00e1usula es un modelo gen\u00e9rico que debe utilizarse en el contexto de la recogida de datos para una finalidad espec\u00edfica, que tendr\u00e1 que indicarse expl\u00edcitamente en el espacio correspondiente dentro de la cl\u00e1usula.<\/p>\n<ol start=\"2\">\n<li><strong>TRANSFERENCIA DE DATOS<\/strong><\/li>\n<\/ol>\n<p>La cl\u00e1usula proporcionada menciona que no habr\u00e1 transferencia de datos. No obstante, en el caso de que se realice una transferencia de datos hacia terceros, deber\u00e1 indicarlo expl\u00edcitamente, detallando la finalidad de dicha transferencia as\u00ed como el destino final o destinatario de los datos (a la empresa, empresas o categor\u00edas de empresas donde ser\u00e1n transferidos).<\/p>\n<ol start=\"3\">\n<li><strong>TRANSFERENCIA INTERNACIONAL DE DATOS<\/strong><\/li>\n<\/ol>\n<p>En caso de que se realice una Transferencia Internacional de Datos, ser\u00e1 necesario mencionarlo expresamente dentro de la cl\u00e1usula.<\/p>\n<ol start=\"4\">\n<li><strong>CL\u00c1USULA DE CAPA<\/strong><\/li>\n<\/ol>\n<p>Existe la posibilidad de incluir una versi\u00f3n reducida de la cl\u00e1usula en el documento en cuesti\u00f3n para ofrecer la informaci\u00f3n b\u00e1sica de primer nivel y proporcionar un enlace tipo http:\/\/www.empresa.com\/politicaprivacidad, donde podemos incluir un segunda capa con informaci\u00f3n m\u00e1s detallada sobre el procesamiento de los datos. Si no se dispone de una p\u00e1gina web, esta informaci\u00f3n detallada se puede incluir en el reverso del documento en cuesti\u00f3n.<\/p>\n<ol start=\"5\">\n<li><strong>INFORMACI\u00d3N COMERCIAL<\/strong><\/li>\n<\/ol>\n<p>Si desea enviar publicidad y comunicaciones publicitarias sobre sus productos y\/o servicios tendr\u00e1 que incluir una cl\u00e1usula espec\u00edfica donde el cliente pueda indicar que nos da el consentimiento para tal fin.<\/p>\n<p>Por ejemplo: [ ] Al marcar esta casilla nos das tu consentimiento para enviarte informaci\u00f3n comercial peri\u00f3dica sobre nuestros productos y\/o servicios.<\/p>\n<ol start=\"6\">\n<li><strong>DELEGADO DE PROTECCI\u00d3N DE DATOS<\/strong><\/li>\n<\/ol>\n<p>Si la empresa dispone de un Delegado de Protecci\u00f3n de Datos (DPD-DPO), deber\u00e1 indicar sus datos de contacto (nombre y apellidos o raz\u00f3n social, direcci\u00f3n y tel\u00e9fono de contacto).<\/p>\n<p>Por ejemplo: &#8216;Los datos de contacto del Delegado de Protecci\u00f3n de Datos, con el que pueden contactar los usuarios para ejercer sus derechos o solicitar informaci\u00f3n sobre el tratamiento de sus datos, son los siguientes:&#8217;<\/p>\n<p>&nbsp;<\/p>\n<blockquote>\n<h2><strong>CL\u00c1USULA GEN\u00c9RICA DE RECOGIDA DE DATOS<\/strong><\/h2>\n<\/blockquote>\n<p>En cumplimiento de lo dispuesto en la legislaci\u00f3n vigente en materia de protecci\u00f3n de datos personales, Reglamento (UE) 2016\/679 de 27 de abril de 2016 (RGPD), Ley Org\u00e1nica 3\/2018 de 5 de diciembre (LOPDGDD), le informamos que los datos personales facilitados ser\u00e1n tratados por AEROMEDICAL &amp; MARINE TRAINING &amp; RESCUE INTERNATIONAL SL, con la(s) finalidad(es) de realizar la gesti\u00f3n administrativa, contable y fiscal.<\/p>\n<p>Estos datos ser\u00e1n conservados mientras dure la finalidad para la que fueron obtenidos y siempre que no ejerza derecho alguno frente a quien los haga valer. No se comunicar\u00e1n a terceros, salvo obligaci\u00f3n legal, ni se realizar\u00e1 ninguna transferencia internacional de datos sin su previo consentimiento. Una vez que sus datos ya no sean necesarios, ser\u00e1n eliminados con las medidas de seguridad adecuadas.<\/p>\n<p>Asimismo, le informamos que tiene derecho a solicitar el acceso, rectificaci\u00f3n, portabilidad y supresi\u00f3n de sus datos y la limitaci\u00f3n y oposici\u00f3n a su tratamiento dirigi\u00e9ndose a AEROMEDICAL &amp; MARINE TRAINING &amp; RESCUE INTERNATIONAL, SL., con domicilio en CAMINO DE CAN FELIU, 18 08191 RUB\u00cd (BARCELONA) o enviando un correo electr\u00f3nico a info@air-marine-int.com, junto con fotocopia de su DNI o documento asimilado en derecho, indicando el tipo de derecho que desea ejercer. Tambi\u00e9n tiene derecho a retirar su consentimiento en cualquier momento. La retirada del consentimiento no afectar\u00e1 a la licitud del tratamiento realizado antes de la retirada del mismo. Tambi\u00e9n tiene derecho a presentar una reclamaci\u00f3n, si considera que el tratamiento de datos personales no se ajusta a la normativa vigente, ante la Autoridad de Control (www.agpd.es).<\/p>\n<p>Con la firma del presente documento, el firmante se considera informado y presta su consentimiento para el referido tratamiento de datos.<\/p>\n<table>\n<tbody>\n<tr>\n<td width=\"667\">\u00a0Nombre y apellidos:<\/td>\n<td width=\"7\">Firma<\/td>\n<\/tr>\n<tr>\n<td width=\"133\">\u00a0N\u00famero de identificaci\u00f3n:<\/td>\n<td width=\"133\"><\/td>\n<\/tr>\n<tr>\n<td width=\"133\">Fecha:<\/td>\n<td width=\"133\"><\/td>\n<\/tr>\n<\/tbody>\n<\/table>\n<p>&nbsp;<\/p>\n<h2><\/h2>\n","protected":false},"excerpt":{"rendered":"<p>GU\u00cdA DE IMPLEMENTACI\u00d3N En cumplimiento de los deberes de informaci\u00f3n y consentimiento establecidos por la ley, deber\u00e1 a\u00f1adirse esta cl\u00e1usula a aquellos formularios en los que se recojan datos de car\u00e1cter personal. IMPORTANTE: Por favor tenga en cuenta y lea atentamente las siguientes notas. Dependiendo de cada caso, puede ser necesaria una mayor personalizaci\u00f3n de [&hellip;]<\/p>\n","protected":false},"author":2,"featured_media":0,"parent":0,"menu_order":0,"comment_status":"closed","ping_status":"closed","template":"","meta":{"_acf_changed":false,"footnotes":""},"class_list":["post-2001","page","type-page","status-publish","hentry"],"acf":[],"yoast_head":"<!-- This site is optimized with the Yoast SEO plugin v27.5 - https:\/\/yoast.com\/product\/yoast-seo-wordpress\/ -->\n<title>Cl\u00e1usula de recopilaci\u00f3n de datos - Air Marine Int<\/title>\n<meta name=\"robots\" content=\"index, follow, max-snippet:-1, max-image-preview:large, max-video-preview:-1\" \/>\n<link rel=\"canonical\" href=\"https:\/\/air-marine-int.com\/es\/clausula-de-recopilacion-de-datos\/\" \/>\n<meta property=\"og:locale\" content=\"es_ES\" \/>\n<meta property=\"og:type\" content=\"article\" \/>\n<meta property=\"og:title\" content=\"Cl\u00e1usula de recopilaci\u00f3n de datos - Air Marine Int\" \/>\n<meta property=\"og:description\" content=\"GU\u00cdA DE IMPLEMENTACI\u00d3N En cumplimiento de los deberes de informaci\u00f3n y consentimiento establecidos por la ley, deber\u00e1 a\u00f1adirse esta cl\u00e1usula a aquellos formularios en los que se recojan datos de car\u00e1cter personal. IMPORTANTE: Por favor tenga en cuenta y lea atentamente las siguientes notas. Dependiendo de cada caso, puede ser necesaria una mayor personalizaci\u00f3n de [&hellip;]\" \/>\n<meta property=\"og:url\" content=\"https:\/\/air-marine-int.com\/es\/clausula-de-recopilacion-de-datos\/\" \/>\n<meta property=\"og:site_name\" content=\"Air Marine Int\" \/>\n<meta property=\"article:modified_time\" content=\"2023-10-26T12:41:03+00:00\" \/>\n<meta name=\"twitter:card\" content=\"summary_large_image\" \/>\n<meta name=\"twitter:label1\" content=\"Tiempo de lectura\" \/>\n\t<meta name=\"twitter:data1\" content=\"3 minutos\" \/>\n<script type=\"application\/ld+json\" class=\"yoast-schema-graph\">{\"@context\":\"https:\\\/\\\/schema.org\",\"@graph\":[{\"@type\":\"WebPage\",\"@id\":\"https:\\\/\\\/air-marine-int.com\\\/es\\\/clausula-de-recopilacion-de-datos\\\/\",\"url\":\"https:\\\/\\\/air-marine-int.com\\\/es\\\/clausula-de-recopilacion-de-datos\\\/\",\"name\":\"Cl\u00e1usula de recopilaci\u00f3n de datos - Air Marine Int\",\"isPartOf\":{\"@id\":\"https:\\\/\\\/air-marine-int.com\\\/es\\\/#website\"},\"datePublished\":\"2022-07-15T06:53:47+00:00\",\"dateModified\":\"2023-10-26T12:41:03+00:00\",\"breadcrumb\":{\"@id\":\"https:\\\/\\\/air-marine-int.com\\\/es\\\/clausula-de-recopilacion-de-datos\\\/#breadcrumb\"},\"inLanguage\":\"es\",\"potentialAction\":[{\"@type\":\"ReadAction\",\"target\":[\"https:\\\/\\\/air-marine-int.com\\\/es\\\/clausula-de-recopilacion-de-datos\\\/\"]}]},{\"@type\":\"BreadcrumbList\",\"@id\":\"https:\\\/\\\/air-marine-int.com\\\/es\\\/clausula-de-recopilacion-de-datos\\\/#breadcrumb\",\"itemListElement\":[{\"@type\":\"ListItem\",\"position\":1,\"name\":\"Portada\",\"item\":\"https:\\\/\\\/air-marine-int.com\\\/es\\\/\"},{\"@type\":\"ListItem\",\"position\":2,\"name\":\"Cl\u00e1usula de recopilaci\u00f3n de datos\"}]},{\"@type\":\"WebSite\",\"@id\":\"https:\\\/\\\/air-marine-int.com\\\/es\\\/#website\",\"url\":\"https:\\\/\\\/air-marine-int.com\\\/es\\\/\",\"name\":\"Air Marine Int\",\"description\":\"Just another WordPress site\",\"potentialAction\":[{\"@type\":\"SearchAction\",\"target\":{\"@type\":\"EntryPoint\",\"urlTemplate\":\"https:\\\/\\\/air-marine-int.com\\\/es\\\/?s={search_term_string}\"},\"query-input\":{\"@type\":\"PropertyValueSpecification\",\"valueRequired\":true,\"valueName\":\"search_term_string\"}}],\"inLanguage\":\"es\"}]}<\/script>\n<!-- \/ Yoast SEO plugin. -->","yoast_head_json":{"title":"Cl\u00e1usula de recopilaci\u00f3n de datos - Air Marine Int","robots":{"index":"index","follow":"follow","max-snippet":"max-snippet:-1","max-image-preview":"max-image-preview:large","max-video-preview":"max-video-preview:-1"},"canonical":"https:\/\/air-marine-int.com\/es\/clausula-de-recopilacion-de-datos\/","og_locale":"es_ES","og_type":"article","og_title":"Cl\u00e1usula de recopilaci\u00f3n de datos - Air Marine Int","og_description":"GU\u00cdA DE IMPLEMENTACI\u00d3N En cumplimiento de los deberes de informaci\u00f3n y consentimiento establecidos por la ley, deber\u00e1 a\u00f1adirse esta cl\u00e1usula a aquellos formularios en los que se recojan datos de car\u00e1cter personal. IMPORTANTE: Por favor tenga en cuenta y lea atentamente las siguientes notas. Dependiendo de cada caso, puede ser necesaria una mayor personalizaci\u00f3n de [&hellip;]","og_url":"https:\/\/air-marine-int.com\/es\/clausula-de-recopilacion-de-datos\/","og_site_name":"Air Marine Int","article_modified_time":"2023-10-26T12:41:03+00:00","twitter_card":"summary_large_image","twitter_misc":{"Tiempo de lectura":"3 minutos"},"schema":{"@context":"https:\/\/schema.org","@graph":[{"@type":"WebPage","@id":"https:\/\/air-marine-int.com\/es\/clausula-de-recopilacion-de-datos\/","url":"https:\/\/air-marine-int.com\/es\/clausula-de-recopilacion-de-datos\/","name":"Cl\u00e1usula de recopilaci\u00f3n de datos - Air Marine Int","isPartOf":{"@id":"https:\/\/air-marine-int.com\/es\/#website"},"datePublished":"2022-07-15T06:53:47+00:00","dateModified":"2023-10-26T12:41:03+00:00","breadcrumb":{"@id":"https:\/\/air-marine-int.com\/es\/clausula-de-recopilacion-de-datos\/#breadcrumb"},"inLanguage":"es","potentialAction":[{"@type":"ReadAction","target":["https:\/\/air-marine-int.com\/es\/clausula-de-recopilacion-de-datos\/"]}]},{"@type":"BreadcrumbList","@id":"https:\/\/air-marine-int.com\/es\/clausula-de-recopilacion-de-datos\/#breadcrumb","itemListElement":[{"@type":"ListItem","position":1,"name":"Portada","item":"https:\/\/air-marine-int.com\/es\/"},{"@type":"ListItem","position":2,"name":"Cl\u00e1usula de recopilaci\u00f3n de datos"}]},{"@type":"WebSite","@id":"https:\/\/air-marine-int.com\/es\/#website","url":"https:\/\/air-marine-int.com\/es\/","name":"Air Marine Int","description":"Just another WordPress site","potentialAction":[{"@type":"SearchAction","target":{"@type":"EntryPoint","urlTemplate":"https:\/\/air-marine-int.com\/es\/?s={search_term_string}"},"query-input":{"@type":"PropertyValueSpecification","valueRequired":true,"valueName":"search_term_string"}}],"inLanguage":"es"}]}},"_links":{"self":[{"href":"https:\/\/air-marine-int.com\/es\/wp-json\/wp\/v2\/pages\/2001","targetHints":{"allow":["GET"]}}],"collection":[{"href":"https:\/\/air-marine-int.com\/es\/wp-json\/wp\/v2\/pages"}],"about":[{"href":"https:\/\/air-marine-int.com\/es\/wp-json\/wp\/v2\/types\/page"}],"author":[{"embeddable":true,"href":"https:\/\/air-marine-int.com\/es\/wp-json\/wp\/v2\/users\/2"}],"replies":[{"embeddable":true,"href":"https:\/\/air-marine-int.com\/es\/wp-json\/wp\/v2\/comments?post=2001"}],"version-history":[{"count":0,"href":"https:\/\/air-marine-int.com\/es\/wp-json\/wp\/v2\/pages\/2001\/revisions"}],"wp:attachment":[{"href":"https:\/\/air-marine-int.com\/es\/wp-json\/wp\/v2\/media?parent=2001"}],"curies":[{"name":"wp","href":"https:\/\/api.w.org\/{rel}","templated":true}]}}