{"id":2009,"date":"2022-07-11T11:44:47","date_gmt":"2022-07-11T11:44:47","guid":{"rendered":"https:\/\/air-marine-int.com\/legal-notice\/"},"modified":"2023-10-26T12:12:23","modified_gmt":"2023-10-26T12:12:23","slug":"aviso-legal","status":"publish","type":"page","link":"https:\/\/air-marine-int.com\/es\/aviso-legal\/","title":{"rendered":"AVISO LEGAL"},"content":{"rendered":"<section  class='av_textblock_section av-lo759rs1-142b9811c77e231b77cb1b023c3428f6 '   itemscope=\"itemscope\" itemtype=\"https:\/\/schema.org\/CreativeWork\" ><div class='avia_textblock'  itemprop=\"text\" ><blockquote>\n<p><b><span data-contrast=\"none\">GU\u00cdA DE IMPLEMENTACI\u00d3N<\/span><\/b><span data-ccp-props=\"{\">\u00a0<\/span><\/p>\n<\/blockquote>\n<p>Se trata de una cl\u00e1usula que debe incluirse a trav\u00e9s de un enlace (hiperv\u00ednculo) titulado &#8216;Aviso Legal&#8217; en todas las p\u00e1ginas web, por ejemplo, en el pie de p\u00e1gina.<\/p>\n<p><strong>Importante<\/strong><\/p>\n<p>Como podr\u00e1 observar a lo largo del documento, existen algunos apartados marcados con la indicaci\u00f3n <strong>[ADAPTAR AL CASO ESPEC\u00cdFICO]<\/strong>. Revisa atentamente estos apartados para valorar si era necesario incluirlos o adaptarlos seg\u00fan su actividad.<\/p>\n<p>Adem\u00e1s, hay algunas partes donde se deben incluir enlaces a otros documentos (cookies, pol\u00edtica de privacidad). Este aviso deber\u00e1 cumplimentarse de forma que se adapte a la realidad de la empresa:<\/p>\n<p>\u2013 En la introducci\u00f3n ser\u00e1 necesario indicar los datos de matr\u00edcula si es el caso, o n\u00famero de colegiado, t\u00edtulo acad\u00e9mico, etc.<\/p>\n<p>\u2013 Apartado 2: si se realiza comercio electr\u00f3nico, eliminar del texto el gui\u00f3n bajo en color verde; Si no haces comercio electr\u00f3nico, elimina el texto directamente;<\/p>\n<p>\u2013 Apartado 4: si existen cookies enlazar la pol\u00edtica de cookies.<\/p>\n<p>\u2013 Apartado 6: vincular la pol\u00edtica de privacidad si se solicitan datos o newsletter, para formularios de recogida de datos, etc.<\/p>\n<p>\u2013 Apartado 7: si la empresa no tiene perfiles en redes sociales, este apartado no ser\u00eda necesario.<\/p>\n<p>Por este motivo, es muy importante leer el contenido y adaptarlo a las circunstancias particulares de su actividad antes de copiarlo en su sitio web.<span data-ccp-props=\"{\">\u00a0<\/span><\/p>\n<h2><b><span data-contrast=\"none\">AVISO LEGAL Y CONDICIONES DE USO DEL SITIO WEB<\/span><\/b><span data-ccp-props=\"{\">\u00a0<\/span><\/h2>\n<p>Para dar cumplimiento al art\u00edculo 10 de la Ley 34\/2002 de Servicios de la Sociedad de la Informaci\u00f3n y de Comercio Electr\u00f3nico, informaremos a los Usuarios de los siguientes datos:<\/p>\n<p>Nombre de empresa: <strong>FORMACI\u00d3N AEROM\u00c9DICA Y MARINA 6 RESCUE INTERNATINAL, SL<\/strong><\/p>\n<p>Direcci\u00f3n de la Empresa: CAMINO DE CAN FELIU, 18<\/p>\n<p>N\u00famero de Identificaci\u00f3n Fiscal: B06899041<\/p>\n<p>Tel\u00e9fono: 637720023<\/p>\n<p>Correo electr\u00f3nico: mfortea@air-marine-int.com<\/p>\n<p>Sitio web: www.air-med-int.com<\/p>\n<p>Datos de registro:<\/p>\n<blockquote>\n<p><b><span data-contrast=\"none\">1.- Objeto del Contrato<\/span><\/b><\/p>\n<\/blockquote>\n<p><strong>AEROMEDICAL &amp; MARINE TRAINING &amp; RESCUE INTERNATINAL, SL<\/strong> (en adelante el Prestador), como responsable del sitio web, pone a disposici\u00f3n de los Usuarios el presente documento en el que se regula el uso del sitio web, mediante el cual nos proponemos dar cumplimiento a las obligaciones dispuestas en la Ley 34\/2002 de Servicios de la Sociedad de la Informaci\u00f3n y de Comercio Electr\u00f3nico (LSSICE o LSSI), as\u00ed como informar a todos los Usuarios sobre las condiciones de uso del sitio web.<\/p>\n<p>A trav\u00e9s de la Web, <strong>AEROMEDICAL &amp; MARINE TRAINING &amp; RESCUE INTERNATINAL, SL<\/strong> proporciona a los usuarios el acceso y utilizaci\u00f3n de los diferentes servicios y contenidos puestos a disposici\u00f3n a trav\u00e9s de la web.<strong>\u00a0<\/strong><\/p>\n<p>Cualquier persona que acceda a este sitio web asume el papel de Usuario (en adelante, el Usuario), lo que implica en consecuencia la aceptaci\u00f3n plena y sin reservas de todas y cada una de las disposiciones incluidas en este aviso legal, as\u00ed como cualesquiera otras disposiciones legales que sean de aplicaci\u00f3n.<\/p>\n<p>Como Usuario, debes leer atentamente este Aviso Legal en todas y cada una de las ocasiones en que accedas a la web, ya que puede haber modificaciones, reserv\u00e1ndose el prestador el derecho a modificar cualquier tipo de informaci\u00f3n que pueda aparecer en la web. sin necesidad de preavisar o poner en conocimiento de los usuarios dichas obligaciones, bastando \u00fanicamente la mera publicaci\u00f3n en la p\u00e1gina web del Prestador.<\/p>\n<blockquote>\n<p><b><span data-contrast=\"none\">2.-CONDICIONES DE ACCESO Y USO DE LA WEB.<\/span><\/b><\/p>\n<\/blockquote>\n<p><b><span data-contrast=\"none\">2.1.<\/span><\/b> <strong>Acceso y uso gratuito de la web.\u00a0<\/strong><\/p>\n<p>La prestaci\u00f3n de los servicios por parte de <strong>AEROMEDICAL &amp; MARINE TRAINING &amp; RESCUE INTERNATINAL, SL<\/strong> tiene car\u00e1cter gratuito para todos los Usuarios. No obstante, algunos de los servicios prestados por el prestador a trav\u00e9s de la Web est\u00e1n sujetos al pago de un precio espec\u00edfico mediante el contrato general de condiciones.<\/p>\n<p><strong>2.2. Registro de usuario.<\/strong><\/p>\n<p>Con car\u00e1cter general, la prestaci\u00f3n de los Servicios no requiere la previa suscripci\u00f3n o registro de los Usuarios. Aun as\u00ed, <strong>AEROMEDICAL &amp; MARINE TRAINING &amp; RESCUE INTERNATINAL, SL<\/strong> . condiciona el uso de algunos de los servicios \u00fanicamente si el Usuario ha cumplimentado previamente el correspondiente formulario de registro de Usuario. Dicho registro se realizar\u00e1 en la forma que expresamente se indica en el propio apartado del servicio.<\/p>\n<p><strong>2.3. Exactitud y veracidad de la informaci\u00f3n.<\/strong><\/p>\n<p>Toda la informaci\u00f3n facilitada por el Usuario deber\u00e1 ser exacta y veraz. A estos efectos, el Usuario garantiza la autenticidad de los datos facilitados a trav\u00e9s de los formularios de suscripci\u00f3n de los Servicios. El Usuario es responsable de mantener toda la informaci\u00f3n facilitada a <strong>AEROMEDICAL &amp; MARINE TRAINING &amp; RESCUE INTERNATINAL, SL<\/strong> permanentemente actualizada de forma que refleje, en cada momento, su situaci\u00f3n real. En cualquier caso, el Usuario ser\u00e1 el \u00fanico responsable de las manifestaciones falsas o inexactas que realice, as\u00ed como de los perjuicios que como consecuencia pueda causar al prestador o a terceros.<\/p>\n<p><b><span data-contrast=\"none\">2.4.<\/span><\/b> <strong>Menores<\/strong><span data-ccp-props=\"{\">\u00a0<\/span><\/p>\n<p>Para el uso de los servicios, los menores deber\u00e1n obtener siempre el consentimiento previo de sus padres, tutores o representantes legales, quienes son los responsables \u00faltimos de todos los actos realizados por dichos menores bajo su cuidado. Tambi\u00e9n les corresponde determinar los contenidos concretos a los que acceden los menores, es decir, en el caso de que un menor acceda a trav\u00e9s de Internet a contenidos no adecuados, deber\u00e1 establecer mecanismos en su ordenador, en particular programas inform\u00e1ticos, filtros y bloqueos, que sean pretenden limitar los contenidos disponibles y, aunque no son infalibles, son de especial utilidad para controlar y restringir los materiales a los que pueden estar expuestos los menores.<\/p>\n<p><strong>2.5. Obligaci\u00f3n de hacer un uso correcto de la Web.\u00a0<\/strong><\/p>\n<p>El Usuario se compromete a utilizar el Sitio Web de conformidad con la Ley y el presente Aviso Legal, as\u00ed como de conformidad con la moral y las buenas costumbres. A estos efectos, el Usuario deber\u00e1 abstenerse de utilizar la p\u00e1gina con fines il\u00edcitos o prohibidos, y\/o lesivos de los derechos e intereses de terceros, y\/o que de cualquier forma puedan da\u00f1ar, inutilizar, sobrecargar, deteriorar o impedir. la normal utilizaci\u00f3n de los equipos inform\u00e1ticos o de los documentos, archivos y toda clase de contenidos almacenados en cualquier equipo inform\u00e1tico del prestador.<strong>\u00a0<\/strong><\/p>\n<p>A t\u00edtulo particular pero no limitativo, el Usuario se compromete a no transmitir, difundir o poner a disposici\u00f3n de terceros informaciones, datos, contenidos, mensajes, gr\u00e1ficos, dibujos, archivos de sonido o imagen, fotograf\u00edas, grabaciones, software y, en general, cualquier tipo de material que:<\/p>\n<p>(a) sea contrario, desprecie o atente contra los derechos fundamentales y las libertades p\u00fablicas reconocidos por la Constituci\u00f3n Espa\u00f1ola, los tratados internacionales y dem\u00e1s leyes vigentes aplicables;<\/p>\n<p>(b) induzca, incite o promueva actuaciones delictivas, degradantes, difamatorias, violentas o, en general, contrarias a la ley, la moral y el orden p\u00fablico;<\/p>\n<p>(c) inducir, incitar o promover actuaciones, actitudes o pensamientos discriminatorios por raz\u00f3n de sexo, raza, religi\u00f3n, creencias, edad o condici\u00f3n;<\/p>\n<p>(d) sea contrario a los derechos relativos al honor, a la intimidad personal o familiar o a la propia imagen;<\/p>\n<p>(e) de cualquier forma perjudique la credibilidad del proveedor o de terceros; y<\/p>\n<p>(f) constituya publicidad il\u00edcita, enga\u00f1osa o desleal.<\/p>\n<blockquote>\n<p><b><span data-contrast=\"none\">3.- EXCLUSI\u00d3N DE GARANT\u00cdAS Y RESPONSABILIDAD<\/span><\/b><span data-ccp-props=\"{\">\u00a0<\/span><\/p>\n<\/blockquote>\n<p>El Prestador queda exento de toda responsabilidad derivada de la informaci\u00f3n publicada en nuestro sitio web, siempre que dicha informaci\u00f3n haya sido manipulada o introducida por un tercero.<\/p>\n<p>Este sitio web ha sido revisado y probado para que funcione correctamente. En principio se puede garantizar su correcto funcionamiento los 365 d\u00edas del a\u00f1o, las 24 horas del d\u00eda. No obstante, el Prestador no descarta la posibilidad de que puedan existir determinados errores de programaci\u00f3n, o que concurran causas de fuerza mayor, cat\u00e1strofes naturales, huelgas o circunstancias similares que pudieran imposibilitar el acceso al sitio web.<\/p>\n<p><strong>AEROMEDICAL &amp; MARINE TRAINING &amp; RESCUE INTERNATINAL, SL<\/strong> no otorga ninguna garant\u00eda y no se hace responsable, en ning\u00fan caso, de todos los da\u00f1os y perjuicios de cualquier naturaleza que pudieran derivarse de la falta de disponibilidad, mantenimiento y efectivo funcionamiento del sitio web o de sus servicios. y contenidos; de la existencia de virus, programas maliciosos o contenidos da\u00f1inos; del uso il\u00edcito, negligente, fraudulento o contrario al presente Aviso Legal y condiciones de uso; o la falta de licitud, calidad, fiabilidad, utilidad y disponibilidad de los servicios prestados por terceros y actividades puestas a disposici\u00f3n de los usuarios en el sitio web.<\/p>\n<p>El prestador no se hace responsable en ning\u00fan caso de todos los da\u00f1os que pudieran derivarse del uso ilegal o inadecuado de este sitio web.<\/p>\n<blockquote>\n<p><b><span data-contrast=\"none\">4.- COOKIES\u00a0<\/span><\/b><\/p>\n<\/blockquote>\n<p>El sitio web del prestador puede utilizar cookies (peque\u00f1os archivos de informaci\u00f3n que el servidor env\u00eda al ordenador de quien accede a la p\u00e1gina) para llevar a cabo determinadas funciones que son consideradas imprescindibles para el correcto funcionamiento y visualizaci\u00f3n del sitio Web. Las cookies que se utilizan tienen, en todo caso, car\u00e1cter temporal, con la \u00fanica finalidad de hacer m\u00e1s eficaz la navegaci\u00f3n, y desaparecen una vez finalizada la sesi\u00f3n del usuario.<\/p>\n<p>En ning\u00fan caso las cookies se utilizar\u00e1n para recoger informaci\u00f3n personal.<\/p>\n<p>Para m\u00e1s informaci\u00f3n, consulte nuestra Pol\u00edtica de Cookies.<\/p>\n<blockquote>\n<p><b><span data-contrast=\"none\">5.- ENLACES<\/span><\/b><\/p>\n<\/blockquote>\n<p>Desde el sitio web es posible que seas redirigido a contenidos de terceros. Dado que no siempre es posible controlar los contenidos introducidos por terceros, <strong>AEROMEDICAL &amp; MARINE TRAINING &amp; RESCUE INTERNATINAL, SL<\/strong> no asume ninguna responsabilidad respecto a dichos contenidos. En todo caso, el Prestador se compromete a proceder a la retirada inmediata de cualquier contenido que pueda contravenir las leyes nacionales o internacionales, la moral o el orden p\u00fablico, procediendo asimismo a la retirada inmediata de la redirecci\u00f3n a estos sitios web, as\u00ed como informar a las autoridades competentes de la contenido en cuesti\u00f3n.<\/p>\n<p>El Prestador no se hace responsable de la informaci\u00f3n y contenidos almacenados, que puedan incluirse a t\u00edtulo enunciativo pero no limitativo en foros, chats, generadores de blogs, comentarios, redes sociales o cualquier otro medio que permita a terceros publicar contenidos de forma independiente en la p\u00e1gina web del prestador. Sin embargo, y en cumplimiento de lo dispuesto en el art. 11 y 16 de la LSSICE (Ley de la Sociedad de la Informaci\u00f3n y de Comercio Electr\u00f3nico en Espa\u00f1a), el Prestador se compromete a estar a disposici\u00f3n de todos los usuarios, autoridades y fuerzas de seguridad, as\u00ed como a colaborar activamente en la retirada o, en su caso, el bloqueo de todos los contenidos que pueda afectar o contravenir las leyes nacionales, o internacionales, derechos de terceros o con fines de moral y orden p\u00fablico. En el caso de que el usuario considere que puede existir alg\u00fan contenido que pueda ser susceptible de esta clasificaci\u00f3n, deber\u00e1 comunicarlo inmediatamente al administrador del sitio web.<\/p>\n<blockquote>\n<p><b><span data-contrast=\"none\">6.- PROTECCI\u00d3N DE DATOS PERSONALES <\/span><\/b><\/p>\n<\/blockquote>\n<p>El prestador est\u00e1 profundamente comprometido con el cumplimiento de la normativa en protecci\u00f3n de datos personales y garantiza el cumplimiento \u00edntegro de las obligaciones dispuestas en dicha normativa, que incluye adem\u00e1s la implementaci\u00f3n de las medidas de seguridad establecidas tanto en el Reglamento Europeo de Protecci\u00f3n de Datos como en la normativa espa\u00f1ola en materia de protecci\u00f3n de datos. Para obtener m\u00e1s informaci\u00f3n, consulte nuestra Pol\u00edtica de Privacidad.<\/p>\n<blockquote>\n<p><b><span data-contrast=\"none\">7.- REDES SOCIALES <\/span><\/b><\/p>\n<\/blockquote>\n<p>Le informamos que <strong>AEROMEDICAL &amp; MARINE TRAINING &amp; RESCUE INTERNATINAL, SL<\/strong> podr\u00e1 estar presente en las redes sociales. El tratamiento de los datos que los usuarios incluyan en las redes sociales [al hacerse seguidores del prestador en las redes sociales (y\/o realizar cualquier v\u00ednculo o acci\u00f3n de conexi\u00f3n a trav\u00e9s de estas)] se regir\u00e1 por este apartado, as\u00ed como por las condiciones de uso, pol\u00edticas de privacidad y normativas de acceso y uso de las redes sociales en cuesti\u00f3n y son previamente aceptadas por el usuario.<\/p>\n<p><strong>AEROMEDICAL &amp; MARINE TRAINING &amp; RESCUE INTERNATINAL, SL<\/strong> tratar\u00e1 sus datos con la finalidad de informarle de las actividades, productos o servicios del prestador a trav\u00e9s de estas redes sociales, as\u00ed como para cualquier otra finalidad que la normativa de Redes Sociales permita, pero no ser\u00e1 responsable de sus Pol\u00edticas de Privacidad.<\/p>\n<p>Quedan prohibidas las siguientes publicaciones de contenidos:<\/p>\n<p>\u2013 Que sean il\u00edcitos por la normativa nacional, comunitaria o internacional o que realicen actividades supuestamente il\u00edcitas o contravengan los principios de la buena fe.<\/p>\n<p>\u2013 Que atenten contra los derechos fundamentales de las personas, falten a la cortes\u00eda en la red, molesten o puedan generar opiniones negativas en nuestros usuarios o terceros y en general cualesquiera sean los contenidos que <strong>AEROMEDICAL &amp; MARINE TRAINING &amp; RESCUE INTERNATINAL, SL<\/strong> considere no apropiados.<\/p>\n<p>\u2013 Y en general, cuando contravengan los principios de legalidad, honestidad, responsabilidad, protecci\u00f3n de la dignidad humana, protecci\u00f3n de los menores, protecci\u00f3n del orden p\u00fablico, protecci\u00f3n de la intimidad, protecci\u00f3n del consumidor y derechos de propiedad intelectual e industrial.<\/p>\n<p>Asimismo, res <strong>AEROMEDICAL &amp; MARINE TRAINING &amp; RESCUE INTERNATINAL, SL<\/strong> se reserva el derecho a retirar, sin previo aviso, del sitio web o de la red social corporativa aquellos contenidos que se consideren no apropiados.<\/p>\n<blockquote>\n<p><b><span data-contrast=\"none\">8.- PROPIEDAD INTELECTUAL E INDUSTRIAL<\/span><\/b><span data-ccp-props=\"{\">\u00a0<\/span><\/p>\n<\/blockquote>\n<p>El sitio web, incluyendo a t\u00edtulo enunciativo pero no limitativo la programaci\u00f3n, edici\u00f3n, compilaci\u00f3n y dem\u00e1s elementos necesarios para su funcionamiento, los dise\u00f1os, logotipos, textos, fotograf\u00edas y\/o gr\u00e1ficos son todos propiedad del Prestador o en su caso, su uso se basa en un acuerdo de licencia o autorizaci\u00f3n expresa de parte del propietario(s). Todos los contenidos del sitio web se encuentran debidamente protegidos por las normas de propiedad intelectual e industrial.<\/p>\n<p>Independientemente de la finalidad para la que fueran destinados, la reproducci\u00f3n total o parcial, uso, distribuci\u00f3n y comunicaci\u00f3n p\u00fablica requieren la autorizaci\u00f3n escrita previa por parte del Prestador. Cualquier uso no autorizado previamente por parte del Prestador ser\u00e1 considerado un incumplimiento grave de los derechos de propiedad intelectual o industrial de su(s) titular(es).<\/p>\n<p>Los dise\u00f1os, logotipos, textos y\/o gr\u00e1ficos ajenos al prestador y que puedan aparecer en el sitio web, son propiedad de sus respectivos due\u00f1os, siendo ellos mismos responsables de cualquier posible controversia que pudiera producirse respecto a los mismos. En todo caso, el Prestador cuenta con la autorizaci\u00f3n expresa y previa de dichos titulares.<\/p>\n<p>El Prestador reconoce, a favor de sus titulares, sus correspondientes derechos de propiedad industrial e intelectual, por los que su menci\u00f3n o aparici\u00f3n en el sitio web, no implica la existencia de derechos ni responsabilidad alguna del Prestador sobre los mismos, como tampoco respaldo, patrocinio o recomendaci\u00f3n por parte del mismo.<\/p>\n<p>Para realizar cualquier tipo de observaci\u00f3n respecto a posibles incumplimientos de los derechos de propiedad intelectual o industrial, as\u00ed como sobre cualquiera de los contenidos del sitio web, podr\u00e1 comunicarse con el Prestador a trav\u00e9s del correo electr\u00f3nico de contacto arriba indicado.<\/p>\n<blockquote>\n<p><b><span data-contrast=\"none\">9.- LEY APLICABLE Y JURISDICCI\u00d3N<\/span><\/b><span data-ccp-props=\"{\">\u00a0<\/span><\/p>\n<\/blockquote>\n<p>Para la resoluci\u00f3n de controversias o cuestiones relacionadas con este sitio web o las actividades que en \u00e9l se desarrollan, se regir\u00e1n por las leyes aplicables en Espa\u00f1a, a las que se someten expresamente las partes, siendo los Tribunales de <strong>AEROMEDICAL &amp; MARINE TRAINING &amp; RESCUE INTERNATINAL, SL<\/strong> como las entidades competentes que resolver\u00e1n todas las controversias que se deriven o est\u00e9n relacionadas con el uso realizado por dichas partes.<\/p>\n<p>Algunos servicios de redacci\u00f3n de ensayos ofrecen ensayos sin costo alguno. Sin embargo, debe tener en cuenta si es la opci\u00f3n correcta para usted. Aunque pueda parecer una ganga, la verdad es que los escritores libres no producen un trabajo excelente. Elija soluciones razonables y de calidad que proporcionen una amplia gama de escritores. Las empresas enumeradas anteriormente est\u00e1n calificadas para generar confianza con usted y producir documentos de la m\u00e1s alta calidad. A continuaci\u00f3n se ofrecen algunos consejos para seleccionar la mejor empresa de redacci\u00f3n de ensayos <a href=\"https:\/\/designbump.com\/digital-marketing-tips-for-your-advertisement-strategy\/\">https:\/\/designbump.com\/digital-marketing-tips-for-your-advertisement-strategy\/<\/a>. Debe asegurarse de tener acceso a muestras de calidad y garant\u00edas del servicio de redacci\u00f3n de ensayos.<\/p>\n<\/div><\/section>\n","protected":false},"excerpt":{"rendered":"","protected":false},"author":2,"featured_media":0,"parent":0,"menu_order":0,"comment_status":"closed","ping_status":"closed","template":"","meta":{"_acf_changed":false,"footnotes":""},"class_list":["post-2009","page","type-page","status-publish","hentry"],"acf":[],"yoast_head":"<!-- This site is optimized with the Yoast SEO plugin v27.5 - https:\/\/yoast.com\/product\/yoast-seo-wordpress\/ -->\n<title>AVISO LEGAL - Air Marine Int<\/title>\n<meta name=\"robots\" content=\"index, follow, max-snippet:-1, max-image-preview:large, max-video-preview:-1\" \/>\n<link rel=\"canonical\" href=\"https:\/\/air-marine-int.com\/es\/aviso-legal\/\" \/>\n<meta property=\"og:locale\" content=\"es_ES\" \/>\n<meta property=\"og:type\" content=\"article\" \/>\n<meta property=\"og:title\" content=\"AVISO LEGAL - Air Marine Int\" \/>\n<meta property=\"og:url\" content=\"https:\/\/air-marine-int.com\/es\/aviso-legal\/\" \/>\n<meta property=\"og:site_name\" content=\"Air Marine Int\" \/>\n<meta property=\"article:modified_time\" content=\"2023-10-26T12:12:23+00:00\" \/>\n<meta name=\"twitter:card\" content=\"summary_large_image\" \/>\n<script type=\"application\/ld+json\" class=\"yoast-schema-graph\">{\"@context\":\"https:\\\/\\\/schema.org\",\"@graph\":[{\"@type\":\"WebPage\",\"@id\":\"https:\\\/\\\/air-marine-int.com\\\/es\\\/aviso-legal\\\/\",\"url\":\"https:\\\/\\\/air-marine-int.com\\\/es\\\/aviso-legal\\\/\",\"name\":\"AVISO LEGAL - Air Marine Int\",\"isPartOf\":{\"@id\":\"https:\\\/\\\/air-marine-int.com\\\/es\\\/#website\"},\"datePublished\":\"2022-07-11T11:44:47+00:00\",\"dateModified\":\"2023-10-26T12:12:23+00:00\",\"breadcrumb\":{\"@id\":\"https:\\\/\\\/air-marine-int.com\\\/es\\\/aviso-legal\\\/#breadcrumb\"},\"inLanguage\":\"es\",\"potentialAction\":[{\"@type\":\"ReadAction\",\"target\":[\"https:\\\/\\\/air-marine-int.com\\\/es\\\/aviso-legal\\\/\"]}]},{\"@type\":\"BreadcrumbList\",\"@id\":\"https:\\\/\\\/air-marine-int.com\\\/es\\\/aviso-legal\\\/#breadcrumb\",\"itemListElement\":[{\"@type\":\"ListItem\",\"position\":1,\"name\":\"Portada\",\"item\":\"https:\\\/\\\/air-marine-int.com\\\/es\\\/\"},{\"@type\":\"ListItem\",\"position\":2,\"name\":\"AVISO LEGAL\"}]},{\"@type\":\"WebSite\",\"@id\":\"https:\\\/\\\/air-marine-int.com\\\/es\\\/#website\",\"url\":\"https:\\\/\\\/air-marine-int.com\\\/es\\\/\",\"name\":\"Air Marine Int\",\"description\":\"Just another WordPress site\",\"potentialAction\":[{\"@type\":\"SearchAction\",\"target\":{\"@type\":\"EntryPoint\",\"urlTemplate\":\"https:\\\/\\\/air-marine-int.com\\\/es\\\/?s={search_term_string}\"},\"query-input\":{\"@type\":\"PropertyValueSpecification\",\"valueRequired\":true,\"valueName\":\"search_term_string\"}}],\"inLanguage\":\"es\"}]}<\/script>\n<!-- \/ Yoast SEO plugin. -->","yoast_head_json":{"title":"AVISO LEGAL - Air Marine Int","robots":{"index":"index","follow":"follow","max-snippet":"max-snippet:-1","max-image-preview":"max-image-preview:large","max-video-preview":"max-video-preview:-1"},"canonical":"https:\/\/air-marine-int.com\/es\/aviso-legal\/","og_locale":"es_ES","og_type":"article","og_title":"AVISO LEGAL - Air Marine Int","og_url":"https:\/\/air-marine-int.com\/es\/aviso-legal\/","og_site_name":"Air Marine Int","article_modified_time":"2023-10-26T12:12:23+00:00","twitter_card":"summary_large_image","schema":{"@context":"https:\/\/schema.org","@graph":[{"@type":"WebPage","@id":"https:\/\/air-marine-int.com\/es\/aviso-legal\/","url":"https:\/\/air-marine-int.com\/es\/aviso-legal\/","name":"AVISO LEGAL - Air Marine Int","isPartOf":{"@id":"https:\/\/air-marine-int.com\/es\/#website"},"datePublished":"2022-07-11T11:44:47+00:00","dateModified":"2023-10-26T12:12:23+00:00","breadcrumb":{"@id":"https:\/\/air-marine-int.com\/es\/aviso-legal\/#breadcrumb"},"inLanguage":"es","potentialAction":[{"@type":"ReadAction","target":["https:\/\/air-marine-int.com\/es\/aviso-legal\/"]}]},{"@type":"BreadcrumbList","@id":"https:\/\/air-marine-int.com\/es\/aviso-legal\/#breadcrumb","itemListElement":[{"@type":"ListItem","position":1,"name":"Portada","item":"https:\/\/air-marine-int.com\/es\/"},{"@type":"ListItem","position":2,"name":"AVISO LEGAL"}]},{"@type":"WebSite","@id":"https:\/\/air-marine-int.com\/es\/#website","url":"https:\/\/air-marine-int.com\/es\/","name":"Air Marine Int","description":"Just another WordPress site","potentialAction":[{"@type":"SearchAction","target":{"@type":"EntryPoint","urlTemplate":"https:\/\/air-marine-int.com\/es\/?s={search_term_string}"},"query-input":{"@type":"PropertyValueSpecification","valueRequired":true,"valueName":"search_term_string"}}],"inLanguage":"es"}]}},"_links":{"self":[{"href":"https:\/\/air-marine-int.com\/es\/wp-json\/wp\/v2\/pages\/2009","targetHints":{"allow":["GET"]}}],"collection":[{"href":"https:\/\/air-marine-int.com\/es\/wp-json\/wp\/v2\/pages"}],"about":[{"href":"https:\/\/air-marine-int.com\/es\/wp-json\/wp\/v2\/types\/page"}],"author":[{"embeddable":true,"href":"https:\/\/air-marine-int.com\/es\/wp-json\/wp\/v2\/users\/2"}],"replies":[{"embeddable":true,"href":"https:\/\/air-marine-int.com\/es\/wp-json\/wp\/v2\/comments?post=2009"}],"version-history":[{"count":0,"href":"https:\/\/air-marine-int.com\/es\/wp-json\/wp\/v2\/pages\/2009\/revisions"}],"wp:attachment":[{"href":"https:\/\/air-marine-int.com\/es\/wp-json\/wp\/v2\/media?parent=2009"}],"curies":[{"name":"wp","href":"https:\/\/api.w.org\/{rel}","templated":true}]}}