{"id":2055,"date":"2022-07-11T13:04:13","date_gmt":"2022-07-11T13:04:13","guid":{"rendered":"https:\/\/air-marine-int.com\/privacy-policy\/"},"modified":"2023-10-26T12:15:50","modified_gmt":"2023-10-26T12:15:50","slug":"politica-de-privacidad","status":"publish","type":"page","link":"https:\/\/air-marine-int.com\/es\/politica-de-privacidad\/","title":{"rendered":"Pol\u00edtica de privacidad"},"content":{"rendered":"<section  class='av_textblock_section av-lo75dxuj-8c57a68b3fe349207c7da0cbb527107c '   itemscope=\"itemscope\" itemtype=\"https:\/\/schema.org\/CreativeWork\" ><div class='avia_textblock'  itemprop=\"text\" ><blockquote>\n<h2 style=\"text-align: left;\"><strong>GU\u00cdA DE IMPLEMENTACI\u00d3N<\/strong><\/h2>\n<\/blockquote>\n<p>En cumplimiento de los deberes de informaci\u00f3n y consentimiento establecidos por la ley, deber\u00e1 a\u00f1adirse esta cl\u00e1usula a aquellos formularios en los que se recojan datos de car\u00e1cter personal.<\/p>\n<p>IMPORTANTE: Por favor tenga en cuenta y lea atentamente las siguientes notas. Dependiendo de cada caso, puede ser necesaria una mayor personalizaci\u00f3n de la cl\u00e1usula proporcionada.<\/p>\n<ol>\n<li><strong>FINALIDAD DE LA RECAUDACI\u00d3N<\/strong><\/li>\n<\/ol>\n<p>Esta cl\u00e1usula es un modelo gen\u00e9rico que debe utilizarse en el contexto de la recogida de datos para una finalidad espec\u00edfica, que tendr\u00e1 que indicarse expl\u00edcitamente en el espacio correspondiente dentro de la cl\u00e1usula.<\/p>\n<ol start=\"2\">\n<li><strong>TRANSFERENCIA DE DATOS<\/strong><\/li>\n<\/ol>\n<p>La cl\u00e1usula proporcionada menciona que no habr\u00e1 transferencia de datos. No obstante, en el caso de que se realice una transferencia de datos hacia terceros, deber\u00e1 indicarlo expl\u00edcitamente, detallando la finalidad de dicha transferencia as\u00ed como el destino final o destinatario de los datos (a la empresa, empresas o categor\u00edas de empresas donde ser\u00e1n transferidos).<\/p>\n<ol start=\"3\">\n<li><strong>TRANSFERENCIA INTERNACIONAL DE DATOS<\/strong><\/li>\n<\/ol>\n<p>En caso de que se realice una Transferencia Internacional de Datos, ser\u00e1 necesario mencionarlo expresamente dentro de la cl\u00e1usula.<\/p>\n<blockquote>\n<h2><strong>CL\u00c1USULA DE INFORMACI\u00d3N B\u00c1SICA<\/strong><\/h2>\n<\/blockquote>\n<p><strong>Versi\u00f3n NORMAL (cartas, albaranes, facturas, fax, etc.)<\/strong><\/p>\n<p>De acuerdo con las disposiciones vigentes en materia de protecci\u00f3n de datos personales, Reglamento (UE) 2016\/679 de 27 de abril de 2016 (RGPD), Ley Org\u00e1nica 3\/2018 de 5 de diciembre (LOPDGDD), le informamos que los datos personales incorporados en este documento ser\u00e1 tratado por AEROMEDICAL &amp; MARINE TRAINING &amp; RESCUE INTERNATIONAL, SL (Responsable del Tratamiento), con la finalidad de mantener una relaci\u00f3n comercial y conservarlos mientras se mantenga dicha relaci\u00f3n. Los datos no se comunicar\u00e1n a terceros, salvo obligaci\u00f3n legal, ni se realizar\u00e1 ninguna transferencia internacional sin su previo consentimiento. Asimismo, se informa que puede ejercer los derechos de acceso, rectificaci\u00f3n, portabilidad y supresi\u00f3n de sus datos y los de limitaci\u00f3n y oposici\u00f3n a su tratamiento dirigi\u00e9ndose a AEROMEDICAL &amp; MARINE TRAINING &amp; RESCUE INTERNATIONAL SL. con domicilio CAMINO DE CAN FELIU, 18 08191 RUB\u00cd (BARCELONA) o enviando un correo electr\u00f3nico a mfortea@air-marine-int.com, junto con una fotocopia de su DNI indicando el tipo de derecho que desea ejercer. Si considera que el tratamiento no se ajusta a la normativa vigente, puede presentar una reclamaci\u00f3n ante la autoridad de control en agpd.es.<\/p>\n<p><strong>Versi\u00f3n REDUCIDA (TPV, tickets de venta, etc)<\/strong><\/p>\n<p>AEROMEDICAL &amp; MARINE TRAINING &amp; RESCUE INTERNATIONAL, SL es el responsable del tratamiento de sus datos de conformidad con el RGPD y la LOPDGD, e intenta mantener una relaci\u00f3n comercial\/comercial con usted. Los conservar\u00e1 mientras se mantenga esta relaci\u00f3n y no los comunicar\u00e1 a terceros. Puede ejercitar sus derechos de acceso, rectificaci\u00f3n, portabilidad, supresi\u00f3n, limitaci\u00f3n y oposici\u00f3n ante CAMINO DE CAN FELIU, 18 08191 RUB\u00cd (BARCELONA) o enviando un correo electr\u00f3nico a info@air-marine-int.com. Para cualquier reclamaci\u00f3n puedes dirigirte a agpd.es.<\/p>\n<\/div><\/section>\n","protected":false},"excerpt":{"rendered":"","protected":false},"author":2,"featured_media":0,"parent":0,"menu_order":0,"comment_status":"closed","ping_status":"closed","template":"","meta":{"_acf_changed":false,"footnotes":""},"class_list":["post-2055","page","type-page","status-publish","hentry"],"acf":[],"yoast_head":"<!-- This site is optimized with the Yoast SEO plugin v27.5 - https:\/\/yoast.com\/product\/yoast-seo-wordpress\/ -->\n<title>Pol\u00edtica de privacidad - Air Marine Int<\/title>\n<meta name=\"robots\" content=\"index, follow, max-snippet:-1, max-image-preview:large, max-video-preview:-1\" \/>\n<link rel=\"canonical\" href=\"https:\/\/air-marine-int.com\/es\/politica-de-privacidad\/\" \/>\n<meta property=\"og:locale\" content=\"es_ES\" \/>\n<meta property=\"og:type\" content=\"article\" \/>\n<meta property=\"og:title\" content=\"Pol\u00edtica de privacidad - Air Marine Int\" \/>\n<meta property=\"og:url\" content=\"https:\/\/air-marine-int.com\/es\/politica-de-privacidad\/\" \/>\n<meta property=\"og:site_name\" content=\"Air Marine Int\" \/>\n<meta property=\"article:modified_time\" content=\"2023-10-26T12:15:50+00:00\" \/>\n<meta name=\"twitter:card\" content=\"summary_large_image\" \/>\n<meta name=\"twitter:label1\" content=\"Tiempo de lectura\" \/>\n\t<meta name=\"twitter:data1\" content=\"3 minutos\" \/>\n<script type=\"application\/ld+json\" class=\"yoast-schema-graph\">{\"@context\":\"https:\\\/\\\/schema.org\",\"@graph\":[{\"@type\":\"WebPage\",\"@id\":\"https:\\\/\\\/air-marine-int.com\\\/es\\\/politica-de-privacidad\\\/\",\"url\":\"https:\\\/\\\/air-marine-int.com\\\/es\\\/politica-de-privacidad\\\/\",\"name\":\"Pol\u00edtica de privacidad - Air Marine Int\",\"isPartOf\":{\"@id\":\"https:\\\/\\\/air-marine-int.com\\\/es\\\/#website\"},\"datePublished\":\"2022-07-11T13:04:13+00:00\",\"dateModified\":\"2023-10-26T12:15:50+00:00\",\"breadcrumb\":{\"@id\":\"https:\\\/\\\/air-marine-int.com\\\/es\\\/politica-de-privacidad\\\/#breadcrumb\"},\"inLanguage\":\"es\",\"potentialAction\":[{\"@type\":\"ReadAction\",\"target\":[\"https:\\\/\\\/air-marine-int.com\\\/es\\\/politica-de-privacidad\\\/\"]}]},{\"@type\":\"BreadcrumbList\",\"@id\":\"https:\\\/\\\/air-marine-int.com\\\/es\\\/politica-de-privacidad\\\/#breadcrumb\",\"itemListElement\":[{\"@type\":\"ListItem\",\"position\":1,\"name\":\"Portada\",\"item\":\"https:\\\/\\\/air-marine-int.com\\\/es\\\/\"},{\"@type\":\"ListItem\",\"position\":2,\"name\":\"Pol\u00edtica de privacidad\"}]},{\"@type\":\"WebSite\",\"@id\":\"https:\\\/\\\/air-marine-int.com\\\/es\\\/#website\",\"url\":\"https:\\\/\\\/air-marine-int.com\\\/es\\\/\",\"name\":\"Air Marine Int\",\"description\":\"Just another WordPress site\",\"potentialAction\":[{\"@type\":\"SearchAction\",\"target\":{\"@type\":\"EntryPoint\",\"urlTemplate\":\"https:\\\/\\\/air-marine-int.com\\\/es\\\/?s={search_term_string}\"},\"query-input\":{\"@type\":\"PropertyValueSpecification\",\"valueRequired\":true,\"valueName\":\"search_term_string\"}}],\"inLanguage\":\"es\"}]}<\/script>\n<!-- \/ Yoast SEO plugin. -->","yoast_head_json":{"title":"Pol\u00edtica de privacidad - Air Marine Int","robots":{"index":"index","follow":"follow","max-snippet":"max-snippet:-1","max-image-preview":"max-image-preview:large","max-video-preview":"max-video-preview:-1"},"canonical":"https:\/\/air-marine-int.com\/es\/politica-de-privacidad\/","og_locale":"es_ES","og_type":"article","og_title":"Pol\u00edtica de privacidad - Air Marine Int","og_url":"https:\/\/air-marine-int.com\/es\/politica-de-privacidad\/","og_site_name":"Air Marine Int","article_modified_time":"2023-10-26T12:15:50+00:00","twitter_card":"summary_large_image","twitter_misc":{"Tiempo de lectura":"3 minutos"},"schema":{"@context":"https:\/\/schema.org","@graph":[{"@type":"WebPage","@id":"https:\/\/air-marine-int.com\/es\/politica-de-privacidad\/","url":"https:\/\/air-marine-int.com\/es\/politica-de-privacidad\/","name":"Pol\u00edtica de privacidad - Air Marine Int","isPartOf":{"@id":"https:\/\/air-marine-int.com\/es\/#website"},"datePublished":"2022-07-11T13:04:13+00:00","dateModified":"2023-10-26T12:15:50+00:00","breadcrumb":{"@id":"https:\/\/air-marine-int.com\/es\/politica-de-privacidad\/#breadcrumb"},"inLanguage":"es","potentialAction":[{"@type":"ReadAction","target":["https:\/\/air-marine-int.com\/es\/politica-de-privacidad\/"]}]},{"@type":"BreadcrumbList","@id":"https:\/\/air-marine-int.com\/es\/politica-de-privacidad\/#breadcrumb","itemListElement":[{"@type":"ListItem","position":1,"name":"Portada","item":"https:\/\/air-marine-int.com\/es\/"},{"@type":"ListItem","position":2,"name":"Pol\u00edtica de privacidad"}]},{"@type":"WebSite","@id":"https:\/\/air-marine-int.com\/es\/#website","url":"https:\/\/air-marine-int.com\/es\/","name":"Air Marine Int","description":"Just another WordPress site","potentialAction":[{"@type":"SearchAction","target":{"@type":"EntryPoint","urlTemplate":"https:\/\/air-marine-int.com\/es\/?s={search_term_string}"},"query-input":{"@type":"PropertyValueSpecification","valueRequired":true,"valueName":"search_term_string"}}],"inLanguage":"es"}]}},"_links":{"self":[{"href":"https:\/\/air-marine-int.com\/es\/wp-json\/wp\/v2\/pages\/2055","targetHints":{"allow":["GET"]}}],"collection":[{"href":"https:\/\/air-marine-int.com\/es\/wp-json\/wp\/v2\/pages"}],"about":[{"href":"https:\/\/air-marine-int.com\/es\/wp-json\/wp\/v2\/types\/page"}],"author":[{"embeddable":true,"href":"https:\/\/air-marine-int.com\/es\/wp-json\/wp\/v2\/users\/2"}],"replies":[{"embeddable":true,"href":"https:\/\/air-marine-int.com\/es\/wp-json\/wp\/v2\/comments?post=2055"}],"version-history":[{"count":0,"href":"https:\/\/air-marine-int.com\/es\/wp-json\/wp\/v2\/pages\/2055\/revisions"}],"wp:attachment":[{"href":"https:\/\/air-marine-int.com\/es\/wp-json\/wp\/v2\/media?parent=2055"}],"curies":[{"name":"wp","href":"https:\/\/api.w.org\/{rel}","templated":true}]}}