{"id":2061,"date":"2022-06-23T08:23:12","date_gmt":"2022-06-23T08:23:12","guid":{"rendered":"https:\/\/air-marine-int.com\/services\/personal-dedicated-medical-escort-support-for-vip-tourism\/"},"modified":"2025-11-06T13:25:54","modified_gmt":"2025-11-06T13:25:54","slug":"apoyo-de-acompanamiento-medico-personal-dedicado-para-turismo-vip","status":"publish","type":"page","link":"https:\/\/air-marine-int.com\/es\/servicios\/apoyo-de-acompanamiento-medico-personal-dedicado-para-turismo-vip\/","title":{"rendered":"APOYO DE ACOMPA\u00d1AMIENTO M\u00c9DICO PERSONAL \/ DEDICADO PARA TURISMO VIP"},"content":{"rendered":"<div id='av-layout-grid-1'  class='av-layout-grid-container av-av_layout_row-c44cf798658cb0f53c0de6369081d089 entry-content-wrapper main_color av-flex-cells  avia-builder-el-0  el_before_av_section  avia-builder-el-first   container_wrap fullsize'  >\n\n<style type=\"text\/css\" data-created_by=\"avia_inline_auto\" id=\"style-css-av-av_cell_two_fifth-a8c3aa805ed193c85b3629f3f1d70413\">\n.flex_cell.av-av_cell_two_fifth-a8c3aa805ed193c85b3629f3f1d70413{\nvertical-align:middle;\nbackground-color:rgba(92,193,185,0.2);\n}\n<\/style>\n<div class='flex_cell av-av_cell_two_fifth-a8c3aa805ed193c85b3629f3f1d70413 av-gridrow-cell av_two_fifth no_margin  avia-builder-el-1  el_before_av_cell_three_fifth  avia-builder-el-first  content-align-middle avia-full-contain'  ><div class='flex_cell_inner'><div  class='flex_column av-av_one_full-4453fbc7e8da734fe9d5824da1c72891 av_one_full  avia-builder-el-2  avia-builder-el-no-sibling  first flex_column_div  '     ><style type=\"text\/css\" data-created_by=\"avia_inline_auto\" id=\"style-css-av-av_image-88609c258b59690e695e289636f8d0a5\">\n.avia-image-container.av-av_image-88609c258b59690e695e289636f8d0a5 img.avia_image{\nbox-shadow:none;\n}\n.avia-image-container.av-av_image-88609c258b59690e695e289636f8d0a5 .av-image-caption-overlay-center{\ncolor:#ffffff;\n}\n<\/style>\n<div  class='avia-image-container av-av_image-88609c258b59690e695e289636f8d0a5 av-styling- avia-align-center  avia-builder-el-3  avia-builder-el-no-sibling '   itemprop=\"image\" itemscope=\"itemscope\" itemtype=\"https:\/\/schema.org\/ImageObject\" ><div class=\"avia-image-container-inner\"><div class=\"avia-image-overlay-wrap\"><img decoding=\"async\" fetchpriority=\"high\" class='wp-image-3496 avia-img-lazy-loading-not-3496 avia_image ' src=\"https:\/\/air-marine-int.com\/wp-content\/uploads\/2025\/10\/FotoTitular-VIP-AirMarine.png\" alt='' title='FotoTitular-VIP-AirMarine'  height=\"800\" width=\"800\"  itemprop=\"thumbnailUrl\" srcset=\"https:\/\/air-marine-int.com\/wp-content\/uploads\/2025\/10\/FotoTitular-VIP-AirMarine.png 800w, https:\/\/air-marine-int.com\/wp-content\/uploads\/2025\/10\/FotoTitular-VIP-AirMarine-300x300.png 300w, https:\/\/air-marine-int.com\/wp-content\/uploads\/2025\/10\/FotoTitular-VIP-AirMarine-80x80.png 80w, https:\/\/air-marine-int.com\/wp-content\/uploads\/2025\/10\/FotoTitular-VIP-AirMarine-768x768.png 768w, https:\/\/air-marine-int.com\/wp-content\/uploads\/2025\/10\/FotoTitular-VIP-AirMarine-36x36.png 36w, https:\/\/air-marine-int.com\/wp-content\/uploads\/2025\/10\/FotoTitular-VIP-AirMarine-180x180.png 180w, https:\/\/air-marine-int.com\/wp-content\/uploads\/2025\/10\/FotoTitular-VIP-AirMarine-705x705.png 705w\" sizes=\"(max-width: 800px) 100vw, 800px\" \/><\/div><\/div><\/div><\/div>\n<\/div><\/div>\n<style type=\"text\/css\" data-created_by=\"avia_inline_auto\" id=\"style-css-av-av_cell_three_fifth-a8c3aa805ed193c85b3629f3f1d70413\">\n.flex_cell.av-av_cell_three_fifth-a8c3aa805ed193c85b3629f3f1d70413{\nvertical-align:middle;\nbackground-color:rgba(92,193,185,0.2);\n}\n<\/style>\n<div class='flex_cell av-av_cell_three_fifth-a8c3aa805ed193c85b3629f3f1d70413 av-gridrow-cell av_three_fifth no_margin  avia-builder-el-4  el_after_av_cell_two_fifth  avia-builder-el-last  content-align-middle avia-full-contain'  ><div class='flex_cell_inner'><div  class='flex_column av-av_one_full-a93934ecd89fbb8a9566d39e89cd3725 av_one_full  avia-builder-el-5  avia-builder-el-no-sibling  first flex_column_div  '     ><section  class='av_textblock_section av-mhnb6o9c-798c7048d86bd3db2cd856aff66e0271 '   itemscope=\"itemscope\" itemtype=\"https:\/\/schema.org\/CreativeWork\" ><div class='avia_textblock'  itemprop=\"text\" ><h1 style=\"text-align: center; font-size: 40pt; color: #5cc1b9;\">APOYO M\u00c9DICO PERSONAL \/ DEDICADO PARA EL TURISMO VIP<\/h1>\n<\/div><\/section><br \/>\n<section  class='av_textblock_section av-mhnb71or-42a32a56578d15606b47efce322f1fd1 '   itemscope=\"itemscope\" itemtype=\"https:\/\/schema.org\/CreativeWork\" ><div class='avia_textblock'  itemprop=\"text\" ><h2 style=\"text-align: center; font-weight: 500;\">Escolta M\u00e9dica para\u00a0Vips\u00a0o Empresas<\/h2>\n<\/div><\/section><br \/>\n<section  class='av_textblock_section av-mhnb97i2-8a6ee144c086febaf140e9715d2e257e '   itemscope=\"itemscope\" itemtype=\"https:\/\/schema.org\/CreativeWork\" ><div class='avia_textblock'  itemprop=\"text\" ><p style=\"text-align: center; font-size: 15pt;\">Aeromedical and Marine TRI, SL ofrece el servicio de atenci\u00f3n m\u00e9dica, especialmente escolta de viajes, para\u00a0VIPs\u00a0individuales, turistas y personal.<\/p>\n<\/div><\/section><\/p><\/div>\n<\/div><\/div><\/div><div id='av_section_1'  class='avia-section av-av_section-a5bb92af5cbc65a77be789e0dbf47f69 main_color avia-section-default avia-no-border-styling  avia-builder-el-9  el_after_av_layout_row  avia-builder-el-last  avia-bg-style-scroll container_wrap fullsize'  ><div class='container av-section-cont-open' ><div class='template-page content  av-content-full alpha units'><div class='post-entry post-entry-type-page post-entry-2061'><div class='entry-content-wrapper clearfix'>\n<div  class='flex_column av-av_one_full-a93934ecd89fbb8a9566d39e89cd3725 av_one_full  avia-builder-el-10  el_before_av_one_full  avia-builder-el-first  first flex_column_div  '     ><style type=\"text\/css\" data-created_by=\"avia_inline_auto\" id=\"style-css-av-mhnbpvme-59818c6e5218dfd32089c515c679df7b\">\n#top .av_textblock_section.av-mhnbpvme-59818c6e5218dfd32089c515c679df7b .avia_textblock{\nfont-size:15px;\n}\n<\/style>\n<section  class='av_textblock_section av-mhnbpvme-59818c6e5218dfd32089c515c679df7b '   itemscope=\"itemscope\" itemtype=\"https:\/\/schema.org\/CreativeWork\" ><div class='avia_textblock'  itemprop=\"text\" ><blockquote>\n<p style=\"text-align: center;\">Nuestro personal sanitario profesional ofrece asistencia m\u00e9dica integral con total privacidad y discreci\u00f3n.<\/p>\n<\/blockquote>\n<\/div><\/section><br \/>\n\n<style type=\"text\/css\" data-created_by=\"avia_inline_auto\" id=\"style-css-av-av_hr-02349c1beab2949c090bc0e85b87d63d\">\n#top .hr.hr-invisible.av-av_hr-02349c1beab2949c090bc0e85b87d63d{\nheight:20px;\n}\n<\/style>\n<div  class='hr av-av_hr-02349c1beab2949c090bc0e85b87d63d hr-invisible  avia-builder-el-12  el_after_av_textblock  el_before_av_textblock '><span class='hr-inner '><span class=\"hr-inner-style\"><\/span><\/span><\/div><br \/>\n<section  class='av_textblock_section av-av_textblock-7fa0f915a031f38e6ad3c6ca97d129bf '   itemscope=\"itemscope\" itemtype=\"https:\/\/schema.org\/CreativeWork\" ><div class='avia_textblock'  itemprop=\"text\" ><p style=\"text-align: left;\">Organitzem la teva estada i gestionem la teva intervenci\u00f3\/tractament quir\u00fargic perqu\u00e8 no hagis de preocupar-te. La teva recuperaci\u00f3 ser\u00e0 com unes vacances, i estarem aqu\u00ed per ajudar-te a fer-ho. Podem proporcionar visites m\u00e8diques immediates directament a la teva habitaci\u00f3 d&#8217;hotel\/allotjament.<\/p>\n<\/div><\/section><\/p><\/div><div  class='flex_column av-av_one_full-a93934ecd89fbb8a9566d39e89cd3725 av_one_full  avia-builder-el-14  el_after_av_one_full  el_before_av_one_half  first flex_column_div  column-top-margin'     ><style type=\"text\/css\" data-created_by=\"avia_inline_auto\" id=\"style-css-av-mhnbq4lu-9a5e65903fa4e7eabb3856c0e054d3b3\">\n#top .av_textblock_section.av-mhnbq4lu-9a5e65903fa4e7eabb3856c0e054d3b3 .avia_textblock{\nfont-size:15px;\n}\n<\/style>\n<section  class='av_textblock_section av-mhnbq4lu-9a5e65903fa4e7eabb3856c0e054d3b3 '   itemscope=\"itemscope\" itemtype=\"https:\/\/schema.org\/CreativeWork\" ><div class='avia_textblock'  itemprop=\"text\" ><h3 style=\"text-align: center;\">Nuestros servicios incluyen:<\/h3>\n<\/div><\/section><\/div><div  class='flex_column av-av_one_half-a93934ecd89fbb8a9566d39e89cd3725 av_one_half  avia-builder-el-16  el_after_av_one_full  el_before_av_one_half  first flex_column_div  column-top-margin'     ><section  class='av_textblock_section av-mhnbrnh9-17458fbdb272d62af7d4ca46da274eb3 '   itemscope=\"itemscope\" itemtype=\"https:\/\/schema.org\/CreativeWork\" ><div class='avia_textblock'  itemprop=\"text\" ><article class=\"article-icon-entry av-iconlist-empty\">\n<div class=\"iconlist_content_wrap\">\n<header class=\"entry-content-header\" aria-label=\"Icon: ASSIST\u00c8NCIA PERSONALITZADA AL PACIENT INTERNACIONAL (ACOMPANYAMENT I TRADUCCI\u00d3)\">\n<ul>\n<li>ASISTENCIA PERSONALIZADA AL PACIENTE INTERNACIONAL (ACOMPA\u00d1AMIENTO Y TRADUCCI\u00d3N)<\/li>\n<li>ORGANIZACI\u00d3N DEL TRASLADO A LA CL\u00cdNICA<\/li>\n<li>ALOJAMIENTO EN HOTELES DE ALTA CALIDAD<\/li>\n<li>SERVICIO DE EMERGENCIA LAS 24 HORAS PARA CUALQUIER PROBLEMA DE SALUD<\/li>\n<\/ul>\n<\/header>\n<\/div>\n<\/article>\n<\/div><\/section><\/div><div  class='flex_column av-av_one_half-d06667205e6186ec8414c6eb7605d406 av_one_half  avia-builder-el-18  el_after_av_one_half  el_before_av_one_full  flex_column_div  column-top-margin'     ><section  class='av_textblock_section av-mhnbt6wt-c844e041294b2b1bb7eb8ae30cf4bea9 '   itemscope=\"itemscope\" itemtype=\"https:\/\/schema.org\/CreativeWork\" ><div class='avia_textblock'  itemprop=\"text\" ><div class=\"iconlist_content_wrap\">\n<header class=\"entry-content-header\" aria-label=\"Icon: ASSIST\u00c8NCIA PERSONALITZADA AL PACIENT INTERNACIONAL (ACOMPANYAMENT I TRADUCCI\u00d3)\">\n<article class=\"article-icon-entry av-iconlist-empty\">\n<div class=\"iconlist_content_wrap\">\n<header class=\"entry-content-header\" aria-label=\"Icon: ESCORTA AEROM\u00c8DICA DISPONIBLE LES 24 HORES DEL DIA, 7 DIES A LA SETMANA, A TOT EL M\u00d3N\">\n<ul>\n<li class=\"av_iconlist_title iconlist_title \">ESCOLTA AEROM\u00c9DICA DISPONIBLE LAS 24 HORAS DEL D\u00cdA, 7 D\u00cdAS EN LA SEMANA, EN TODO EL MUNDO<br \/>\nASISTENTES M\u00c9DICOS ESPECIALISTAS<br \/>\nACOMPA\u00d1AMIENTO Y ESCOLTA M\u00c9DICA EN VUELO PRIVADO O COMERCIAL<br \/>\nCOMUNICACI\u00d3N DIRECTA CON NUESTRO\u00a0CEO<\/li>\n<\/ul>\n<\/header>\n<\/div>\n<\/article>\n<\/header>\n<\/div>\n<\/div><\/section><\/div><div  class='flex_column av-av_one_full-a93934ecd89fbb8a9566d39e89cd3725 av_one_full  avia-builder-el-20  el_after_av_one_half  el_before_av_hr  first flex_column_div  column-top-margin'     ><style type=\"text\/css\" data-created_by=\"avia_inline_auto\" id=\"style-css-av-mhnbtgxg-0334956e71675b344a9c787225bc32c4\">\n#top .av_textblock_section.av-mhnbtgxg-0334956e71675b344a9c787225bc32c4 .avia_textblock{\nfont-size:15px;\n}\n<\/style>\n<section  class='av_textblock_section av-mhnbtgxg-0334956e71675b344a9c787225bc32c4 '   itemscope=\"itemscope\" itemtype=\"https:\/\/schema.org\/CreativeWork\" ><div class='avia_textblock'  itemprop=\"text\" ><h4 style=\"text-align: center;\">La atenci\u00f3n m\u00e9dica VIP es una especialidad en s\u00ed misma, y a veces, obtener la atenci\u00f3n adecuada, con m\u00e9dicos que hablan ingl\u00e9s, franc\u00e9s, alem\u00e1n, italiano, etc., con un nivel t\u00e9cnico adecuado, no es f\u00e1cil. A nuestra empresa te ofrecemos profesionales que hablan hasta 8 idiomas.<\/h4>\n<\/div><\/section><\/div>\n<style type=\"text\/css\" data-created_by=\"avia_inline_auto\" id=\"style-css-av-av_hr-5d676c9ed7be3a08936c51c97e75c1ab\">\n#top .hr.hr-invisible.av-av_hr-5d676c9ed7be3a08936c51c97e75c1ab{\nheight:100px;\n}\n<\/style>\n<div  class='hr av-av_hr-5d676c9ed7be3a08936c51c97e75c1ab hr-invisible  avia-builder-el-22  el_after_av_one_full  avia-builder-el-last '><span class='hr-inner '><span class=\"hr-inner-style\"><\/span><\/span><\/div>\n<\/p>\n","protected":false},"excerpt":{"rendered":"","protected":false},"author":2,"featured_media":0,"parent":2057,"menu_order":0,"comment_status":"closed","ping_status":"closed","template":"","meta":{"_acf_changed":false,"footnotes":""},"class_list":["post-2061","page","type-page","status-publish","hentry"],"acf":[],"yoast_head":"<!-- This site is optimized with the Yoast SEO plugin v27.5 - https:\/\/yoast.com\/product\/yoast-seo-wordpress\/ -->\n<title>APOYO DE ACOMPA\u00d1AMIENTO M\u00c9DICO PERSONAL \/ DEDICADO PARA TURISMO VIP - Air Marine Int<\/title>\n<meta name=\"robots\" content=\"index, follow, max-snippet:-1, max-image-preview:large, max-video-preview:-1\" \/>\n<link rel=\"canonical\" href=\"https:\/\/air-marine-int.com\/es\/servicios\/apoyo-de-acompanamiento-medico-personal-dedicado-para-turismo-vip\/\" \/>\n<meta property=\"og:locale\" content=\"es_ES\" \/>\n<meta property=\"og:type\" content=\"article\" \/>\n<meta property=\"og:title\" content=\"APOYO DE ACOMPA\u00d1AMIENTO M\u00c9DICO PERSONAL \/ DEDICADO PARA TURISMO VIP - Air Marine Int\" \/>\n<meta property=\"og:url\" content=\"https:\/\/air-marine-int.com\/es\/servicios\/apoyo-de-acompanamiento-medico-personal-dedicado-para-turismo-vip\/\" \/>\n<meta property=\"og:site_name\" content=\"Air Marine Int\" \/>\n<meta property=\"article:modified_time\" content=\"2025-11-06T13:25:54+00:00\" \/>\n<meta name=\"twitter:card\" content=\"summary_large_image\" \/>\n<meta name=\"twitter:label1\" content=\"Tiempo de lectura\" \/>\n\t<meta name=\"twitter:data1\" content=\"2 minutos\" \/>\n<script type=\"application\/ld+json\" class=\"yoast-schema-graph\">{\"@context\":\"https:\\\/\\\/schema.org\",\"@graph\":[{\"@type\":\"WebPage\",\"@id\":\"https:\\\/\\\/air-marine-int.com\\\/es\\\/servicios\\\/apoyo-de-acompanamiento-medico-personal-dedicado-para-turismo-vip\\\/\",\"url\":\"https:\\\/\\\/air-marine-int.com\\\/es\\\/servicios\\\/apoyo-de-acompanamiento-medico-personal-dedicado-para-turismo-vip\\\/\",\"name\":\"APOYO DE ACOMPA\u00d1AMIENTO M\u00c9DICO PERSONAL \\\/ DEDICADO PARA TURISMO VIP - Air Marine Int\",\"isPartOf\":{\"@id\":\"https:\\\/\\\/air-marine-int.com\\\/es\\\/#website\"},\"datePublished\":\"2022-06-23T08:23:12+00:00\",\"dateModified\":\"2025-11-06T13:25:54+00:00\",\"breadcrumb\":{\"@id\":\"https:\\\/\\\/air-marine-int.com\\\/es\\\/servicios\\\/apoyo-de-acompanamiento-medico-personal-dedicado-para-turismo-vip\\\/#breadcrumb\"},\"inLanguage\":\"es\",\"potentialAction\":[{\"@type\":\"ReadAction\",\"target\":[\"https:\\\/\\\/air-marine-int.com\\\/es\\\/servicios\\\/apoyo-de-acompanamiento-medico-personal-dedicado-para-turismo-vip\\\/\"]}]},{\"@type\":\"BreadcrumbList\",\"@id\":\"https:\\\/\\\/air-marine-int.com\\\/es\\\/servicios\\\/apoyo-de-acompanamiento-medico-personal-dedicado-para-turismo-vip\\\/#breadcrumb\",\"itemListElement\":[{\"@type\":\"ListItem\",\"position\":1,\"name\":\"Portada\",\"item\":\"https:\\\/\\\/air-marine-int.com\\\/es\\\/\"},{\"@type\":\"ListItem\",\"position\":2,\"name\":\"SERVICIOS\",\"item\":\"https:\\\/\\\/air-marine-int.com\\\/es\\\/servicios\\\/\"},{\"@type\":\"ListItem\",\"position\":3,\"name\":\"APOYO DE ACOMPA\u00d1AMIENTO M\u00c9DICO PERSONAL \\\/ DEDICADO PARA TURISMO VIP\"}]},{\"@type\":\"WebSite\",\"@id\":\"https:\\\/\\\/air-marine-int.com\\\/es\\\/#website\",\"url\":\"https:\\\/\\\/air-marine-int.com\\\/es\\\/\",\"name\":\"Air Marine Int\",\"description\":\"Just another WordPress site\",\"potentialAction\":[{\"@type\":\"SearchAction\",\"target\":{\"@type\":\"EntryPoint\",\"urlTemplate\":\"https:\\\/\\\/air-marine-int.com\\\/es\\\/?s={search_term_string}\"},\"query-input\":{\"@type\":\"PropertyValueSpecification\",\"valueRequired\":true,\"valueName\":\"search_term_string\"}}],\"inLanguage\":\"es\"}]}<\/script>\n<!-- \/ Yoast SEO plugin. -->","yoast_head_json":{"title":"APOYO DE ACOMPA\u00d1AMIENTO M\u00c9DICO PERSONAL \/ DEDICADO PARA TURISMO VIP - Air Marine Int","robots":{"index":"index","follow":"follow","max-snippet":"max-snippet:-1","max-image-preview":"max-image-preview:large","max-video-preview":"max-video-preview:-1"},"canonical":"https:\/\/air-marine-int.com\/es\/servicios\/apoyo-de-acompanamiento-medico-personal-dedicado-para-turismo-vip\/","og_locale":"es_ES","og_type":"article","og_title":"APOYO DE ACOMPA\u00d1AMIENTO M\u00c9DICO PERSONAL \/ DEDICADO PARA TURISMO VIP - Air Marine Int","og_url":"https:\/\/air-marine-int.com\/es\/servicios\/apoyo-de-acompanamiento-medico-personal-dedicado-para-turismo-vip\/","og_site_name":"Air Marine Int","article_modified_time":"2025-11-06T13:25:54+00:00","twitter_card":"summary_large_image","twitter_misc":{"Tiempo de lectura":"2 minutos"},"schema":{"@context":"https:\/\/schema.org","@graph":[{"@type":"WebPage","@id":"https:\/\/air-marine-int.com\/es\/servicios\/apoyo-de-acompanamiento-medico-personal-dedicado-para-turismo-vip\/","url":"https:\/\/air-marine-int.com\/es\/servicios\/apoyo-de-acompanamiento-medico-personal-dedicado-para-turismo-vip\/","name":"APOYO DE ACOMPA\u00d1AMIENTO M\u00c9DICO PERSONAL \/ DEDICADO PARA TURISMO VIP - Air Marine Int","isPartOf":{"@id":"https:\/\/air-marine-int.com\/es\/#website"},"datePublished":"2022-06-23T08:23:12+00:00","dateModified":"2025-11-06T13:25:54+00:00","breadcrumb":{"@id":"https:\/\/air-marine-int.com\/es\/servicios\/apoyo-de-acompanamiento-medico-personal-dedicado-para-turismo-vip\/#breadcrumb"},"inLanguage":"es","potentialAction":[{"@type":"ReadAction","target":["https:\/\/air-marine-int.com\/es\/servicios\/apoyo-de-acompanamiento-medico-personal-dedicado-para-turismo-vip\/"]}]},{"@type":"BreadcrumbList","@id":"https:\/\/air-marine-int.com\/es\/servicios\/apoyo-de-acompanamiento-medico-personal-dedicado-para-turismo-vip\/#breadcrumb","itemListElement":[{"@type":"ListItem","position":1,"name":"Portada","item":"https:\/\/air-marine-int.com\/es\/"},{"@type":"ListItem","position":2,"name":"SERVICIOS","item":"https:\/\/air-marine-int.com\/es\/servicios\/"},{"@type":"ListItem","position":3,"name":"APOYO DE ACOMPA\u00d1AMIENTO M\u00c9DICO PERSONAL \/ DEDICADO PARA TURISMO VIP"}]},{"@type":"WebSite","@id":"https:\/\/air-marine-int.com\/es\/#website","url":"https:\/\/air-marine-int.com\/es\/","name":"Air Marine Int","description":"Just another WordPress site","potentialAction":[{"@type":"SearchAction","target":{"@type":"EntryPoint","urlTemplate":"https:\/\/air-marine-int.com\/es\/?s={search_term_string}"},"query-input":{"@type":"PropertyValueSpecification","valueRequired":true,"valueName":"search_term_string"}}],"inLanguage":"es"}]}},"_links":{"self":[{"href":"https:\/\/air-marine-int.com\/es\/wp-json\/wp\/v2\/pages\/2061","targetHints":{"allow":["GET"]}}],"collection":[{"href":"https:\/\/air-marine-int.com\/es\/wp-json\/wp\/v2\/pages"}],"about":[{"href":"https:\/\/air-marine-int.com\/es\/wp-json\/wp\/v2\/types\/page"}],"author":[{"embeddable":true,"href":"https:\/\/air-marine-int.com\/es\/wp-json\/wp\/v2\/users\/2"}],"replies":[{"embeddable":true,"href":"https:\/\/air-marine-int.com\/es\/wp-json\/wp\/v2\/comments?post=2061"}],"version-history":[{"count":0,"href":"https:\/\/air-marine-int.com\/es\/wp-json\/wp\/v2\/pages\/2061\/revisions"}],"up":[{"embeddable":true,"href":"https:\/\/air-marine-int.com\/es\/wp-json\/wp\/v2\/pages\/2057"}],"wp:attachment":[{"href":"https:\/\/air-marine-int.com\/es\/wp-json\/wp\/v2\/media?parent=2061"}],"curies":[{"name":"wp","href":"https:\/\/api.w.org\/{rel}","templated":true}]}}