{"id":3085,"date":"2025-05-27T08:27:47","date_gmt":"2025-05-27T08:27:47","guid":{"rendered":"https:\/\/air-marine-int.com\/dubai\/"},"modified":"2025-10-22T14:29:19","modified_gmt":"2025-10-22T14:29:19","slug":"dubai","status":"publish","type":"page","link":"https:\/\/air-marine-int.com\/es\/dubai\/","title":{"rendered":"Dub\u00e1i"},"content":{"rendered":"<div id='av_section_1'  class='avia-section av-byj1a7-acd5a322b9e6589e1f9d81027f579502 main_color avia-section-default avia-no-border-styling  avia-builder-el-0  avia-builder-el-no-sibling  avia-bg-style-scroll container_wrap fullsize'  ><div class='container av-section-cont-open' ><main  role=\"main\" itemprop=\"mainContentOfPage\"  class='template-page content  av-content-full alpha units'><div class='post-entry post-entry-type-page post-entry-3085'><div class='entry-content-wrapper clearfix'>\n<div  class='flex_column av-av_one_full-a93934ecd89fbb8a9566d39e89cd3725 av_one_full  avia-builder-el-1  el_before_av_two_fifth  avia-builder-el-first  first flex_column_div  '     ><style type=\"text\/css\" data-created_by=\"avia_inline_auto\" id=\"style-css-av-mh23a5he-065bda1777260fd8d25fc58a5e9a1a05\">\n#top .av_textblock_section.av-mh23a5he-065bda1777260fd8d25fc58a5e9a1a05 .avia_textblock{\ncolor:#ffffff;\n}\n<\/style>\n<section  class='av_textblock_section av-mh23a5he-065bda1777260fd8d25fc58a5e9a1a05 '   itemscope=\"itemscope\" itemtype=\"https:\/\/schema.org\/CreativeWork\" ><div class='avia_textblock av_inherit_color'  itemprop=\"text\" ><h2 style=\"text-align: center; color: #5cc1b9; font-size: 30pt;\">DELEGACI\u00d3N DE DUBAI<\/h2>\n<\/div><\/section><\/div><div  class='flex_column av-6z24ov-84b5d78cf4464362c880f342a00c1a94 av_two_fifth  avia-builder-el-3  el_after_av_one_full  el_before_av_three_fifth  first flex_column_div  column-top-margin'     ><style type=\"text\/css\" data-created_by=\"avia_inline_auto\" id=\"style-css-av-av_textblock-98bd160f5532519a264efb3da1f117db\">\n#top .av_textblock_section.av-av_textblock-98bd160f5532519a264efb3da1f117db .avia_textblock{\nfont-size:16px;\n}\n<\/style>\n<section  class='av_textblock_section av-av_textblock-98bd160f5532519a264efb3da1f117db '   itemscope=\"itemscope\" itemtype=\"https:\/\/schema.org\/CreativeWork\" ><div class='avia_textblock'  itemprop=\"text\" ><h2 style=\"text-align: center;\"><strong>Aeromedical and Marine TRI<\/strong><\/h2>\n<\/div><\/section><br \/>\n<section  class='av_textblock_section av-5wxj3z-9048fb89424b9fdb222183d46bc6ab34 '   itemscope=\"itemscope\" itemtype=\"https:\/\/schema.org\/CreativeWork\" ><div class='avia_textblock'  itemprop=\"text\" ><p style=\"text-align: left;\">Dub\u00e1i alberga uno de los centros operativos clave de Aeromedical and Marine INT, estrat\u00e9gicamente ubicado para apoyar los servicios de repatriaci\u00f3n m\u00e9dica en Oriente Medio, Asia y \u00c1frica. Desde este centro, coordinamos un transporte r\u00e1pido, eficiente y con supervisi\u00f3n m\u00e9dica para pacientes que lo necesitan, garantizando una atenci\u00f3n experta desde la salida hasta la llegada.<\/p>\n<p>Con sede en Barcelona, \u200b\u200bAeromedical and Marine INT es l\u00edder mundial en repatriaci\u00f3n m\u00e9dica a\u00e9rea y mar\u00edtima. Nuestra presencia en Dub\u00e1i mejora nuestra capacidad para brindar un apoyo continuo las 24 horas del d\u00eda, los 7 d\u00edas de la semana, y refuerza nuestro compromiso de llegar a los pacientes dondequiera que se encuentren, con precisi\u00f3n, rapidez y profesionalidad.<\/p>\n<blockquote>\n<p>Dondequiera que nos lleve la misi\u00f3n, nuestra prioridad sigue siendo la misma: llevar a las personas a casa sanas y salvas.<\/p>\n<\/blockquote>\n<\/div><\/section><br \/>\n\n<style type=\"text\/css\" data-created_by=\"avia_inline_auto\" id=\"style-css-av-3zkqun-247b38178c7ef5b229ce7a0a03f91139\">\n#top .hr.hr-invisible.av-3zkqun-247b38178c7ef5b229ce7a0a03f91139{\nheight:30px;\n}\n<\/style>\n<div  class='hr av-3zkqun-247b38178c7ef5b229ce7a0a03f91139 hr-invisible  avia-builder-el-6  el_after_av_textblock  el_before_av_icon_box '><span class='hr-inner '><span class=\"hr-inner-style\"><\/span><\/span><\/div><br \/>\n\n<style type=\"text\/css\" data-created_by=\"avia_inline_auto\" id=\"style-css-av-mb6b2w4p-2ed99c02dcf15daaf475aa2d93557eaa\">\n.iconbox.av-mb6b2w4p-2ed99c02dcf15daaf475aa2d93557eaa .iconbox_icon{\nbackground-color:#19196f;\nborder:1px solid #19196f;\ncolor:#ffffff;\n}\n.iconbox.av-mb6b2w4p-2ed99c02dcf15daaf475aa2d93557eaa .iconbox_icon.avia-svg-icon svg:first-child{\nfill:#ffffff;\nstroke:#ffffff;\n}\n<\/style>\n<article  class='iconbox iconbox_top av-mb6b2w4p-2ed99c02dcf15daaf475aa2d93557eaa  avia-builder-el-7  el_after_av_hr  avia-builder-el-last  main_color'  itemscope=\"itemscope\" itemtype=\"https:\/\/schema.org\/CreativeWork\" ><div class=\"iconbox_content\"><header class=\"entry-content-header\" aria-label=\"Icon: DIRECTION\"><div class='iconbox_icon heading-color avia-svg-icon avia-font-svg_entypo-fontello' data-av_svg_icon='location' data-av_iconset='svg_entypo-fontello' ><svg version=\"1.1\" xmlns=\"http:\/\/www.w3.org\/2000\/svg\" width=\"16\" height=\"32\" viewBox=\"0 0 16 32\" preserveAspectRatio=\"xMidYMid meet\" aria-labelledby='av-svg-title-1' aria-describedby='av-svg-desc-1' role=\"graphics-symbol\">\n<title id='av-svg-title-1'>Location<\/title>\n<desc id='av-svg-desc-1'>Location<\/desc>\n<path d=\"M8 3.2q3.328 0 5.664 2.336t2.336 5.664q0 3.392-1.984 7.776t-4.032 7.136l-1.984 2.688q-0.32-0.384-0.864-1.12t-1.92-2.848-2.432-4.16-1.92-4.704-0.864-4.768q0-3.328 2.336-5.664t5.664-2.336zM8 15.616q1.792 0 3.072-1.28t1.28-3.072-1.28-3.040-3.072-1.248-3.040 1.248-1.248 3.040 1.248 3.072 3.040 1.28z\"><\/path>\n<\/svg><\/div><h3 class='iconbox_content_title '  itemprop=\"headline\" >DIRECTION<\/h3><\/header><div class='iconbox_content_container '  itemprop=\"text\" ><h6 style=\"text-align: center; color: #000000;\">AMMS COMMERCIAL BROKERAGE &#8211; FZCO<\/h6>\n<\/div><\/div><footer class=\"entry-footer\"><\/footer><\/article><\/p><\/div><div  class='flex_column av-2m2rm7-359ecffcf1ecf65f4db9860dc972f4c6 av_three_fifth  avia-builder-el-8  el_after_av_two_fifth  avia-builder-el-last  flex_column_div  column-top-margin'     ><div id='av-masonry-1' class='av-masonry av-mb6b11xs-400fc52103b3a0c4063603297fbf437e noHover av-fixed-size av-large-gap av-hover-overlay- av-masonry-animation-active av-masonry-col-2 av-caption-always av-caption-style- av-masonry-gallery ' data-post_id=\"3085\"><div class=\"av-masonry-container isotope av-js-disabled\"><div class='av-masonry-entry isotope-item av-masonry-item-no-image '><\/div><a href=\"https:\/\/air-marine-int.com\/wp-content\/uploads\/2025\/05\/Captura-de-pantalla-2025-05-27-a-las-11.13.44-1030x675.png\" data-srcset=\"https:\/\/air-marine-int.com\/wp-content\/uploads\/2025\/05\/Captura-de-pantalla-2025-05-27-a-las-11.13.44-1030x675.png 1030w, https:\/\/air-marine-int.com\/wp-content\/uploads\/2025\/05\/Captura-de-pantalla-2025-05-27-a-las-11.13.44-300x197.png 300w, https:\/\/air-marine-int.com\/wp-content\/uploads\/2025\/05\/Captura-de-pantalla-2025-05-27-a-las-11.13.44-768x503.png 768w, https:\/\/air-marine-int.com\/wp-content\/uploads\/2025\/05\/Captura-de-pantalla-2025-05-27-a-las-11.13.44-1536x1006.png 1536w, https:\/\/air-marine-int.com\/wp-content\/uploads\/2025\/05\/Captura-de-pantalla-2025-05-27-a-las-11.13.44-2048x1342.png 2048w, https:\/\/air-marine-int.com\/wp-content\/uploads\/2025\/05\/Captura-de-pantalla-2025-05-27-a-las-11.13.44-1500x983.png 1500w, https:\/\/air-marine-int.com\/wp-content\/uploads\/2025\/05\/Captura-de-pantalla-2025-05-27-a-las-11.13.44-705x462.png 705w\" data-sizes=\"(max-width: 1030px) 100vw, 1030px\"  aria-label=\"image Captura de pantalla 2025-05-27 a las 11.13.44\"  id='av-masonry-1-item-3068' data-av-masonry-item='3068' class='av-masonry-entry isotope-item post-3068 attachment type-attachment status-inherit hentry  av-masonry-item-with-image av-grid-img' title=\"Captura de pantalla 2025-05-27 a las 11.13.44\" alt=\"\"    itemprop=\"thumbnailUrl\" ><div class='av-inner-masonry-sizer'><\/div><figure class='av-inner-masonry main_color'><div class=\"av-masonry-outerimage-container\"><div class='av-masonry-image-container' style=\"background-image: url(https:\/\/air-marine-int.com\/wp-content\/uploads\/2025\/05\/Captura-de-pantalla-2025-05-27-a-las-11.13.44-705x462.png);\"  title=\"Captura de pantalla 2025-05-27 a las 11.13.44\" ><\/div><\/div><\/figure><\/a><!--end av-masonry entry--><a href=\"https:\/\/air-marine-int.com\/wp-content\/uploads\/2025\/05\/Captura-de-pantalla-2025-05-27-a-las-11.14.09-1030x748.png\" data-srcset=\"https:\/\/air-marine-int.com\/wp-content\/uploads\/2025\/05\/Captura-de-pantalla-2025-05-27-a-las-11.14.09-1030x748.png 1030w, https:\/\/air-marine-int.com\/wp-content\/uploads\/2025\/05\/Captura-de-pantalla-2025-05-27-a-las-11.14.09-300x218.png 300w, https:\/\/air-marine-int.com\/wp-content\/uploads\/2025\/05\/Captura-de-pantalla-2025-05-27-a-las-11.14.09-768x558.png 768w, https:\/\/air-marine-int.com\/wp-content\/uploads\/2025\/05\/Captura-de-pantalla-2025-05-27-a-las-11.14.09-1536x1116.png 1536w, https:\/\/air-marine-int.com\/wp-content\/uploads\/2025\/05\/Captura-de-pantalla-2025-05-27-a-las-11.14.09-2048x1487.png 2048w, https:\/\/air-marine-int.com\/wp-content\/uploads\/2025\/05\/Captura-de-pantalla-2025-05-27-a-las-11.14.09-1500x1089.png 1500w, https:\/\/air-marine-int.com\/wp-content\/uploads\/2025\/05\/Captura-de-pantalla-2025-05-27-a-las-11.14.09-705x512.png 705w\" data-sizes=\"(max-width: 1030px) 100vw, 1030px\"  aria-label=\"image Captura de pantalla 2025-05-27 a las 11.14.09\"  id='av-masonry-1-item-3071' data-av-masonry-item='3071' class='av-masonry-entry isotope-item post-3071 attachment type-attachment status-inherit hentry  av-masonry-item-with-image av-grid-img' title=\"Captura de pantalla 2025-05-27 a las 11.14.09\" alt=\"\"    itemprop=\"thumbnailUrl\" ><div class='av-inner-masonry-sizer'><\/div><figure class='av-inner-masonry main_color'><div class=\"av-masonry-outerimage-container\"><div class='av-masonry-image-container' style=\"background-image: url(https:\/\/air-marine-int.com\/wp-content\/uploads\/2025\/05\/Captura-de-pantalla-2025-05-27-a-las-11.14.09-705x512.png);\"  title=\"Captura de pantalla 2025-05-27 a las 11.14.09\" ><\/div><\/div><\/figure><\/a><!--end av-masonry entry--><a href=\"https:\/\/air-marine-int.com\/wp-content\/uploads\/2025\/05\/Captura-de-pantalla-2025-05-27-a-las-11.14.29-769x1030.png\" data-srcset=\"https:\/\/air-marine-int.com\/wp-content\/uploads\/2025\/05\/Captura-de-pantalla-2025-05-27-a-las-11.14.29-769x1030.png 769w, https:\/\/air-marine-int.com\/wp-content\/uploads\/2025\/05\/Captura-de-pantalla-2025-05-27-a-las-11.14.29-224x300.png 224w, https:\/\/air-marine-int.com\/wp-content\/uploads\/2025\/05\/Captura-de-pantalla-2025-05-27-a-las-11.14.29-768x1028.png 768w, https:\/\/air-marine-int.com\/wp-content\/uploads\/2025\/05\/Captura-de-pantalla-2025-05-27-a-las-11.14.29-1147x1536.png 1147w, https:\/\/air-marine-int.com\/wp-content\/uploads\/2025\/05\/Captura-de-pantalla-2025-05-27-a-las-11.14.29-1530x2048.png 1530w, https:\/\/air-marine-int.com\/wp-content\/uploads\/2025\/05\/Captura-de-pantalla-2025-05-27-a-las-11.14.29-1120x1500.png 1120w, https:\/\/air-marine-int.com\/wp-content\/uploads\/2025\/05\/Captura-de-pantalla-2025-05-27-a-las-11.14.29-527x705.png 527w, https:\/\/air-marine-int.com\/wp-content\/uploads\/2025\/05\/Captura-de-pantalla-2025-05-27-a-las-11.14.29.png 1546w\" data-sizes=\"(max-width: 769px) 100vw, 769px\"  aria-label=\"image Captura de pantalla 2025-05-27 a las 11.14.29\"  id='av-masonry-1-item-3074' data-av-masonry-item='3074' class='av-masonry-entry isotope-item post-3074 attachment type-attachment status-inherit hentry  av-masonry-item-with-image av-grid-img' title=\"Captura de pantalla 2025-05-27 a las 11.14.29\" alt=\"\"    itemprop=\"thumbnailUrl\" ><div class='av-inner-masonry-sizer'><\/div><figure class='av-inner-masonry main_color'><div class=\"av-masonry-outerimage-container\"><div class='av-masonry-image-container' style=\"background-image: url(https:\/\/air-marine-int.com\/wp-content\/uploads\/2025\/05\/Captura-de-pantalla-2025-05-27-a-las-11.14.29-527x705.png);\"  title=\"Captura de pantalla 2025-05-27 a las 11.14.29\" ><\/div><\/div><\/figure><\/a><!--end av-masonry entry--><a href=\"https:\/\/air-marine-int.com\/wp-content\/uploads\/2025\/05\/Captura-de-pantalla-2025-05-27-a-las-11.14.48-771x1030.png\" data-srcset=\"https:\/\/air-marine-int.com\/wp-content\/uploads\/2025\/05\/Captura-de-pantalla-2025-05-27-a-las-11.14.48-771x1030.png 771w, https:\/\/air-marine-int.com\/wp-content\/uploads\/2025\/05\/Captura-de-pantalla-2025-05-27-a-las-11.14.48-225x300.png 225w, https:\/\/air-marine-int.com\/wp-content\/uploads\/2025\/05\/Captura-de-pantalla-2025-05-27-a-las-11.14.48-768x1026.png 768w, https:\/\/air-marine-int.com\/wp-content\/uploads\/2025\/05\/Captura-de-pantalla-2025-05-27-a-las-11.14.48-1150x1536.png 1150w, https:\/\/air-marine-int.com\/wp-content\/uploads\/2025\/05\/Captura-de-pantalla-2025-05-27-a-las-11.14.48-1534x2048.png 1534w, https:\/\/air-marine-int.com\/wp-content\/uploads\/2025\/05\/Captura-de-pantalla-2025-05-27-a-las-11.14.48-1123x1500.png 1123w, https:\/\/air-marine-int.com\/wp-content\/uploads\/2025\/05\/Captura-de-pantalla-2025-05-27-a-las-11.14.48-528x705.png 528w, https:\/\/air-marine-int.com\/wp-content\/uploads\/2025\/05\/Captura-de-pantalla-2025-05-27-a-las-11.14.48.png 1550w\" data-sizes=\"(max-width: 771px) 100vw, 771px\"  aria-label=\"image Captura de pantalla 2025-05-27 a las 11.14.48\"  id='av-masonry-1-item-3077' data-av-masonry-item='3077' class='av-masonry-entry isotope-item post-3077 attachment type-attachment status-inherit hentry  av-masonry-item-with-image av-grid-img' title=\"Captura de pantalla 2025-05-27 a las 11.14.48\" alt=\"\"    itemprop=\"thumbnailUrl\" ><div class='av-inner-masonry-sizer'><\/div><figure class='av-inner-masonry main_color'><div class=\"av-masonry-outerimage-container\"><div class='av-masonry-image-container' style=\"background-image: url(https:\/\/air-marine-int.com\/wp-content\/uploads\/2025\/05\/Captura-de-pantalla-2025-05-27-a-las-11.14.48-528x705.png);\"  title=\"Captura de pantalla 2025-05-27 a las 11.14.48\" ><\/div><\/div><\/figure><\/a><!--end av-masonry entry--><\/div><\/div><\/div>\n","protected":false},"excerpt":{"rendered":"","protected":false},"author":2,"featured_media":0,"parent":0,"menu_order":0,"comment_status":"closed","ping_status":"closed","template":"","meta":{"_acf_changed":false,"footnotes":""},"class_list":["post-3085","page","type-page","status-publish","hentry"],"acf":[],"yoast_head":"<!-- This site is optimized with the Yoast SEO plugin v27.5 - https:\/\/yoast.com\/product\/yoast-seo-wordpress\/ -->\n<title>Dub\u00e1i - Air Marine Int<\/title>\n<meta name=\"robots\" content=\"index, follow, max-snippet:-1, max-image-preview:large, max-video-preview:-1\" \/>\n<link rel=\"canonical\" href=\"https:\/\/air-marine-int.com\/es\/dubai\/\" \/>\n<meta property=\"og:locale\" content=\"es_ES\" \/>\n<meta property=\"og:type\" content=\"article\" \/>\n<meta property=\"og:title\" content=\"Dub\u00e1i - Air Marine Int\" \/>\n<meta property=\"og:url\" content=\"https:\/\/air-marine-int.com\/es\/dubai\/\" \/>\n<meta property=\"og:site_name\" content=\"Air Marine Int\" \/>\n<meta property=\"article:modified_time\" content=\"2025-10-22T14:29:19+00:00\" \/>\n<meta name=\"twitter:card\" content=\"summary_large_image\" \/>\n<meta name=\"twitter:label1\" content=\"Tiempo de lectura\" \/>\n\t<meta name=\"twitter:data1\" content=\"1 minuto\" \/>\n<script type=\"application\/ld+json\" class=\"yoast-schema-graph\">{\"@context\":\"https:\\\/\\\/schema.org\",\"@graph\":[{\"@type\":\"WebPage\",\"@id\":\"https:\\\/\\\/air-marine-int.com\\\/es\\\/dubai\\\/\",\"url\":\"https:\\\/\\\/air-marine-int.com\\\/es\\\/dubai\\\/\",\"name\":\"Dub\u00e1i - Air Marine Int\",\"isPartOf\":{\"@id\":\"https:\\\/\\\/air-marine-int.com\\\/es\\\/#website\"},\"datePublished\":\"2025-05-27T08:27:47+00:00\",\"dateModified\":\"2025-10-22T14:29:19+00:00\",\"breadcrumb\":{\"@id\":\"https:\\\/\\\/air-marine-int.com\\\/es\\\/dubai\\\/#breadcrumb\"},\"inLanguage\":\"es\",\"potentialAction\":[{\"@type\":\"ReadAction\",\"target\":[\"https:\\\/\\\/air-marine-int.com\\\/es\\\/dubai\\\/\"]}]},{\"@type\":\"BreadcrumbList\",\"@id\":\"https:\\\/\\\/air-marine-int.com\\\/es\\\/dubai\\\/#breadcrumb\",\"itemListElement\":[{\"@type\":\"ListItem\",\"position\":1,\"name\":\"Portada\",\"item\":\"https:\\\/\\\/air-marine-int.com\\\/es\\\/\"},{\"@type\":\"ListItem\",\"position\":2,\"name\":\"Dub\u00e1i\"}]},{\"@type\":\"WebSite\",\"@id\":\"https:\\\/\\\/air-marine-int.com\\\/es\\\/#website\",\"url\":\"https:\\\/\\\/air-marine-int.com\\\/es\\\/\",\"name\":\"Air Marine Int\",\"description\":\"Just another WordPress site\",\"potentialAction\":[{\"@type\":\"SearchAction\",\"target\":{\"@type\":\"EntryPoint\",\"urlTemplate\":\"https:\\\/\\\/air-marine-int.com\\\/es\\\/?s={search_term_string}\"},\"query-input\":{\"@type\":\"PropertyValueSpecification\",\"valueRequired\":true,\"valueName\":\"search_term_string\"}}],\"inLanguage\":\"es\"}]}<\/script>\n<!-- \/ Yoast SEO plugin. -->","yoast_head_json":{"title":"Dub\u00e1i - Air Marine Int","robots":{"index":"index","follow":"follow","max-snippet":"max-snippet:-1","max-image-preview":"max-image-preview:large","max-video-preview":"max-video-preview:-1"},"canonical":"https:\/\/air-marine-int.com\/es\/dubai\/","og_locale":"es_ES","og_type":"article","og_title":"Dub\u00e1i - Air Marine Int","og_url":"https:\/\/air-marine-int.com\/es\/dubai\/","og_site_name":"Air Marine Int","article_modified_time":"2025-10-22T14:29:19+00:00","twitter_card":"summary_large_image","twitter_misc":{"Tiempo de lectura":"1 minuto"},"schema":{"@context":"https:\/\/schema.org","@graph":[{"@type":"WebPage","@id":"https:\/\/air-marine-int.com\/es\/dubai\/","url":"https:\/\/air-marine-int.com\/es\/dubai\/","name":"Dub\u00e1i - Air Marine Int","isPartOf":{"@id":"https:\/\/air-marine-int.com\/es\/#website"},"datePublished":"2025-05-27T08:27:47+00:00","dateModified":"2025-10-22T14:29:19+00:00","breadcrumb":{"@id":"https:\/\/air-marine-int.com\/es\/dubai\/#breadcrumb"},"inLanguage":"es","potentialAction":[{"@type":"ReadAction","target":["https:\/\/air-marine-int.com\/es\/dubai\/"]}]},{"@type":"BreadcrumbList","@id":"https:\/\/air-marine-int.com\/es\/dubai\/#breadcrumb","itemListElement":[{"@type":"ListItem","position":1,"name":"Portada","item":"https:\/\/air-marine-int.com\/es\/"},{"@type":"ListItem","position":2,"name":"Dub\u00e1i"}]},{"@type":"WebSite","@id":"https:\/\/air-marine-int.com\/es\/#website","url":"https:\/\/air-marine-int.com\/es\/","name":"Air Marine Int","description":"Just another WordPress site","potentialAction":[{"@type":"SearchAction","target":{"@type":"EntryPoint","urlTemplate":"https:\/\/air-marine-int.com\/es\/?s={search_term_string}"},"query-input":{"@type":"PropertyValueSpecification","valueRequired":true,"valueName":"search_term_string"}}],"inLanguage":"es"}]}},"_links":{"self":[{"href":"https:\/\/air-marine-int.com\/es\/wp-json\/wp\/v2\/pages\/3085","targetHints":{"allow":["GET"]}}],"collection":[{"href":"https:\/\/air-marine-int.com\/es\/wp-json\/wp\/v2\/pages"}],"about":[{"href":"https:\/\/air-marine-int.com\/es\/wp-json\/wp\/v2\/types\/page"}],"author":[{"embeddable":true,"href":"https:\/\/air-marine-int.com\/es\/wp-json\/wp\/v2\/users\/2"}],"replies":[{"embeddable":true,"href":"https:\/\/air-marine-int.com\/es\/wp-json\/wp\/v2\/comments?post=3085"}],"version-history":[{"count":0,"href":"https:\/\/air-marine-int.com\/es\/wp-json\/wp\/v2\/pages\/3085\/revisions"}],"wp:attachment":[{"href":"https:\/\/air-marine-int.com\/es\/wp-json\/wp\/v2\/media?parent=3085"}],"curies":[{"name":"wp","href":"https:\/\/api.w.org\/{rel}","templated":true}]}}