{"id":3089,"date":"2025-05-27T08:28:03","date_gmt":"2025-05-27T08:28:03","guid":{"rendered":"https:\/\/air-marine-int.com\/miami\/"},"modified":"2025-11-07T08:14:13","modified_gmt":"2025-11-07T08:14:13","slug":"miami","status":"publish","type":"page","link":"https:\/\/air-marine-int.com\/es\/miami\/","title":{"rendered":"Miami"},"content":{"rendered":"<div id='av_section_1'  class='avia-section av-av_section-a5bb92af5cbc65a77be789e0dbf47f69 main_color avia-section-default avia-no-border-styling  avia-builder-el-0  avia-builder-el-no-sibling  avia-bg-style-scroll container_wrap fullsize'  ><div class='container av-section-cont-open' ><main  role=\"main\" itemprop=\"mainContentOfPage\"  class='template-page content  av-content-full alpha units'><div class='post-entry post-entry-type-page post-entry-3089'><div class='entry-content-wrapper clearfix'>\n<div class='flex_column_table av-av_one_full-f5231d65a85d0b8c92cf2f6c2b8eb38d sc-av_one_full av-equal-height-column-flextable'><div  class='flex_column av-av_one_full-f5231d65a85d0b8c92cf2f6c2b8eb38d av_one_full  avia-builder-el-1  el_before_av_two_fifth  avia-builder-el-first  first flex_column_table_cell av-equal-height-column av-align-middle  '     ><style type=\"text\/css\" data-created_by=\"avia_inline_auto\" id=\"style-css-av-mhoksdnn-0c2e1733e83a086ba1a2cc0c098402d7\">\n#top .av_textblock_section.av-mhoksdnn-0c2e1733e83a086ba1a2cc0c098402d7 .avia_textblock{\ncolor:#ffffff;\n}\n<\/style>\n<section  class='av_textblock_section av-mhoksdnn-0c2e1733e83a086ba1a2cc0c098402d7 '   itemscope=\"itemscope\" itemtype=\"https:\/\/schema.org\/CreativeWork\" ><div class='avia_textblock av_inherit_color'  itemprop=\"text\" ><h1 style=\"text-align: center; font-size: 30pt; color: #5cc1b9;\">DELEGACI\u00d3N DE MIAMI<\/h1>\n<\/div><\/section><\/div><\/div><!--close column table wrapper. Autoclose: 1 --><div  class='flex_column av-av_two_fifth-4453fbc7e8da734fe9d5824da1c72891 av_two_fifth  avia-builder-el-3  el_after_av_one_full  el_before_av_three_fifth  first flex_column_div  column-top-margin'     ><style type=\"text\/css\" data-created_by=\"avia_inline_auto\" id=\"style-css-av-av_textblock-98bd160f5532519a264efb3da1f117db\">\n#top .av_textblock_section.av-av_textblock-98bd160f5532519a264efb3da1f117db .avia_textblock{\nfont-size:16px;\n}\n<\/style>\n<section  class='av_textblock_section av-av_textblock-98bd160f5532519a264efb3da1f117db '   itemscope=\"itemscope\" itemtype=\"https:\/\/schema.org\/CreativeWork\" ><div class='avia_textblock'  itemprop=\"text\" ><h2 style=\"text-align: center;\"><strong>Aeromedical and Marine TRI USA LLC<\/strong><\/h2>\n<\/div><\/section><br \/>\n<section  class='av_textblock_section av-mhokx9em-3a452c7684d59d177b693811a873c658 '   itemscope=\"itemscope\" itemtype=\"https:\/\/schema.org\/CreativeWork\" ><div class='avia_textblock'  itemprop=\"text\" ><blockquote>\n<p style=\"text-align: left;\">Aeromedical and Marine TRI, con sede en Barcelona, \u200b\u200bes tu proveedor de confianza en repatriaci\u00f3n m\u00e9dica a\u00e9rea y mar\u00edtima, que ofrece servicios de alta calidad y puntualidad en todo el mundo.<\/p>\n<\/blockquote>\n<p>Nuestro centro de operaciones a\u00a0Miami\u00a0ejerce un papel estrat\u00e9gico en el apoyo a nuestras operaciones en Am\u00e9rica y esto nos permite ofrecer una repatriaci\u00f3n m\u00e9dica r\u00e1pida y eficiente en toda la regi\u00f3n. Disponemos de una s\u00f3lida presencia a\u00a0Miami, estamos muy posicionados para satisfacer las necesidades de pacientes, familiares y socios con la fiabilidad y la profesionalidad que define nuestra misi\u00f3n.<\/p>\n<p>En Aeromedical and Marine TRI USA, nos comprometemos a garantizar que la atenci\u00f3n m\u00e9dica experta y una repatriaci\u00f3n segura est\u00e9n siempre en nuestro alcance, all\u00e1 donde surja la necesidad.<\/p>\n<\/div><\/section><br \/>\n\n<style type=\"text\/css\" data-created_by=\"avia_inline_auto\" id=\"style-css-av-av_hr-2b922b97f229a78c6eef973f22181172\">\n#top .hr.hr-invisible.av-av_hr-2b922b97f229a78c6eef973f22181172{\nheight:30px;\n}\n<\/style>\n<div  class='hr av-av_hr-2b922b97f229a78c6eef973f22181172 hr-invisible  avia-builder-el-6  el_after_av_textblock  el_before_av_icon_box '><span class='hr-inner '><span class=\"hr-inner-style\"><\/span><\/span><\/div><br \/>\n\n<style type=\"text\/css\" data-created_by=\"avia_inline_auto\" id=\"style-css-av-av_icon_box-67f000145e4fe3783533d68187e1d98c\">\n.iconbox.av-av_icon_box-67f000145e4fe3783533d68187e1d98c .iconbox_icon{\nbackground-color:#19196f;\nborder:1px solid #19196f;\ncolor:#ffffff;\n}\n.iconbox.av-av_icon_box-67f000145e4fe3783533d68187e1d98c .iconbox_icon.avia-svg-icon svg:first-child{\nfill:#ffffff;\nstroke:#ffffff;\n}\n<\/style>\n<article  class='iconbox iconbox_top av-av_icon_box-67f000145e4fe3783533d68187e1d98c  avia-builder-el-7  el_after_av_hr  avia-builder-el-last  main_color'  itemscope=\"itemscope\" itemtype=\"https:\/\/schema.org\/CreativeWork\" ><div class=\"iconbox_content\"><header class=\"entry-content-header\" aria-label=\"Icon: DIRECTION\"><div class='iconbox_icon heading-color avia-svg-icon avia-font-svg_entypo-fontello' data-av_svg_icon='location' data-av_iconset='svg_entypo-fontello' ><svg version=\"1.1\" xmlns=\"http:\/\/www.w3.org\/2000\/svg\" width=\"16\" height=\"32\" viewBox=\"0 0 16 32\" preserveAspectRatio=\"xMidYMid meet\" aria-labelledby='av-svg-title-1' aria-describedby='av-svg-desc-1' role=\"graphics-symbol\">\n<title id='av-svg-title-1'>Location<\/title>\n<desc id='av-svg-desc-1'>Location<\/desc>\n<path d=\"M8 3.2q3.328 0 5.664 2.336t2.336 5.664q0 3.392-1.984 7.776t-4.032 7.136l-1.984 2.688q-0.32-0.384-0.864-1.12t-1.92-2.848-2.432-4.16-1.92-4.704-0.864-4.768q0-3.328 2.336-5.664t5.664-2.336zM8 15.616q1.792 0 3.072-1.28t1.28-3.072-1.28-3.040-3.072-1.248-3.040 1.248-1.248 3.040 1.248 3.072 3.040 1.28z\"><\/path>\n<\/svg><\/div><h3 class='iconbox_content_title '  itemprop=\"headline\" >DIRECTION<\/h3><\/header><div class='iconbox_content_container '  itemprop=\"text\" ><h6 style=\"text-align: center; color: #000000;\">EIN 38-4308937<\/h6>\n<h6 style=\"text-align: center; color: #000000;\">2655 Le Jeune Rd. Suite 810,<br \/>\nMiami, FL 33134 USA<\/h6>\n<\/div><\/div><footer class=\"entry-footer\"><\/footer><\/article><\/p><\/div><div  class='flex_column av-av_three_fifth-0aea53b2b2b1640975a748149304d755 av_three_fifth  avia-builder-el-8  el_after_av_two_fifth  avia-builder-el-last  flex_column_div  column-top-margin'     ><div id='av-masonry-1' class='av-masonry av-av_masonry_gallery-cfe3499760d58c79f8f1c67d32582727 noHover av-fixed-size av-large-gap av-hover-overlay- av-masonry-animation-active av-masonry-col-3 av-caption-always av-caption-style- av-masonry-gallery ' data-post_id=\"3089\"><div class=\"av-masonry-container isotope av-js-disabled\"><div class='av-masonry-entry isotope-item av-masonry-item-no-image '><\/div><a href=\"https:\/\/air-marine-int.com\/wp-content\/uploads\/2025\/05\/Captura-de-pantalla-2025-05-27-a-las-10.38.22-595x1030.png\" data-srcset=\"https:\/\/air-marine-int.com\/wp-content\/uploads\/2025\/05\/Captura-de-pantalla-2025-05-27-a-las-10.38.22-595x1030.png 595w, https:\/\/air-marine-int.com\/wp-content\/uploads\/2025\/05\/Captura-de-pantalla-2025-05-27-a-las-10.38.22-173x300.png 173w, https:\/\/air-marine-int.com\/wp-content\/uploads\/2025\/05\/Captura-de-pantalla-2025-05-27-a-las-10.38.22-768x1329.png 768w, https:\/\/air-marine-int.com\/wp-content\/uploads\/2025\/05\/Captura-de-pantalla-2025-05-27-a-las-10.38.22-887x1536.png 887w, https:\/\/air-marine-int.com\/wp-content\/uploads\/2025\/05\/Captura-de-pantalla-2025-05-27-a-las-10.38.22-867x1500.png 867w, https:\/\/air-marine-int.com\/wp-content\/uploads\/2025\/05\/Captura-de-pantalla-2025-05-27-a-las-10.38.22-407x705.png 407w, https:\/\/air-marine-int.com\/wp-content\/uploads\/2025\/05\/Captura-de-pantalla-2025-05-27-a-las-10.38.22.png 1160w\" data-sizes=\"(max-width: 595px) 100vw, 595px\"  aria-label=\"image Captura de pantalla 2025-05-27 a las 10.38.22\"  id='av-masonry-1-item-3043' data-av-masonry-item='3043' class='av-masonry-entry isotope-item post-3043 attachment type-attachment status-inherit hentry  av-masonry-item-with-image av-portrait-img' title=\"Captura de pantalla 2025-05-27 a las 10.38.22\" alt=\"\"    itemprop=\"thumbnailUrl\" ><div class='av-inner-masonry-sizer'><\/div><figure class='av-inner-masonry main_color'><div class=\"av-masonry-outerimage-container\"><div class='av-masonry-image-container' style=\"background-image: url(https:\/\/air-marine-int.com\/wp-content\/uploads\/2025\/05\/Captura-de-pantalla-2025-05-27-a-las-10.38.22-407x705.png);\"  title=\"Captura de pantalla 2025-05-27 a las 10.38.22\" ><\/div><\/div><\/figure><\/a><!--end av-masonry entry--><a href=\"https:\/\/air-marine-int.com\/wp-content\/uploads\/2025\/05\/Captura-de-pantalla-2025-05-27-a-las-10.39.01-577x1030.png\" data-srcset=\"https:\/\/air-marine-int.com\/wp-content\/uploads\/2025\/05\/Captura-de-pantalla-2025-05-27-a-las-10.39.01-577x1030.png 577w, https:\/\/air-marine-int.com\/wp-content\/uploads\/2025\/05\/Captura-de-pantalla-2025-05-27-a-las-10.39.01-168x300.png 168w, https:\/\/air-marine-int.com\/wp-content\/uploads\/2025\/05\/Captura-de-pantalla-2025-05-27-a-las-10.39.01-768x1371.png 768w, https:\/\/air-marine-int.com\/wp-content\/uploads\/2025\/05\/Captura-de-pantalla-2025-05-27-a-las-10.39.01-860x1536.png 860w, https:\/\/air-marine-int.com\/wp-content\/uploads\/2025\/05\/Captura-de-pantalla-2025-05-27-a-las-10.39.01-1147x2048.png 1147w, https:\/\/air-marine-int.com\/wp-content\/uploads\/2025\/05\/Captura-de-pantalla-2025-05-27-a-las-10.39.01-840x1500.png 840w, https:\/\/air-marine-int.com\/wp-content\/uploads\/2025\/05\/Captura-de-pantalla-2025-05-27-a-las-10.39.01-395x705.png 395w, https:\/\/air-marine-int.com\/wp-content\/uploads\/2025\/05\/Captura-de-pantalla-2025-05-27-a-las-10.39.01.png 1194w\" data-sizes=\"(max-width: 577px) 100vw, 577px\"  aria-label=\"image Captura de pantalla 2025-05-27 a las 10.39.01\"  id='av-masonry-1-item-3046' data-av-masonry-item='3046' class='av-masonry-entry isotope-item post-3046 attachment type-attachment status-inherit hentry  av-masonry-item-with-image av-portrait-img' title=\"Captura de pantalla 2025-05-27 a las 10.39.01\" alt=\"\"    itemprop=\"thumbnailUrl\" ><div class='av-inner-masonry-sizer'><\/div><figure class='av-inner-masonry main_color'><div class=\"av-masonry-outerimage-container\"><div class='av-masonry-image-container' style=\"background-image: url(https:\/\/air-marine-int.com\/wp-content\/uploads\/2025\/05\/Captura-de-pantalla-2025-05-27-a-las-10.39.01-395x705.png);\"  title=\"Captura de pantalla 2025-05-27 a las 10.39.01\" ><\/div><\/div><\/figure><\/a><!--end av-masonry entry--><a href=\"https:\/\/air-marine-int.com\/wp-content\/uploads\/2025\/05\/Captura-de-pantalla-2025-05-27-a-las-10.39.26-769x1030.png\" data-srcset=\"https:\/\/air-marine-int.com\/wp-content\/uploads\/2025\/05\/Captura-de-pantalla-2025-05-27-a-las-10.39.26-769x1030.png 769w, https:\/\/air-marine-int.com\/wp-content\/uploads\/2025\/05\/Captura-de-pantalla-2025-05-27-a-las-10.39.26-224x300.png 224w, https:\/\/air-marine-int.com\/wp-content\/uploads\/2025\/05\/Captura-de-pantalla-2025-05-27-a-las-10.39.26-768x1029.png 768w, https:\/\/air-marine-int.com\/wp-content\/uploads\/2025\/05\/Captura-de-pantalla-2025-05-27-a-las-10.39.26-1147x1536.png 1147w, https:\/\/air-marine-int.com\/wp-content\/uploads\/2025\/05\/Captura-de-pantalla-2025-05-27-a-las-10.39.26-1529x2048.png 1529w, https:\/\/air-marine-int.com\/wp-content\/uploads\/2025\/05\/Captura-de-pantalla-2025-05-27-a-las-10.39.26-1120x1500.png 1120w, https:\/\/air-marine-int.com\/wp-content\/uploads\/2025\/05\/Captura-de-pantalla-2025-05-27-a-las-10.39.26-526x705.png 526w, https:\/\/air-marine-int.com\/wp-content\/uploads\/2025\/05\/Captura-de-pantalla-2025-05-27-a-las-10.39.26.png 1574w\" data-sizes=\"(max-width: 769px) 100vw, 769px\"  aria-label=\"image Captura de pantalla 2025-05-27 a las 10.39.26\"  id='av-masonry-1-item-3049' data-av-masonry-item='3049' class='av-masonry-entry isotope-item post-3049 attachment type-attachment status-inherit hentry  av-masonry-item-with-image av-grid-img' title=\"Captura de pantalla 2025-05-27 a las 10.39.26\" alt=\"\"    itemprop=\"thumbnailUrl\" ><div class='av-inner-masonry-sizer'><\/div><figure class='av-inner-masonry main_color'><div class=\"av-masonry-outerimage-container\"><div class='av-masonry-image-container' style=\"background-image: url(https:\/\/air-marine-int.com\/wp-content\/uploads\/2025\/05\/Captura-de-pantalla-2025-05-27-a-las-10.39.26-526x705.png);\"  title=\"Captura de pantalla 2025-05-27 a las 10.39.26\" ><\/div><\/div><\/figure><\/a><!--end av-masonry entry--><a href=\"https:\/\/air-marine-int.com\/wp-content\/uploads\/2025\/05\/Captura-de-pantalla-2025-05-27-a-las-10.42.01-797x1030.png\" data-srcset=\"https:\/\/air-marine-int.com\/wp-content\/uploads\/2025\/05\/Captura-de-pantalla-2025-05-27-a-las-10.42.01-797x1030.png 797w, https:\/\/air-marine-int.com\/wp-content\/uploads\/2025\/05\/Captura-de-pantalla-2025-05-27-a-las-10.42.01-232x300.png 232w, https:\/\/air-marine-int.com\/wp-content\/uploads\/2025\/05\/Captura-de-pantalla-2025-05-27-a-las-10.42.01-768x993.png 768w, https:\/\/air-marine-int.com\/wp-content\/uploads\/2025\/05\/Captura-de-pantalla-2025-05-27-a-las-10.42.01-1188x1536.png 1188w, https:\/\/air-marine-int.com\/wp-content\/uploads\/2025\/05\/Captura-de-pantalla-2025-05-27-a-las-10.42.01-1160x1500.png 1160w, https:\/\/air-marine-int.com\/wp-content\/uploads\/2025\/05\/Captura-de-pantalla-2025-05-27-a-las-10.42.01-545x705.png 545w, https:\/\/air-marine-int.com\/wp-content\/uploads\/2025\/05\/Captura-de-pantalla-2025-05-27-a-las-10.42.01.png 1558w\" data-sizes=\"(max-width: 797px) 100vw, 797px\"  aria-label=\"image Captura de pantalla 2025-05-27 a las 10.42.01\"  id='av-masonry-1-item-3052' data-av-masonry-item='3052' class='av-masonry-entry isotope-item post-3052 attachment type-attachment status-inherit hentry  av-masonry-item-with-image av-grid-img' title=\"Captura de pantalla 2025-05-27 a las 10.42.01\" alt=\"\"    itemprop=\"thumbnailUrl\" ><div class='av-inner-masonry-sizer'><\/div><figure class='av-inner-masonry main_color'><div class=\"av-masonry-outerimage-container\"><div class='av-masonry-image-container' style=\"background-image: url(https:\/\/air-marine-int.com\/wp-content\/uploads\/2025\/05\/Captura-de-pantalla-2025-05-27-a-las-10.42.01-545x705.png);\"  title=\"Captura de pantalla 2025-05-27 a las 10.42.01\" ><\/div><\/div><\/figure><\/a><!--end av-masonry entry--><a href=\"https:\/\/air-marine-int.com\/wp-content\/uploads\/2025\/05\/Captura-de-pantalla-2025-05-27-a-las-10.42.23-793x1030.png\" data-srcset=\"https:\/\/air-marine-int.com\/wp-content\/uploads\/2025\/05\/Captura-de-pantalla-2025-05-27-a-las-10.42.23-793x1030.png 793w, https:\/\/air-marine-int.com\/wp-content\/uploads\/2025\/05\/Captura-de-pantalla-2025-05-27-a-las-10.42.23-231x300.png 231w, https:\/\/air-marine-int.com\/wp-content\/uploads\/2025\/05\/Captura-de-pantalla-2025-05-27-a-las-10.42.23-768x998.png 768w, https:\/\/air-marine-int.com\/wp-content\/uploads\/2025\/05\/Captura-de-pantalla-2025-05-27-a-las-10.42.23-1182x1536.png 1182w, https:\/\/air-marine-int.com\/wp-content\/uploads\/2025\/05\/Captura-de-pantalla-2025-05-27-a-las-10.42.23-1155x1500.png 1155w, https:\/\/air-marine-int.com\/wp-content\/uploads\/2025\/05\/Captura-de-pantalla-2025-05-27-a-las-10.42.23-543x705.png 543w, https:\/\/air-marine-int.com\/wp-content\/uploads\/2025\/05\/Captura-de-pantalla-2025-05-27-a-las-10.42.23.png 1538w\" data-sizes=\"(max-width: 793px) 100vw, 793px\"  aria-label=\"image Captura de pantalla 2025-05-27 a las 10.42.23\"  id='av-masonry-1-item-3055' data-av-masonry-item='3055' class='av-masonry-entry isotope-item post-3055 attachment type-attachment status-inherit hentry  av-masonry-item-with-image av-grid-img' title=\"Captura de pantalla 2025-05-27 a las 10.42.23\" alt=\"\"    itemprop=\"thumbnailUrl\" ><div class='av-inner-masonry-sizer'><\/div><figure class='av-inner-masonry main_color'><div class=\"av-masonry-outerimage-container\"><div class='av-masonry-image-container' style=\"background-image: url(https:\/\/air-marine-int.com\/wp-content\/uploads\/2025\/05\/Captura-de-pantalla-2025-05-27-a-las-10.42.23-543x705.png);\"  title=\"Captura de pantalla 2025-05-27 a las 10.42.23\" ><\/div><\/div><\/figure><\/a><!--end av-masonry entry--><a href=\"https:\/\/air-marine-int.com\/wp-content\/uploads\/2025\/05\/Captura-de-pantalla-2025-05-27-a-las-10.42.44-795x1030.png\" data-srcset=\"https:\/\/air-marine-int.com\/wp-content\/uploads\/2025\/05\/Captura-de-pantalla-2025-05-27-a-las-10.42.44-795x1030.png 795w, https:\/\/air-marine-int.com\/wp-content\/uploads\/2025\/05\/Captura-de-pantalla-2025-05-27-a-las-10.42.44-231x300.png 231w, https:\/\/air-marine-int.com\/wp-content\/uploads\/2025\/05\/Captura-de-pantalla-2025-05-27-a-las-10.42.44-768x996.png 768w, https:\/\/air-marine-int.com\/wp-content\/uploads\/2025\/05\/Captura-de-pantalla-2025-05-27-a-las-10.42.44-1185x1536.png 1185w, https:\/\/air-marine-int.com\/wp-content\/uploads\/2025\/05\/Captura-de-pantalla-2025-05-27-a-las-10.42.44-1157x1500.png 1157w, https:\/\/air-marine-int.com\/wp-content\/uploads\/2025\/05\/Captura-de-pantalla-2025-05-27-a-las-10.42.44-544x705.png 544w, https:\/\/air-marine-int.com\/wp-content\/uploads\/2025\/05\/Captura-de-pantalla-2025-05-27-a-las-10.42.44.png 1546w\" data-sizes=\"(max-width: 795px) 100vw, 795px\"  aria-label=\"image Captura de pantalla 2025-05-27 a las 10.42.44\"  id='av-masonry-1-item-3058' data-av-masonry-item='3058' class='av-masonry-entry isotope-item post-3058 attachment type-attachment status-inherit hentry  av-masonry-item-with-image av-grid-img' title=\"Captura de pantalla 2025-05-27 a las 10.42.44\" alt=\"\"    itemprop=\"thumbnailUrl\" ><div class='av-inner-masonry-sizer'><\/div><figure class='av-inner-masonry main_color'><div class=\"av-masonry-outerimage-container\"><div class='av-masonry-image-container' style=\"background-image: url(https:\/\/air-marine-int.com\/wp-content\/uploads\/2025\/05\/Captura-de-pantalla-2025-05-27-a-las-10.42.44-544x705.png);\"  title=\"Captura de pantalla 2025-05-27 a las 10.42.44\" ><\/div><\/div><\/figure><\/a><!--end av-masonry entry--><a href=\"https:\/\/air-marine-int.com\/wp-content\/uploads\/2025\/05\/Captura-de-pantalla-2025-05-27-a-las-10.43.03-793x1030.png\" data-srcset=\"https:\/\/air-marine-int.com\/wp-content\/uploads\/2025\/05\/Captura-de-pantalla-2025-05-27-a-las-10.43.03-793x1030.png 793w, https:\/\/air-marine-int.com\/wp-content\/uploads\/2025\/05\/Captura-de-pantalla-2025-05-27-a-las-10.43.03-231x300.png 231w, https:\/\/air-marine-int.com\/wp-content\/uploads\/2025\/05\/Captura-de-pantalla-2025-05-27-a-las-10.43.03-768x997.png 768w, https:\/\/air-marine-int.com\/wp-content\/uploads\/2025\/05\/Captura-de-pantalla-2025-05-27-a-las-10.43.03-1183x1536.png 1183w, https:\/\/air-marine-int.com\/wp-content\/uploads\/2025\/05\/Captura-de-pantalla-2025-05-27-a-las-10.43.03-1155x1500.png 1155w, https:\/\/air-marine-int.com\/wp-content\/uploads\/2025\/05\/Captura-de-pantalla-2025-05-27-a-las-10.43.03-543x705.png 543w, https:\/\/air-marine-int.com\/wp-content\/uploads\/2025\/05\/Captura-de-pantalla-2025-05-27-a-las-10.43.03.png 1542w\" data-sizes=\"(max-width: 793px) 100vw, 793px\"  aria-label=\"image Captura de pantalla 2025-05-27 a las 10.43.03\"  id='av-masonry-1-item-3061' data-av-masonry-item='3061' class='av-masonry-entry isotope-item post-3061 attachment type-attachment status-inherit hentry  av-masonry-item-with-image av-grid-img' title=\"Captura de pantalla 2025-05-27 a las 10.43.03\" alt=\"\"    itemprop=\"thumbnailUrl\" ><div class='av-inner-masonry-sizer'><\/div><figure class='av-inner-masonry main_color'><div class=\"av-masonry-outerimage-container\"><div class='av-masonry-image-container' style=\"background-image: url(https:\/\/air-marine-int.com\/wp-content\/uploads\/2025\/05\/Captura-de-pantalla-2025-05-27-a-las-10.43.03-543x705.png);\"  title=\"Captura de pantalla 2025-05-27 a las 10.43.03\" ><\/div><\/div><\/figure><\/a><!--end av-masonry entry--><\/div><\/div><\/div>\n","protected":false},"excerpt":{"rendered":"","protected":false},"author":2,"featured_media":0,"parent":0,"menu_order":0,"comment_status":"closed","ping_status":"closed","template":"","meta":{"_acf_changed":false,"footnotes":""},"class_list":["post-3089","page","type-page","status-publish","hentry"],"acf":[],"yoast_head":"<!-- This site is optimized with the Yoast SEO plugin v27.5 - https:\/\/yoast.com\/product\/yoast-seo-wordpress\/ -->\n<title>Miami - Air Marine Int<\/title>\n<meta name=\"robots\" content=\"index, follow, max-snippet:-1, max-image-preview:large, max-video-preview:-1\" \/>\n<link rel=\"canonical\" href=\"https:\/\/air-marine-int.com\/es\/miami\/\" \/>\n<meta property=\"og:locale\" content=\"es_ES\" \/>\n<meta property=\"og:type\" content=\"article\" \/>\n<meta property=\"og:title\" content=\"Miami - Air Marine Int\" \/>\n<meta property=\"og:url\" content=\"https:\/\/air-marine-int.com\/es\/miami\/\" \/>\n<meta property=\"og:site_name\" content=\"Air Marine Int\" \/>\n<meta property=\"article:modified_time\" content=\"2025-11-07T08:14:13+00:00\" \/>\n<meta name=\"twitter:card\" content=\"summary_large_image\" \/>\n<meta name=\"twitter:label1\" content=\"Tiempo de lectura\" \/>\n\t<meta name=\"twitter:data1\" content=\"1 minuto\" \/>\n<script type=\"application\/ld+json\" class=\"yoast-schema-graph\">{\"@context\":\"https:\\\/\\\/schema.org\",\"@graph\":[{\"@type\":\"WebPage\",\"@id\":\"https:\\\/\\\/air-marine-int.com\\\/es\\\/miami\\\/\",\"url\":\"https:\\\/\\\/air-marine-int.com\\\/es\\\/miami\\\/\",\"name\":\"Miami - Air Marine Int\",\"isPartOf\":{\"@id\":\"https:\\\/\\\/air-marine-int.com\\\/es\\\/#website\"},\"datePublished\":\"2025-05-27T08:28:03+00:00\",\"dateModified\":\"2025-11-07T08:14:13+00:00\",\"breadcrumb\":{\"@id\":\"https:\\\/\\\/air-marine-int.com\\\/es\\\/miami\\\/#breadcrumb\"},\"inLanguage\":\"es\",\"potentialAction\":[{\"@type\":\"ReadAction\",\"target\":[\"https:\\\/\\\/air-marine-int.com\\\/es\\\/miami\\\/\"]}]},{\"@type\":\"BreadcrumbList\",\"@id\":\"https:\\\/\\\/air-marine-int.com\\\/es\\\/miami\\\/#breadcrumb\",\"itemListElement\":[{\"@type\":\"ListItem\",\"position\":1,\"name\":\"Portada\",\"item\":\"https:\\\/\\\/air-marine-int.com\\\/es\\\/\"},{\"@type\":\"ListItem\",\"position\":2,\"name\":\"Miami\"}]},{\"@type\":\"WebSite\",\"@id\":\"https:\\\/\\\/air-marine-int.com\\\/es\\\/#website\",\"url\":\"https:\\\/\\\/air-marine-int.com\\\/es\\\/\",\"name\":\"Air Marine Int\",\"description\":\"Just another WordPress site\",\"potentialAction\":[{\"@type\":\"SearchAction\",\"target\":{\"@type\":\"EntryPoint\",\"urlTemplate\":\"https:\\\/\\\/air-marine-int.com\\\/es\\\/?s={search_term_string}\"},\"query-input\":{\"@type\":\"PropertyValueSpecification\",\"valueRequired\":true,\"valueName\":\"search_term_string\"}}],\"inLanguage\":\"es\"}]}<\/script>\n<!-- \/ Yoast SEO plugin. -->","yoast_head_json":{"title":"Miami - Air Marine Int","robots":{"index":"index","follow":"follow","max-snippet":"max-snippet:-1","max-image-preview":"max-image-preview:large","max-video-preview":"max-video-preview:-1"},"canonical":"https:\/\/air-marine-int.com\/es\/miami\/","og_locale":"es_ES","og_type":"article","og_title":"Miami - Air Marine Int","og_url":"https:\/\/air-marine-int.com\/es\/miami\/","og_site_name":"Air Marine Int","article_modified_time":"2025-11-07T08:14:13+00:00","twitter_card":"summary_large_image","twitter_misc":{"Tiempo de lectura":"1 minuto"},"schema":{"@context":"https:\/\/schema.org","@graph":[{"@type":"WebPage","@id":"https:\/\/air-marine-int.com\/es\/miami\/","url":"https:\/\/air-marine-int.com\/es\/miami\/","name":"Miami - Air Marine Int","isPartOf":{"@id":"https:\/\/air-marine-int.com\/es\/#website"},"datePublished":"2025-05-27T08:28:03+00:00","dateModified":"2025-11-07T08:14:13+00:00","breadcrumb":{"@id":"https:\/\/air-marine-int.com\/es\/miami\/#breadcrumb"},"inLanguage":"es","potentialAction":[{"@type":"ReadAction","target":["https:\/\/air-marine-int.com\/es\/miami\/"]}]},{"@type":"BreadcrumbList","@id":"https:\/\/air-marine-int.com\/es\/miami\/#breadcrumb","itemListElement":[{"@type":"ListItem","position":1,"name":"Portada","item":"https:\/\/air-marine-int.com\/es\/"},{"@type":"ListItem","position":2,"name":"Miami"}]},{"@type":"WebSite","@id":"https:\/\/air-marine-int.com\/es\/#website","url":"https:\/\/air-marine-int.com\/es\/","name":"Air Marine Int","description":"Just another WordPress site","potentialAction":[{"@type":"SearchAction","target":{"@type":"EntryPoint","urlTemplate":"https:\/\/air-marine-int.com\/es\/?s={search_term_string}"},"query-input":{"@type":"PropertyValueSpecification","valueRequired":true,"valueName":"search_term_string"}}],"inLanguage":"es"}]}},"_links":{"self":[{"href":"https:\/\/air-marine-int.com\/es\/wp-json\/wp\/v2\/pages\/3089","targetHints":{"allow":["GET"]}}],"collection":[{"href":"https:\/\/air-marine-int.com\/es\/wp-json\/wp\/v2\/pages"}],"about":[{"href":"https:\/\/air-marine-int.com\/es\/wp-json\/wp\/v2\/types\/page"}],"author":[{"embeddable":true,"href":"https:\/\/air-marine-int.com\/es\/wp-json\/wp\/v2\/users\/2"}],"replies":[{"embeddable":true,"href":"https:\/\/air-marine-int.com\/es\/wp-json\/wp\/v2\/comments?post=3089"}],"version-history":[{"count":0,"href":"https:\/\/air-marine-int.com\/es\/wp-json\/wp\/v2\/pages\/3089\/revisions"}],"wp:attachment":[{"href":"https:\/\/air-marine-int.com\/es\/wp-json\/wp\/v2\/media?parent=3089"}],"curies":[{"name":"wp","href":"https:\/\/api.w.org\/{rel}","templated":true}]}}