{"id":3911,"date":"2025-10-13T13:29:44","date_gmt":"2025-10-13T13:29:44","guid":{"rendered":"https:\/\/air-marine-int.com\/consulta-medica\/"},"modified":"2025-11-06T13:50:56","modified_gmt":"2025-11-06T13:50:56","slug":"consulta-medica","status":"publish","type":"page","link":"https:\/\/air-marine-int.com\/es\/consulta-medica\/","title":{"rendered":"Consulta M\u00e9dica"},"content":{"rendered":"<div id='av-layout-grid-1'  class='av-layout-grid-container av-1jevzx-3330558129402b3ee3ff317f49beb5cc entry-content-wrapper main_color av-flex-cells  avia-builder-el-0  el_before_av_section  avia-builder-el-first   container_wrap fullsize'  >\n\n<style type=\"text\/css\" data-created_by=\"avia_inline_auto\" id=\"style-css-av-dyy7pp-6bd45262332379121cf493bca7e5e9fd\">\n.flex_cell.av-dyy7pp-6bd45262332379121cf493bca7e5e9fd{\nvertical-align:middle;\nbackground-color:rgba(92,193,185,0.2);\n}\n<\/style>\n<div class='flex_cell av-dyy7pp-6bd45262332379121cf493bca7e5e9fd av-gridrow-cell av_two_fifth no_margin  avia-builder-el-1  el_before_av_cell_three_fifth  avia-builder-el-first  content-align-middle avia-full-contain'  ><div class='flex_cell_inner'><div  class='flex_column av-chu4u5-e7ad83df87e22e54b0f601782ec3f657 av_one_full  avia-builder-el-2  avia-builder-el-no-sibling  first flex_column_div  '     ><style type=\"text\/css\" data-created_by=\"avia_inline_auto\" id=\"style-css-av-avxatp-0e06408c7834cd4c43c45967d0915c9b\">\n.avia-image-container.av-avxatp-0e06408c7834cd4c43c45967d0915c9b img.avia_image{\nbox-shadow:none;\n}\n.avia-image-container.av-avxatp-0e06408c7834cd4c43c45967d0915c9b .av-image-caption-overlay-center{\ncolor:#ffffff;\n}\n<\/style>\n<div  class='avia-image-container av-avxatp-0e06408c7834cd4c43c45967d0915c9b av-styling- avia-align-center  avia-builder-el-3  avia-builder-el-no-sibling '   itemprop=\"image\" itemscope=\"itemscope\" itemtype=\"https:\/\/schema.org\/ImageObject\" ><div class=\"avia-image-container-inner\"><div class=\"avia-image-overlay-wrap\"><img decoding=\"async\" fetchpriority=\"high\" class='wp-image-3580 avia-img-lazy-loading-not-3580 avia_image ' src=\"https:\/\/air-marine-int.com\/wp-content\/uploads\/2025\/10\/FotoTitular-ConsultaMedica-AirMarine-2.png\" alt='' title='FotoTitular-ConsultaMedica-AirMarine-2'  height=\"800\" width=\"911\"  itemprop=\"thumbnailUrl\" srcset=\"https:\/\/air-marine-int.com\/wp-content\/uploads\/2025\/10\/FotoTitular-ConsultaMedica-AirMarine-2.png 911w, https:\/\/air-marine-int.com\/wp-content\/uploads\/2025\/10\/FotoTitular-ConsultaMedica-AirMarine-2-300x263.png 300w, https:\/\/air-marine-int.com\/wp-content\/uploads\/2025\/10\/FotoTitular-ConsultaMedica-AirMarine-2-768x674.png 768w, https:\/\/air-marine-int.com\/wp-content\/uploads\/2025\/10\/FotoTitular-ConsultaMedica-AirMarine-2-705x619.png 705w\" sizes=\"(max-width: 911px) 100vw, 911px\" \/><\/div><\/div><\/div><\/div>\n<\/div><\/div>\n<style type=\"text\/css\" data-created_by=\"avia_inline_auto\" id=\"style-css-av-9osvh9-42aa134fe713dec378a3eb9409403cbe\">\n.flex_cell.av-9osvh9-42aa134fe713dec378a3eb9409403cbe{\nvertical-align:middle;\nbackground-color:rgba(92,193,185,0.2);\n}\n.responsive #top #wrap_all .flex_cell.av-9osvh9-42aa134fe713dec378a3eb9409403cbe{\npadding:50px 100px 50px 100px !important;\n}\n<\/style>\n<div class='flex_cell av-9osvh9-42aa134fe713dec378a3eb9409403cbe av-gridrow-cell av_three_fifth no_margin  avia-builder-el-4  el_after_av_cell_two_fifth  avia-builder-el-last  content-align-middle avia-full-contain'  ><div class='flex_cell_inner'><div  class='flex_column av-83oz4t-29e6af6ed3c81ef19a15734f755038bc av_one_full  avia-builder-el-5  avia-builder-el-no-sibling  first flex_column_div  '     ><section  class='av_textblock_section av-mgp5yh66-200ceb5caf140ce394e71701cd9c1b67 '   itemscope=\"itemscope\" itemtype=\"https:\/\/schema.org\/CreativeWork\" ><div class='avia_textblock'  itemprop=\"text\" ><h1 style=\"text-align: center; font-size: 40pt; color: #5cc1b9;\">CONSULTA M\u00c9DICA<\/h1>\n<\/div><\/section><br \/>\n<section  class='av_textblock_section av-mgqea3mg-3a4282129db7ed772424edd444dcbef5 '   itemscope=\"itemscope\" itemtype=\"https:\/\/schema.org\/CreativeWork\" ><div class='avia_textblock'  itemprop=\"text\" ><h2 style=\"text-align: center; font-weight: 500;\">Fortea Vitalis<\/h2>\n<\/div><\/section><br \/>\n<section  class='av_textblock_section av-mgp5zpcz-8c36262373491b3570dcbb55f7b90a10 '   itemscope=\"itemscope\" itemtype=\"https:\/\/schema.org\/CreativeWork\" ><div class='avia_textblock'  itemprop=\"text\" ><p style=\"text-align: center; font-size: 18pt; line-height: 1.3;\">La Dra. Fortea, con m\u00e1s de 20 a\u00f1os de experiencia en Medicina Regenerativa, Cirug\u00eda Ortop\u00e9dica y traumatolog\u00eda, ofrece tratamientos de infiltraci\u00f3n altamente especializados y efectivos para aligerar el dolor articular y la regeneraci\u00f3n de tejidos.<\/p>\n<\/div><\/section><\/p><\/div>\n<\/div><\/div><\/div><div id='av_section_1'  class='avia-section av-59vmz1-169d385abd7581920fd9fe4857629817 main_color avia-section-default avia-no-border-styling  avia-builder-el-9  el_after_av_layout_row  el_before_av_section  av-small-hide av-mini-hide avia-bg-style-scroll container_wrap fullsize'  ><div class='container av-section-cont-open' ><div class='template-page content  av-content-full alpha units'><div class='post-entry post-entry-type-page post-entry-3911'><div class='entry-content-wrapper clearfix'>\n<div  class='flex_column av-4o6dz1-edb92dc10019bb7391f2da580b807ea3 av_one_full  avia-builder-el-10  avia-builder-el-no-sibling  first flex_column_div  '     ><style type=\"text\/css\" data-created_by=\"avia_inline_auto\" id=\"style-css-av-mgp606n6-c46c2bdfec310d1cacca9ec571cd780d\">\n#top .av_textblock_section.av-mgp606n6-c46c2bdfec310d1cacca9ec571cd780d .avia_textblock{\nfont-size:15px;\n}\n<\/style>\n<section  class='av_textblock_section av-mgp606n6-c46c2bdfec310d1cacca9ec571cd780d '   itemscope=\"itemscope\" itemtype=\"https:\/\/schema.org\/CreativeWork\" ><div class='avia_textblock'  itemprop=\"text\" ><blockquote>\n<p style=\"text-align: center;\">Sus opciones incluyen infiltraciones de\u00a0PRP\u00a0(factor de crecimiento), \u00e1cido hialur\u00f3nico y monocitos, cada una aplicado para abordar necesidades espec\u00edficas y adaptarse en varias lesiones y condiciones articulares y musculares.<\/p>\n<\/blockquote>\n<\/div><\/section><br \/>\n\n<style type=\"text\/css\" data-created_by=\"avia_inline_auto\" id=\"style-css-av-36488t-ba35e4dfae020679ff3393701f73859d\">\n#top .hr.hr-invisible.av-36488t-ba35e4dfae020679ff3393701f73859d{\nheight:20px;\n}\n<\/style>\n<div  class='hr av-36488t-ba35e4dfae020679ff3393701f73859d hr-invisible  avia-builder-el-12  el_after_av_textblock  el_before_av_textblock '><span class='hr-inner '><span class=\"hr-inner-style\"><\/span><\/span><\/div><br \/>\n<section  class='av_textblock_section av-mgp64txm-82ff7a73f6c2ca795cf660a39fe27e49 '   itemscope=\"itemscope\" itemtype=\"https:\/\/schema.org\/CreativeWork\" ><div class='avia_textblock'  itemprop=\"text\" ><ol>\n<li><strong>Infiltraciones de PRP (Plasma Rico en Plaquetas):<\/strong> Este tratamiento utiliza factores de crecimiento derivados de la propia sangre del paciente para estimular la regeneraci\u00f3n y reparaci\u00f3n de tejidos. Es ideal para lesiones deportivas, tendinitis y artrosis en todas las etapas.<\/li>\n<li><strong>Infiltraciones de \u00c1cido Hialur\u00f3nico:<\/strong> Este m\u00e9todo ayuda a mejorar la lubricaci\u00f3n y la amortiguaci\u00f3n de las articulaciones, reduciendo el dolor y mejorando la movilidad, especialmente en casos de desgaste articular como la artrosis. Es una opci\u00f3n no invasiva y segura para el tratamiento de condiciones articulares degenerativas.<\/li>\n<li><strong>Infiltraciones de monocitos:<\/strong> Este tratamiento se basa en la aplicaci\u00f3n de c\u00e9lulas inmunitarias que ayudan a reducir la inflamaci\u00f3n cr\u00f3nica y favorecen la reparaci\u00f3n de tejidos en lesiones articulares y musculares m\u00e1s complejas. Es particularmente \u00fatil en lesiones con inflamaci\u00f3n cr\u00f3nica de larga evoluci\u00f3n.<\/li>\n<\/ol>\n<\/div><\/section><br \/>\n\n<style type=\"text\/css\" data-created_by=\"avia_inline_auto\" id=\"style-css-av-4hijpp-a50e1f1b106d8df4e2fa07a7413d48ad\">\n#top .hr.hr-invisible.av-4hijpp-a50e1f1b106d8df4e2fa07a7413d48ad{\nheight:20px;\n}\n<\/style>\n<div  class='hr av-4hijpp-a50e1f1b106d8df4e2fa07a7413d48ad hr-invisible  avia-builder-el-14  el_after_av_textblock  el_before_av_hr '><span class='hr-inner '><span class=\"hr-inner-style\"><\/span><\/span><\/div><br \/>\n\n<style type=\"text\/css\" data-created_by=\"avia_inline_auto\" id=\"style-css-av-38bbgt-8f62944bb041cecefb088a3f03383e5b\">\n#top .hr.hr-invisible.av-38bbgt-8f62944bb041cecefb088a3f03383e5b{\nheight:20px;\n}\n<\/style>\n<div  class='hr av-38bbgt-8f62944bb041cecefb088a3f03383e5b hr-invisible  avia-builder-el-15  el_after_av_hr  el_before_av_textblock '><span class='hr-inner '><span class=\"hr-inner-style\"><\/span><\/span><\/div><br \/>\n\n<style type=\"text\/css\" data-created_by=\"avia_inline_auto\" id=\"style-css-av-mgp6q334-477d0f8894fdd30a0d401dd919923f52\">\n#top .av_textblock_section.av-mgp6q334-477d0f8894fdd30a0d401dd919923f52 .avia_textblock{\ncolumn-count:2;\ncolumn-gap:20px;\n}\n<\/style>\n<section  class='av_textblock_section av-mgp6q334-477d0f8894fdd30a0d401dd919923f52 '   itemscope=\"itemscope\" itemtype=\"https:\/\/schema.org\/CreativeWork\" ><div class='avia_textblock av_multi_colums'  itemprop=\"text\" ><h4>Infiltraciones de PRP (Plasma Rico en Plaquetas)<\/h4>\n<p>Las infiltraciones de\u00a0<strong>PRP\u00a0<\/strong>(Plasma Rico en Plaquetas) son un tratamiento innovador y natural para la recuperaci\u00f3n y regeneraci\u00f3n de tejidos, especialmente en lesiones musculoesquel\u00e9ticas. Utilizando componentes de la misma sangre del paciente, el PRP estimula la regeneraci\u00f3n de tejidos da\u00f1ados y reduce el dolor y la inflamaci\u00f3n. Este tratamiento es ideal para los que buscan una opci\u00f3n no quir\u00fargica y efectiva para tratar lesiones articulares, tendinitis, y otras afecciones del sistema musculoesquel\u00e9tico.<\/p>\n<p>Con m\u00e1s de 20 a\u00f1os de experiencia en traumatolog\u00eda, la Dra. Monica Fortea cuenta con una reputaci\u00f3n excelente en el manejo de este tipo de terapias avanzadas. Su vasta trayectoria y su enfoque personalizado brindan a los pacientes la confianza que est\u00e1n en manos expertas.<\/p>\n<p>El tratamiento est\u00e1ndar con\u00a0PRP\u00a0consta de tres sesiones, con un coste de entre 600 y 800 euros por sesi\u00f3n. Este r\u00e9gimen completo permite obtener los m\u00e1ximos beneficios en cuanto a recuperaci\u00f3n y alivio del dolor, mejorando significativamente la calidad de vida de sus pacientes.<\/p>\n<h4>Infiltraciones de \u00e1cido hialur\u00f3nico<\/h4>\n<p>Las infiltraciones de \u00e1cido hialur\u00f3nico son un tratamiento eficaz y no invasivo que ayuda a reducir el dolor articular y mejorar la movilidad, especialmente en casos de artrosis u otros problemas de desgaste articular. El \u00e1cido hialur\u00f3nico act\u00faa como un lubricante natural y amortiguador dentro de las articulaciones, cosa que permite un mejor movimiento y alivio del dolor. Esta terapia es ideal para los que buscan una alternativa no quir\u00fargica que los permita recuperar la calidad de vida.<\/p>\n<p>La Dra. Fortea ofrece tres tipos de tratamientos con \u00e1cido hialur\u00f3nico, cada uno con diferentes dosis y precios:<\/p>\n<ol>\n<li><strong>Tratamiento en tres dosis:<\/strong> Consiste a aplicar \u00e1cido hialur\u00f3nico en tres sesiones para mejorar gradualmente la hidrataci\u00f3n y el volumen de la piel. Cada sesi\u00f3n tiene un coste de 75\u202f\u20ac (total: 225\u202f\u20ac).<\/li>\n<li><strong>Tratamiento Plus Fortea:<\/strong> Este tratamiento intensivo se aplica a dos dosis, dise\u00f1adas para conseguir resultados m\u00e1s notorios en menos tiempo. Cada dosis tiene un coste de 180 \u20ac (total: 360 \u20ac).<\/li>\n<li><strong>Monodosis:<\/strong> Es un tratamiento \u00fanico y m\u00e1s concentrado, ideal para los que buscan resultados inmediatos en una sola sesi\u00f3n. El coste de esta monodosis es de 400 \u20ac.<\/li>\n<\/ol>\n<p><strong>Cada opci\u00f3n permite personalizar el tratamiento seg\u00fan el presupuesto y el nivel de resultados deseados.<\/strong><\/p>\n<h4>Infiltraciones de monocitos<\/h4>\n<p>Las infiltraciones de monocitos representan un tratamiento avanzado y altamente efectivo para reducir la inflamaci\u00f3n cr\u00f3nica y promover la reparaci\u00f3n de tejidos en casos de lesiones articulares y musculares complejas. Este m\u00e9todo utiliza c\u00e9lulas inmunitarias para disminuir la inflamaci\u00f3n persistente y estimular la regeneraci\u00f3n del tejido afectado. Es especialmente beneficioso para pacientes con inflamaci\u00f3n cr\u00f3nica que no han respondido adecuadamente otros tratamientos.<\/p>\n<p>La Dra. Monica Fortea, traumat\u00f3loga de gran prestigio y con m\u00e1s de dos d\u00e9cadas de experiencia, ofrece esta terapia avanzada con los est\u00e1ndares m\u00e1s altos de calidad y atenci\u00f3n. Este tratamiento consta de una sola sesi\u00f3n y tiene un precio que var\u00eda entre 2.100 y 2.500 euros, garantizando una cura exhaustiva y resultados \u00f3ptimos para los pacientes.<\/p>\n<\/div><\/section><\/p><\/div><\/div><\/div><\/div><!-- close content main div --><\/div><\/div><div id='av_section_2'  class='avia-section av-mgrpbs2u-fab7163253a51bb225809a4b013b5706 main_color avia-section-default avia-no-border-styling  avia-builder-el-17  el_after_av_section  avia-builder-el-last  av-desktop-hide av-medium-hide avia-bg-style-scroll container_wrap fullsize'  ><div class='container av-section-cont-open' ><div class='template-page content  av-content-full alpha units'><div class='post-entry post-entry-type-page post-entry-3911'><div class='entry-content-wrapper clearfix'>\n<div  class='flex_column av-av_one_full-a93934ecd89fbb8a9566d39e89cd3725 av_one_full  avia-builder-el-18  avia-builder-el-no-sibling  first flex_column_div  '     ><style type=\"text\/css\" data-created_by=\"avia_inline_auto\" id=\"style-css-av-mhngs5wy-831847573d10e92995409ee2fbcc1f13\">\n#top .av_textblock_section.av-mhngs5wy-831847573d10e92995409ee2fbcc1f13 .avia_textblock{\nfont-size:15px;\n}\n<\/style>\n<section  class='av_textblock_section av-mhngs5wy-831847573d10e92995409ee2fbcc1f13 '   itemscope=\"itemscope\" itemtype=\"https:\/\/schema.org\/CreativeWork\" ><div class='avia_textblock'  itemprop=\"text\" ><blockquote>\n<p style=\"text-align: center;\">Sus opciones incluyen infiltraciones de\u00a0PRP\u00a0(factor de crecimiento), \u00e1cido hialur\u00f3nico y monocitos, cada una aplicado para abordar necesidades espec\u00edficas y adaptarse en varias lesiones y condiciones articulares y musculares.<\/p>\n<\/blockquote>\n<\/div><\/section><br \/>\n\n<style type=\"text\/css\" data-created_by=\"avia_inline_auto\" id=\"style-css-av-av_hr-02349c1beab2949c090bc0e85b87d63d\">\n#top .hr.hr-invisible.av-av_hr-02349c1beab2949c090bc0e85b87d63d{\nheight:20px;\n}\n<\/style>\n<div  class='hr av-av_hr-02349c1beab2949c090bc0e85b87d63d hr-invisible  avia-builder-el-20  el_after_av_textblock  el_before_av_textblock '><span class='hr-inner '><span class=\"hr-inner-style\"><\/span><\/span><\/div><br \/>\n<section  class='av_textblock_section av-mhngsht8-e016078c72e8236569194e0162832fd4 '   itemscope=\"itemscope\" itemtype=\"https:\/\/schema.org\/CreativeWork\" ><div class='avia_textblock'  itemprop=\"text\" ><ol>\n<li><strong>Infiltraciones de PRP (Plasma Rico en Plaquetas):<\/strong> Este tratamiento utiliza factores de crecimiento derivados de la propia sangre del paciente para estimular la regeneraci\u00f3n y reparaci\u00f3n de tejidos. Es ideal para lesiones deportivas, tendinitis y artrosis en todas las etapas.<\/li>\n<li><strong>Infiltraciones de \u00c1cido Hialur\u00f3nico:<\/strong> Este m\u00e9todo ayuda a mejorar la lubricaci\u00f3n y la amortiguaci\u00f3n de las articulaciones, reduciendo el dolor y mejorando la movilidad, especialmente en casos de desgaste articular como la artrosis. Es una opci\u00f3n no invasiva y segura para el tratamiento de condiciones articulares degenerativas.<\/li>\n<li><strong>Infiltraciones de monocitos:<\/strong> Este tratamiento se basa en la aplicaci\u00f3n de c\u00e9lulas inmunitarias que ayudan a reducir la inflamaci\u00f3n cr\u00f3nica y favorecen la reparaci\u00f3n de tejidos en lesiones articulares y musculares m\u00e1s complejas. Es particularmente \u00fatil en lesiones con inflamaci\u00f3n cr\u00f3nica de larga evoluci\u00f3n.<\/li>\n<\/ol>\n<\/div><\/section><br \/>\n\n<style type=\"text\/css\" data-created_by=\"avia_inline_auto\" id=\"style-css-av-av_hr-02349c1beab2949c090bc0e85b87d63d\">\n#top .hr.hr-invisible.av-av_hr-02349c1beab2949c090bc0e85b87d63d{\nheight:20px;\n}\n<\/style>\n<div  class='hr av-av_hr-02349c1beab2949c090bc0e85b87d63d hr-invisible  avia-builder-el-22  el_after_av_textblock  el_before_av_hr '><span class='hr-inner '><span class=\"hr-inner-style\"><\/span><\/span><\/div><br \/>\n\n<style type=\"text\/css\" data-created_by=\"avia_inline_auto\" id=\"style-css-av-av_hr-02349c1beab2949c090bc0e85b87d63d\">\n#top .hr.hr-invisible.av-av_hr-02349c1beab2949c090bc0e85b87d63d{\nheight:20px;\n}\n<\/style>\n<div  class='hr av-av_hr-02349c1beab2949c090bc0e85b87d63d hr-invisible  avia-builder-el-23  el_after_av_hr  el_before_av_textblock '><span class='hr-inner '><span class=\"hr-inner-style\"><\/span><\/span><\/div><br \/>\n<section  class='av_textblock_section av-mgrpbxib-75c7609cb4b02234b6baeecef7d68821 '   itemscope=\"itemscope\" itemtype=\"https:\/\/schema.org\/CreativeWork\" ><div class='avia_textblock'  itemprop=\"text\" ><h4>Infiltraciones de PRP (Plasma Rico en Plaquetas)<\/h4>\n<p>Las infiltraciones de\u00a0<strong>PRP\u00a0<\/strong>(Plasma Rico en Plaquetas) son un tratamiento innovador y natural para la recuperaci\u00f3n y regeneraci\u00f3n de tejidos, especialmente en lesiones musculoesquel\u00e9ticas. Utilizando componentes de la misma sangre del paciente, el PRP estimula la regeneraci\u00f3n de tejidos da\u00f1ados y reduce el dolor y la inflamaci\u00f3n. Este tratamiento es ideal para los que buscan una opci\u00f3n no quir\u00fargica y efectiva para tratar lesiones articulares, tendinitis, y otras afecciones del sistema musculoesquel\u00e9tico.<\/p>\n<p>Con m\u00e1s de 20 a\u00f1os de experiencia en traumatolog\u00eda, la Dra. Monica Fortea cuenta con una reputaci\u00f3n excelente en el manejo de este tipo de terapias avanzadas. Su vasta trayectoria y su enfoque personalizado brindan a los pacientes la confianza que est\u00e1n en manos expertas.<\/p>\n<p>El tratamiento est\u00e1ndar con\u00a0PRP\u00a0consta de tres sesiones, con un coste de entre 600 y 800 euros por sesi\u00f3n. Este r\u00e9gimen completo permite obtener los m\u00e1ximos beneficios en cuanto a recuperaci\u00f3n y alivio del dolor, mejorando significativamente la calidad de vida de sus pacientes.<\/p>\n<h4>Infiltraciones de \u00e1cido hialur\u00f3nico<\/h4>\n<p>Las infiltraciones de \u00e1cido hialur\u00f3nico son un tratamiento eficaz y no invasivo que ayuda a reducir el dolor articular y mejorar la movilidad, especialmente en casos de artrosis u otros problemas de desgaste articular. El \u00e1cido hialur\u00f3nico act\u00faa como un lubricante natural y amortiguador dentro de las articulaciones, cosa que permite un mejor movimiento y alivio del dolor. Esta terapia es ideal para los que buscan una alternativa no quir\u00fargica que los permita recuperar la calidad de vida.<\/p>\n<p>La Dra. Fortea ofrece tres tipos de tratamientos con \u00e1cido hialur\u00f3nico, cada uno con diferentes dosis y precios:<\/p>\n<ol>\n<li><strong>Tratamiento en tres dosis:<\/strong> Consiste a aplicar \u00e1cido hialur\u00f3nico en tres sesiones para mejorar gradualmente la hidrataci\u00f3n y el volumen de la piel. Cada sesi\u00f3n tiene un coste de 75\u202f\u20ac (total: 225\u202f\u20ac).<\/li>\n<li><strong>Tratamiento Plus Fortea:<\/strong> Este tratamiento intensivo se aplica a dos dosis, dise\u00f1adas para conseguir resultados m\u00e1s notorios en menos tiempo. Cada dosis tiene un coste de 180 \u20ac (total: 360 \u20ac).<\/li>\n<li><strong>Monodosis:<\/strong> Es un tratamiento \u00fanico y m\u00e1s concentrado, ideal para los que buscan resultados inmediatos en una sola sesi\u00f3n. El coste de esta monodosis es de 400 \u20ac.<\/li>\n<\/ol>\n<p><strong>Cada opci\u00f3n permite personalizar el tratamiento seg\u00fan el presupuesto y el nivel de resultados deseados.<\/strong><\/p>\n<h4>Infiltraciones de monocitos<\/h4>\n<p>Las infiltraciones de monocitos representan un tratamiento avanzado y altamente efectivo para reducir la inflamaci\u00f3n cr\u00f3nica y promover la reparaci\u00f3n de tejidos en casos de lesiones articulares y musculares complejas. Este m\u00e9todo utiliza c\u00e9lulas inmunitarias para disminuir la inflamaci\u00f3n persistente y estimular la regeneraci\u00f3n del tejido afectado. Es especialmente beneficioso para pacientes con inflamaci\u00f3n cr\u00f3nica que no han respondido adecuadamente otros tratamientos.<\/p>\n<p>La Dra. Monica Fortea, traumat\u00f3loga de gran prestigio y con m\u00e1s de dos d\u00e9cadas de experiencia, ofrece esta terapia avanzada con los est\u00e1ndares m\u00e1s altos de calidad y atenci\u00f3n. Este tratamiento consta de una sola sesi\u00f3n y tiene un precio que var\u00eda entre 2.100 y 2.500 euros, garantizando una cura exhaustiva y resultados \u00f3ptimos para los pacientes.<\/p>\n<\/div><\/section><\/p><\/div><\/p>\n","protected":false},"excerpt":{"rendered":"","protected":false},"author":2,"featured_media":0,"parent":0,"menu_order":0,"comment_status":"closed","ping_status":"closed","template":"","meta":{"_acf_changed":false,"footnotes":""},"class_list":["post-3911","page","type-page","status-publish","hentry"],"acf":[],"yoast_head":"<!-- This site is optimized with the Yoast SEO plugin v27.5 - https:\/\/yoast.com\/product\/yoast-seo-wordpress\/ -->\n<title>Consulta M\u00e9dica - Air Marine Int<\/title>\n<meta name=\"robots\" content=\"index, follow, max-snippet:-1, max-image-preview:large, max-video-preview:-1\" \/>\n<link rel=\"canonical\" href=\"https:\/\/air-marine-int.com\/es\/consulta-medica\/\" \/>\n<meta property=\"og:locale\" content=\"es_ES\" \/>\n<meta property=\"og:type\" content=\"article\" \/>\n<meta property=\"og:title\" content=\"Consulta M\u00e9dica - Air Marine Int\" \/>\n<meta property=\"og:url\" content=\"https:\/\/air-marine-int.com\/es\/consulta-medica\/\" \/>\n<meta property=\"og:site_name\" content=\"Air Marine Int\" \/>\n<meta property=\"article:modified_time\" content=\"2025-11-06T13:50:56+00:00\" \/>\n<meta name=\"twitter:card\" content=\"summary_large_image\" \/>\n<meta name=\"twitter:label1\" content=\"Tiempo de lectura\" \/>\n\t<meta name=\"twitter:data1\" content=\"7 minutos\" \/>\n<script type=\"application\/ld+json\" class=\"yoast-schema-graph\">{\"@context\":\"https:\\\/\\\/schema.org\",\"@graph\":[{\"@type\":\"WebPage\",\"@id\":\"https:\\\/\\\/air-marine-int.com\\\/es\\\/consulta-medica\\\/\",\"url\":\"https:\\\/\\\/air-marine-int.com\\\/es\\\/consulta-medica\\\/\",\"name\":\"Consulta M\u00e9dica - Air Marine Int\",\"isPartOf\":{\"@id\":\"https:\\\/\\\/air-marine-int.com\\\/es\\\/#website\"},\"datePublished\":\"2025-10-13T13:29:44+00:00\",\"dateModified\":\"2025-11-06T13:50:56+00:00\",\"breadcrumb\":{\"@id\":\"https:\\\/\\\/air-marine-int.com\\\/es\\\/consulta-medica\\\/#breadcrumb\"},\"inLanguage\":\"es\",\"potentialAction\":[{\"@type\":\"ReadAction\",\"target\":[\"https:\\\/\\\/air-marine-int.com\\\/es\\\/consulta-medica\\\/\"]}]},{\"@type\":\"BreadcrumbList\",\"@id\":\"https:\\\/\\\/air-marine-int.com\\\/es\\\/consulta-medica\\\/#breadcrumb\",\"itemListElement\":[{\"@type\":\"ListItem\",\"position\":1,\"name\":\"Portada\",\"item\":\"https:\\\/\\\/air-marine-int.com\\\/es\\\/\"},{\"@type\":\"ListItem\",\"position\":2,\"name\":\"Consulta M\u00e9dica\"}]},{\"@type\":\"WebSite\",\"@id\":\"https:\\\/\\\/air-marine-int.com\\\/es\\\/#website\",\"url\":\"https:\\\/\\\/air-marine-int.com\\\/es\\\/\",\"name\":\"Air Marine Int\",\"description\":\"Just another WordPress site\",\"potentialAction\":[{\"@type\":\"SearchAction\",\"target\":{\"@type\":\"EntryPoint\",\"urlTemplate\":\"https:\\\/\\\/air-marine-int.com\\\/es\\\/?s={search_term_string}\"},\"query-input\":{\"@type\":\"PropertyValueSpecification\",\"valueRequired\":true,\"valueName\":\"search_term_string\"}}],\"inLanguage\":\"es\"}]}<\/script>\n<!-- \/ Yoast SEO plugin. -->","yoast_head_json":{"title":"Consulta M\u00e9dica - Air Marine Int","robots":{"index":"index","follow":"follow","max-snippet":"max-snippet:-1","max-image-preview":"max-image-preview:large","max-video-preview":"max-video-preview:-1"},"canonical":"https:\/\/air-marine-int.com\/es\/consulta-medica\/","og_locale":"es_ES","og_type":"article","og_title":"Consulta M\u00e9dica - Air Marine Int","og_url":"https:\/\/air-marine-int.com\/es\/consulta-medica\/","og_site_name":"Air Marine Int","article_modified_time":"2025-11-06T13:50:56+00:00","twitter_card":"summary_large_image","twitter_misc":{"Tiempo de lectura":"7 minutos"},"schema":{"@context":"https:\/\/schema.org","@graph":[{"@type":"WebPage","@id":"https:\/\/air-marine-int.com\/es\/consulta-medica\/","url":"https:\/\/air-marine-int.com\/es\/consulta-medica\/","name":"Consulta M\u00e9dica - Air Marine Int","isPartOf":{"@id":"https:\/\/air-marine-int.com\/es\/#website"},"datePublished":"2025-10-13T13:29:44+00:00","dateModified":"2025-11-06T13:50:56+00:00","breadcrumb":{"@id":"https:\/\/air-marine-int.com\/es\/consulta-medica\/#breadcrumb"},"inLanguage":"es","potentialAction":[{"@type":"ReadAction","target":["https:\/\/air-marine-int.com\/es\/consulta-medica\/"]}]},{"@type":"BreadcrumbList","@id":"https:\/\/air-marine-int.com\/es\/consulta-medica\/#breadcrumb","itemListElement":[{"@type":"ListItem","position":1,"name":"Portada","item":"https:\/\/air-marine-int.com\/es\/"},{"@type":"ListItem","position":2,"name":"Consulta M\u00e9dica"}]},{"@type":"WebSite","@id":"https:\/\/air-marine-int.com\/es\/#website","url":"https:\/\/air-marine-int.com\/es\/","name":"Air Marine Int","description":"Just another WordPress site","potentialAction":[{"@type":"SearchAction","target":{"@type":"EntryPoint","urlTemplate":"https:\/\/air-marine-int.com\/es\/?s={search_term_string}"},"query-input":{"@type":"PropertyValueSpecification","valueRequired":true,"valueName":"search_term_string"}}],"inLanguage":"es"}]}},"_links":{"self":[{"href":"https:\/\/air-marine-int.com\/es\/wp-json\/wp\/v2\/pages\/3911","targetHints":{"allow":["GET"]}}],"collection":[{"href":"https:\/\/air-marine-int.com\/es\/wp-json\/wp\/v2\/pages"}],"about":[{"href":"https:\/\/air-marine-int.com\/es\/wp-json\/wp\/v2\/types\/page"}],"author":[{"embeddable":true,"href":"https:\/\/air-marine-int.com\/es\/wp-json\/wp\/v2\/users\/2"}],"replies":[{"embeddable":true,"href":"https:\/\/air-marine-int.com\/es\/wp-json\/wp\/v2\/comments?post=3911"}],"version-history":[{"count":0,"href":"https:\/\/air-marine-int.com\/es\/wp-json\/wp\/v2\/pages\/3911\/revisions"}],"wp:attachment":[{"href":"https:\/\/air-marine-int.com\/es\/wp-json\/wp\/v2\/media?parent=3911"}],"curies":[{"name":"wp","href":"https:\/\/api.w.org\/{rel}","templated":true}]}}